{"id":2439,"date":"2023-06-16T13:39:39","date_gmt":"2023-06-16T11:39:39","guid":{"rendered":"https:\/\/iyni-dispenser.com\/?post_type=product&#038;p=2439"},"modified":"2025-07-07T07:50:48","modified_gmt":"2025-07-07T05:50:48","slug":"distributore-1-colonna-copy","status":"publish","type":"product","link":"https:\/\/iyni-dispenser.com\/it\/product\/distributore-1-colonna-copy\/","title":{"rendered":"1 colonne distributore in acciaio inox, per assorbenti"},"content":{"rendered":"<p><span style=\"color: #ce0931;\"><b>Descrizione<\/b><\/span><\/p>\n<p>Questo dispenser per assorbenti igienici pu\u00f2 contenere fino a 40 assorbenti. Il dispenser \u00e8 realizzato in acciaio inossidabile con rivestimento antimpronta per garantire durata e longevit\u00e0. Si apre con una chiave ed \u00e8 facile da riempire. Si fissa alla parete con 2 viti. Fornito con due chiavi, viti, istruzioni di montaggio e manuale d&#8217;uso.<\/p>\n<p>&nbsp;<\/p>\n<p><b>Tecniche dell&#8217;informazione<\/b><\/p>\n<p><strong>Materiale:<\/strong> Acciaio inox da 1 mm<br \/>\n<strong>Finiture standard:<\/strong> Acciaio inox spazzolato<br \/>\n<strong>Capacit\u00e0:<\/strong> 40 assorbenti<br \/>\n<strong>Dimensioni:<\/strong> 112x350x98 mm (larghezza x altezza x profondit\u00e0)<br \/>\n<strong>Peso:<\/strong> 1,7 kg<br \/>\nMontaggio a parete<br \/>\nRiempimento anteriore<br \/>\nSerratura a chiave<\/p>\n","protected":false},"excerpt":{"rendered":"<p>Questo dispenser per assorbenti igienici pu\u00f2 contenere fino a 40 assorbenti. Il dispenser \u00e8 realizzato in acciaio inossidabile con rivestimento antimpronta per garantire durata e longevit\u00e0. Si apre con una chiave ed \u00e8 facile da riempire. Si fissa alla parete con 2 viti. Fornito con due chiavi, viti, istruzioni di montaggio e manuale d&#8217;uso.<\/p>\n","protected":false},"featured_media":7171,"template":"","meta":{"inline_featured_image":false},"product_brand":[],"product_cat":[54],"product_tag":[],"class_list":{"0":"post-2439","1":"product","2":"type-product","3":"status-publish","4":"has-post-thumbnail","6":"product_cat-distributori","8":"first","9":"instock","10":"taxable","11":"shipping-taxable","12":"purchasable","13":"product-type-simple"},"_links":{"self":[{"href":"https:\/\/iyni-dispenser.com\/it\/wp-json\/wp\/v2\/product\/2439","targetHints":{"allow":["GET"]}}],"collection":[{"href":"https:\/\/iyni-dispenser.com\/it\/wp-json\/wp\/v2\/product"}],"about":[{"href":"https:\/\/iyni-dispenser.com\/it\/wp-json\/wp\/v2\/types\/product"}],"wp:featuredmedia":[{"embeddable":true,"href":"https:\/\/iyni-dispenser.com\/it\/wp-json\/wp\/v2\/media\/7171"}],"wp:attachment":[{"href":"https:\/\/iyni-dispenser.com\/it\/wp-json\/wp\/v2\/media?parent=2439"}],"wp:term":[{"taxonomy":"product_brand","embeddable":true,"href":"https:\/\/iyni-dispenser.com\/it\/wp-json\/wp\/v2\/product_brand?post=2439"},{"taxonomy":"product_cat","embeddable":true,"href":"https:\/\/iyni-dispenser.com\/it\/wp-json\/wp\/v2\/product_cat?post=2439"},{"taxonomy":"product_tag","embeddable":true,"href":"https:\/\/iyni-dispenser.com\/it\/wp-json\/wp\/v2\/product_tag?post=2439"}],"curies":[{"name":"wp","href":"https:\/\/api.w.org\/{rel}","templated":true}]}}