{"id":2204,"date":"2022-07-20T10:31:52","date_gmt":"2022-07-20T08:31:52","guid":{"rendered":"https:\/\/iyni-dispenser.com\/produit\/single-column-dispenser\/"},"modified":"2025-02-19T15:42:04","modified_gmt":"2025-02-19T14:42:04","slug":"single-column-dispenser","status":"publish","type":"product","link":"https:\/\/iyni-dispenser.com\/it\/product\/single-column-dispenser\/","title":{"rendered":"1 colonne distributore, per assorbenti"},"content":{"rendered":"<p><span style=\"color: #ce0931;\"><b>Descrizione<\/b><\/span><\/p>\n<p>Questo dispenser per assorbenti igienici pu\u00f2 contenere fino a 40 assorbenti. Il dispenser \u00e8 realizzato in acciaio zincato verniciato a polvere per garantire resistenza e longevit\u00e0. Si apre con una chiave ed \u00e8 facile da riempire. Si fissa alla parete con 2 viti. Fornito con due chiavi, viti, istruzioni di montaggio e manuale d&#8217;uso.<\/p>\n<p>&nbsp;<\/p>\n<p><b>Tecniche dell&#8217;informazione<\/b><\/p>\n<p><strong>Materiale:<\/strong> Acciaio zincato da 1 mm<br \/>\n<strong>Finiture standard:<\/strong> Verniciato RAL 9003\/RAL 7016<br \/>\n<strong>Capacit\u00e0:<\/strong> 40 assorbenti<br \/>\n<strong>Dimensioni:<\/strong> 112x350x98 mm (larghezza x altezza x profondit\u00e0)<br \/>\n<strong>Peso:<\/strong> 1,7 kg<br \/>\nMontaggio a parete<br \/>\nRiempimento anteriore<br \/>\nSerratura a chiave<\/p>\n","protected":false},"excerpt":{"rendered":"<p>Questo dispenser per assorbenti igienici pu\u00f2 contenere fino a 40 assorbenti. Il dispenser \u00e8 realizzato in acciaio zincato verniciato a polvere per garantire resistenza e longevit\u00e0. Si apre con una chiave ed \u00e8 facile da riempire. Si fissa alla parete con 2 viti. Fornito con due chiavi, viti, istruzioni di montaggio e manuale d&#8217;uso.<\/p>\n","protected":false},"featured_media":7193,"template":"","meta":{"inline_featured_image":false},"product_brand":[],"product_cat":[54],"product_tag":[],"class_list":{"0":"post-2204","1":"product","2":"type-product","3":"status-publish","4":"has-post-thumbnail","6":"product_cat-distributori","8":"first","9":"instock","10":"taxable","11":"shipping-taxable","12":"purchasable","13":"product-type-simple"},"_links":{"self":[{"href":"https:\/\/iyni-dispenser.com\/it\/wp-json\/wp\/v2\/product\/2204","targetHints":{"allow":["GET"]}}],"collection":[{"href":"https:\/\/iyni-dispenser.com\/it\/wp-json\/wp\/v2\/product"}],"about":[{"href":"https:\/\/iyni-dispenser.com\/it\/wp-json\/wp\/v2\/types\/product"}],"wp:featuredmedia":[{"embeddable":true,"href":"https:\/\/iyni-dispenser.com\/it\/wp-json\/wp\/v2\/media\/7193"}],"wp:attachment":[{"href":"https:\/\/iyni-dispenser.com\/it\/wp-json\/wp\/v2\/media?parent=2204"}],"wp:term":[{"taxonomy":"product_brand","embeddable":true,"href":"https:\/\/iyni-dispenser.com\/it\/wp-json\/wp\/v2\/product_brand?post=2204"},{"taxonomy":"product_cat","embeddable":true,"href":"https:\/\/iyni-dispenser.com\/it\/wp-json\/wp\/v2\/product_cat?post=2204"},{"taxonomy":"product_tag","embeddable":true,"href":"https:\/\/iyni-dispenser.com\/it\/wp-json\/wp\/v2\/product_tag?post=2204"}],"curies":[{"name":"wp","href":"https:\/\/api.w.org\/{rel}","templated":true}]}}