{"id":2185,"date":"2022-07-20T11:52:08","date_gmt":"2022-07-20T09:52:08","guid":{"rendered":"https:\/\/iyni-dispenser.com\/produit\/4-column-dispenser\/"},"modified":"2025-02-19T15:38:00","modified_gmt":"2025-02-19T14:38:00","slug":"4-column-dispenser","status":"publish","type":"product","link":"https:\/\/iyni-dispenser.com\/it\/product\/4-column-dispenser\/","title":{"rendered":"4 colonne distributore  per assorbenti, tamponi e tamponi con applicatore"},"content":{"rendered":"<p><span style=\"color: #ce0931;\"><b>Descrizione<\/b><\/span><\/p>\n<p>Questo dispenser di assorbenti e tamponi pu\u00f2 contenere fino a 100 assorbenti igienici, pi\u00f9 di 100 tamponi digitali e 75 tamponi con applicatore. Il dispenser \u00e8 realizzato in acciaio zincato verniciato a polvere per garantire resistenza e durata. Si apre con una chiave ed \u00e8 facile da ricaricare. Si fissa alla parete con 4 viti. Fornito con due chiavi, viti, istruzioni di montaggio e manuale d&#8217;uso.<\/p>\n<p>&nbsp;<\/p>\n<p><b>Tecniche dell&#8217;informazione<\/b><\/p>\n<p><strong>Materiale:<\/strong> Acciaio zincato da 1 mm<br \/>\n<strong>Finiture standard:<\/strong> Acciaio verniciato RAL 9003\/RAL 7016<br \/>\n<strong>Capacit\u00e0:<\/strong> 100 assorbenti, oltre 100 tamponi senza applicatore e 75 assorbenti con applicatore<br \/>\n<strong>Dimensioni:<\/strong> 483x400x98 mm (larghezza x altezza x profondit\u00e0)<br \/>\n<strong>Peso:<\/strong> 5,5 kg<br \/>\nMontaggio a parete<br \/>\nRiempimento anteriore<br \/>\nSerratura a chiave<\/p>\n","protected":false},"excerpt":{"rendered":"<p>Questo dispenser di assorbenti e tamponi pu\u00f2 contenere fino a 100 assorbenti igienici, pi\u00f9 di 100 tamponi digitali e 75 tamponi con applicatore. Il dispenser \u00e8 realizzato in acciaio zincato verniciato a polvere per garantire resistenza e durata. Si apre con una chiave ed \u00e8 facile da ricaricare. Si fissa alla parete con 4 viti. Fornito con due chiavi, viti, istruzioni di montaggio e manuale d&#8217;uso.<\/p>\n","protected":false},"featured_media":7215,"template":"","meta":{"inline_featured_image":false},"product_brand":[],"product_cat":[54],"product_tag":[],"class_list":{"0":"post-2185","1":"product","2":"type-product","3":"status-publish","4":"has-post-thumbnail","6":"product_cat-distributori","8":"first","9":"instock","10":"taxable","11":"shipping-taxable","12":"purchasable","13":"product-type-simple"},"_links":{"self":[{"href":"https:\/\/iyni-dispenser.com\/it\/wp-json\/wp\/v2\/product\/2185","targetHints":{"allow":["GET"]}}],"collection":[{"href":"https:\/\/iyni-dispenser.com\/it\/wp-json\/wp\/v2\/product"}],"about":[{"href":"https:\/\/iyni-dispenser.com\/it\/wp-json\/wp\/v2\/types\/product"}],"wp:featuredmedia":[{"embeddable":true,"href":"https:\/\/iyni-dispenser.com\/it\/wp-json\/wp\/v2\/media\/7215"}],"wp:attachment":[{"href":"https:\/\/iyni-dispenser.com\/it\/wp-json\/wp\/v2\/media?parent=2185"}],"wp:term":[{"taxonomy":"product_brand","embeddable":true,"href":"https:\/\/iyni-dispenser.com\/it\/wp-json\/wp\/v2\/product_brand?post=2185"},{"taxonomy":"product_cat","embeddable":true,"href":"https:\/\/iyni-dispenser.com\/it\/wp-json\/wp\/v2\/product_cat?post=2185"},{"taxonomy":"product_tag","embeddable":true,"href":"https:\/\/iyni-dispenser.com\/it\/wp-json\/wp\/v2\/product_tag?post=2185"}],"curies":[{"name":"wp","href":"https:\/\/api.w.org\/{rel}","templated":true}]}}