{"id":2113,"date":"2022-07-20T10:33:22","date_gmt":"2022-07-20T08:33:22","guid":{"rendered":"https:\/\/iyni-dispenser.com\/produit\/distributore-a-2-colonne\/"},"modified":"2025-04-19T06:49:18","modified_gmt":"2025-04-19T04:49:18","slug":"dispenser-a-2-colonne","status":"publish","type":"product","link":"https:\/\/iyni-dispenser.com\/it\/product\/dispenser-a-2-colonne\/","title":{"rendered":"2 colonne distributore, per assorbenti e tamponi"},"content":{"rendered":"<p><span style=\"color: #ce0931;\"><b>Descrizione<\/b><\/span><\/p>\n<p>Questo dispenser di assorbenti e tamponi pu\u00f2 contenere fino a 40 assorbenti igienici e oltre 100 tamponi digitali. Il dispenser \u00e8 realizzato in acciaio zincato verniciato a polvere per garantire resistenza e durata. Si apre con una chiave ed \u00e8 facile da riempire. Si fissa alla parete con 4 viti. Fornito con due chiavi, viti, istruzioni di montaggio e manuale d&#8217;uso.<\/p>\n<p>&nbsp;<\/p>\n<p><b>Informazioni tecniche<br \/>\n<\/b><\/p>\n<p><strong>Materiale:<\/strong> Acciaio zincato da 1 mm<br \/>\n<strong>Finiture standard:<\/strong> Verniciato RAL 9003\/RAL 7016<br \/>\n<strong>Capacit\u00e0:<\/strong> 40 assorbenti e oltre 100 tamponi senza applicatore<br \/>\n<strong>Dimensioni:<\/strong> 205x350x98 mm (larghezza x altezza x profondit\u00e0)<br \/>\n<strong>Peso:<\/strong> 2,6 kg<br \/>\nMontaggio a parete<br \/>\nRiempimento anteriore<br \/>\nSerratura a chiave<\/p>\n","protected":false},"excerpt":{"rendered":"<p>Questo dispenser di assorbenti e tamponi pu\u00f2 contenere fino a 40 assorbenti igienici e oltre 100 tamponi digitali. Il dispenser \u00e8 realizzato in acciaio zincato verniciato a polvere per garantire resistenza e durata. Si apre con una chiave ed \u00e8 facile da riempire. Si fissa alla parete con 4 viti. Fornito con due chiavi, viti, istruzioni di montaggio e manuale d&#8217;uso.<\/p>\n","protected":false},"featured_media":7061,"template":"","meta":{"inline_featured_image":false},"product_brand":[],"product_cat":[54],"product_tag":[],"class_list":{"0":"post-2113","1":"product","2":"type-product","3":"status-publish","4":"has-post-thumbnail","6":"product_cat-distributori","8":"first","9":"instock","10":"taxable","11":"shipping-taxable","12":"purchasable","13":"product-type-simple"},"_links":{"self":[{"href":"https:\/\/iyni-dispenser.com\/it\/wp-json\/wp\/v2\/product\/2113","targetHints":{"allow":["GET"]}}],"collection":[{"href":"https:\/\/iyni-dispenser.com\/it\/wp-json\/wp\/v2\/product"}],"about":[{"href":"https:\/\/iyni-dispenser.com\/it\/wp-json\/wp\/v2\/types\/product"}],"wp:featuredmedia":[{"embeddable":true,"href":"https:\/\/iyni-dispenser.com\/it\/wp-json\/wp\/v2\/media\/7061"}],"wp:attachment":[{"href":"https:\/\/iyni-dispenser.com\/it\/wp-json\/wp\/v2\/media?parent=2113"}],"wp:term":[{"taxonomy":"product_brand","embeddable":true,"href":"https:\/\/iyni-dispenser.com\/it\/wp-json\/wp\/v2\/product_brand?post=2113"},{"taxonomy":"product_cat","embeddable":true,"href":"https:\/\/iyni-dispenser.com\/it\/wp-json\/wp\/v2\/product_cat?post=2113"},{"taxonomy":"product_tag","embeddable":true,"href":"https:\/\/iyni-dispenser.com\/it\/wp-json\/wp\/v2\/product_tag?post=2113"}],"curies":[{"name":"wp","href":"https:\/\/api.w.org\/{rel}","templated":true}]}}