{"id":1307,"date":"2022-07-12T09:35:32","date_gmt":"2022-07-12T07:35:32","guid":{"rendered":"https:\/\/iyni-dispenser.com\/who-we-are\/"},"modified":"2024-11-11T11:00:38","modified_gmt":"2024-11-11T10:00:38","slug":"chi-siamo-combattere-poverta-mestruale","status":"publish","type":"page","link":"https:\/\/iyni-dispenser.com\/it\/chi-siamo-combattere-poverta-mestruale\/","title":{"rendered":"Chi siamo ?"},"content":{"rendered":"<p><div class=\"fusion-fullwidth fullwidth-box fusion-builder-row-1 fusion-flex-container nonhundred-percent-fullwidth non-hundred-percent-height-scrolling\" style=\"--awb-border-radius-top-left:0px;--awb-border-radius-top-right:0px;--awb-border-radius-bottom-right:0px;--awb-border-radius-bottom-left:0px;--awb-padding-top:2em;--awb-padding-bottom:2em;--awb-background-color:#ce0931;--awb-flex-wrap:wrap;\" ><div class=\"fusion-builder-row fusion-row fusion-flex-align-items-center fusion-flex-content-wrap\" style=\"max-width:1289.6px;margin-left: calc(-4% \/ 2 );margin-right: calc(-4% \/ 2 );\"><div class=\"fusion-layout-column fusion_builder_column fusion-builder-column-0 fusion_builder_column_1_4 1_4 fusion-flex-column\" style=\"--awb-bg-size:cover;--awb-width-large:25%;--awb-margin-top-large:0px;--awb-spacing-right-large:7.68%;--awb-margin-bottom-large:20px;--awb-spacing-left-large:7.68%;--awb-width-medium:33.333333333333%;--awb-order-medium:0;--awb-spacing-right-medium:5.76%;--awb-spacing-left-medium:5.76%;--awb-width-small:100%;--awb-order-small:0;--awb-spacing-right-small:1.92%;--awb-spacing-left-small:1.92%;\"><div class=\"fusion-column-wrapper fusion-column-has-shadow fusion-flex-justify-content-flex-start fusion-content-layout-column\"><\/div><\/div><div class=\"fusion-layout-column fusion_builder_column fusion-builder-column-1 fusion_builder_column_1_2 1_2 fusion-flex-column\" style=\"--awb-bg-size:cover;--awb-width-large:50%;--awb-margin-top-large:0px;--awb-spacing-right-large:3.84%;--awb-margin-bottom-large:20px;--awb-spacing-left-large:3.84%;--awb-width-medium:66.666666666667%;--awb-order-medium:0;--awb-spacing-right-medium:2.88%;--awb-spacing-left-medium:2.88%;--awb-width-small:100%;--awb-order-small:0;--awb-spacing-right-small:1.92%;--awb-spacing-left-small:1.92%;\"><div class=\"fusion-column-wrapper fusion-column-has-shadow fusion-flex-justify-content-flex-start fusion-content-layout-column\"><div class=\"fusion-title title fusion-title-1 fusion-sep-none fusion-title-text fusion-title-size-div\" style=\"--awb-text-color:var(--awb-custom_color_1);\"><div class=\"fusion-title-heading title-heading-left title-heading-tag fusion-responsive-typography-calculated\" style=\"margin:0;--fontSize:16;--minFontSize:16;line-height:1.69;\"><h1 style=\"text-align: center;\"><b>Chi siamo ?<\/b><\/h1>\n<h2 style=\"text-align: center;\">Combattere la povert\u00e0 mestruale con Iyni<\/h2><\/div><\/div><\/div><\/div><div class=\"fusion-layout-column fusion_builder_column fusion-builder-column-2 fusion_builder_column_1_4 1_4 fusion-flex-column\" style=\"--awb-bg-size:cover;--awb-width-large:25%;--awb-margin-top-large:0px;--awb-spacing-right-large:7.68%;--awb-margin-bottom-large:20px;--awb-spacing-left-large:7.68%;--awb-width-medium:33.333333333333%;--awb-order-medium:0;--awb-spacing-right-medium:5.76%;--awb-spacing-left-medium:5.76%;--awb-width-small:100%;--awb-order-small:0;--awb-spacing-right-small:1.92%;--awb-spacing-left-small:1.92%;\"><div class=\"fusion-column-wrapper fusion-column-has-shadow fusion-flex-justify-content-flex-start fusion-content-layout-column\"><\/div><\/div><\/div><\/div><div class=\"fusion-fullwidth fullwidth-box fusion-builder-row-2 fusion-flex-container fusion-parallax-none nonhundred-percent-fullwidth non-hundred-percent-height-scrolling\" style=\"--awb-border-radius-top-left:0px;--awb-border-radius-top-right:0px;--awb-border-radius-bottom-right:0px;--awb-border-radius-bottom-left:0px;--awb-background-image:url(&quot;https:\/\/iyni-dispenser.com\/wp-content\/uploads\/2022\/07\/background-who-are-we.jpg&quot;);--awb-background-size:cover;--awb-flex-wrap:wrap;\" ><div class=\"fusion-builder-row fusion-row fusion-flex-align-items-center fusion-flex-content-wrap\" style=\"max-width:1289.6px;margin-left: calc(-4% \/ 2 );margin-right: calc(-4% \/ 2 );\"><div class=\"fusion-layout-column fusion_builder_column fusion-builder-column-3 fusion_builder_column_1_2 1_2 fusion-flex-column fusion-flex-align-self-stretch\" style=\"--awb-bg-size:cover;--awb-width-large:50%;--awb-margin-top-large:0px;--awb-spacing-right-large:3.84%;--awb-margin-bottom-large:20px;--awb-spacing-left-large:3.84%;--awb-width-medium:33.333333333333%;--awb-order-medium:0;--awb-spacing-right-medium:5.76%;--awb-spacing-left-medium:5.76%;--awb-width-small:100%;--awb-order-small:0;--awb-spacing-right-small:1.92%;--awb-spacing-left-small:1.92%;\"><div class=\"fusion-column-wrapper fusion-column-has-shadow fusion-flex-justify-content-flex-start fusion-content-layout-column\"><div class=\"fusion-image-element \" style=\"text-align:center;--awb-caption-title-font-family:var(--h2_typography-font-family);--awb-caption-title-font-weight:var(--h2_typography-font-weight);--awb-caption-title-font-style:var(--h2_typography-font-style);--awb-caption-title-size:var(--h2_typography-font-size);--awb-caption-title-transform:var(--h2_typography-text-transform);--awb-caption-title-line-height:var(--h2_typography-line-height);--awb-caption-title-letter-spacing:var(--h2_typography-letter-spacing);\"><span class=\" fusion-imageframe imageframe-none imageframe-1 hover-type-none\"><img decoding=\"async\" width=\"516\" height=\"1069\" title=\"assorbenti-per-tutti\" src=\"https:\/\/iyni-dispenser.com\/wp-content\/uploads\/2022\/07\/trombinoscope.jpg\" alt class=\"img-responsive wp-image-691\" srcset=\"https:\/\/iyni-dispenser.com\/wp-content\/uploads\/2022\/07\/trombinoscope-200x414.jpg 200w, https:\/\/iyni-dispenser.com\/wp-content\/uploads\/2022\/07\/trombinoscope-400x829.jpg 400w, https:\/\/iyni-dispenser.com\/wp-content\/uploads\/2022\/07\/trombinoscope.jpg 516w\" sizes=\"(max-width: 640px) 100vw, 516px\" \/><\/span><\/div><\/div><\/div><div class=\"fusion-layout-column fusion_builder_column fusion-builder-column-4 fusion_builder_column_1_2 1_2 fusion-flex-column fusion-flex-align-self-center\" style=\"--awb-padding-top:2em;--awb-padding-bottom:2em;--awb-bg-size:cover;--awb-width-large:50%;--awb-margin-top-large:0px;--awb-spacing-right-large:3.84%;--awb-margin-bottom-large:20px;--awb-spacing-left-large:3.84%;--awb-width-medium:66.666666666667%;--awb-order-medium:0;--awb-spacing-right-medium:2.88%;--awb-spacing-left-medium:2.88%;--awb-width-small:100%;--awb-order-small:0;--awb-spacing-right-small:1.92%;--awb-spacing-left-small:1.92%;\"><div class=\"fusion-column-wrapper fusion-column-has-shadow fusion-flex-justify-content-flex-start fusion-content-layout-column\"><div class=\"fusion-title title fusion-title-2 fusion-sep-none fusion-title-text fusion-title-size-div\"><div class=\"fusion-title-heading title-heading-left title-heading-tag fusion-responsive-typography-calculated\" style=\"margin:0;--fontSize:16;--minFontSize:16;line-height:1.69;\"><h2 style=\"text-align: center;\"><b>Missione<\/b><\/h2><\/div><\/div><div class=\"fusion-text fusion-text-1\"><p style=\"text-align: center;\"><i><span style=\"font-weight: 400;\">In IYNI, vogliamo rendere le protezioni periodiche accessibili a tutti, gratuitamente e<\/span><\/i><i><span style=\"font-weight: 400;\"> ovunque nel corso della giornata.<\/span><\/i><\/p>\n<p><span style=\"font-weight: 400;\">Una donna ha il suo periodo in media per 38 anni. 38 anni durante i quali deve acquistare protezioni sanitarie. Negli ultimi anni, molti paesi hanno capito che le protezioni periodiche sono beni di prima necessit\u00e0 proprio come altri prodotti per l&#8217;igiene e stanno gradualmente abbassando le tasse su assorbenti e tamponi. Su scala pi\u00f9 piccola, citt\u00e0 o universit\u00e0 organizzano distribuzioni di prodotti mestruali<\/span><span style=\"font-weight: 400;\"> usa <\/span><span style=\"font-weight: 400;\">\u00a0e getta o riutilizzabili <\/span><span style=\"font-weight: 400;\">\u00a0per offrire <\/span><span style=\"font-weight: 400;\">protezione mestruale gratuita ma anche per sensibilizzare ed educare sull&#8217;argomento. Ma succede ancora molto spesso che le donne si trovino senza protezione periodica. Prime regole, regole impreviste, dimenticanza di protezioni, mancanza di mezzi &#8230; e purtroppo nessun tampone o asciugamano con te, non c&#8217;\u00e8 sempre una soluzione rapida per rimediare alla situazione.\u00a0<\/span><\/p>\n<p><span style=\"font-weight: 400;\">Noi di IYNI crediamo che le protezioni periodiche debbano essere accessibili a tutti, con facilit\u00e0 perch\u00e9 tutte le donne ne hanno bisogno. Infatti, carta igienica, sapone o carta per asciugare le mani sono nei bagni di aziende o scuole ma non assorbenti o tamponi. Tuttavia, le mestruazioni fanno parte della vita delle donne e la protezione mestruale dovrebbe essere facilmente accessibile. Ecco perch\u00e9 abbiamo deciso di creare dispenser di protezione igienica che forniscano <\/span><span style=\"font-weight: 400;\">\u00a0<\/span><span style=\"font-weight: 400;\">gratuitamente tamponi e tamponi in aziende, college, universit\u00e0 ma anche ristoranti e citt\u00e0. Pertanto, le donne che non possono permettersi assorbenti e tamponi o che non hanno una protezione periodica su di loro potranno beneficiare gratuitamente di<\/span> <span style=\"font-weight: 400;\">assorbenti o <\/span><span style=\"font-weight: 400;\">\u00a0tamponi<\/span><span style=\"font-weight: 400;\">. La nostra missione \u00e8 rendere questa categoria di prodotti facilmente accessibile nel maggior numero possibile di luoghi.\u00a0<\/span><\/p>\n<p style=\"text-align: center;\"><span style=\"color: #ff7676;\"><b>&#8220;If You Need It&#8221;,<\/b><span style=\"font-weight: 400;\">\u00a0<\/span><\/span><\/p>\n<p><span style=\"font-weight: 400;\">abbiamo i prodotti di cui hai bisogno. Soddisfiamo le esigenze di tutte le donne.\u00a0 I nostri dispenser di protezione igienica permettono di offrire gratuitamente una protezione mestruale e quindi garantire una maggiore accessibilit\u00e0 a questo tipo di prodotto ma anche di permettere alle donne di sentirsi pi\u00f9 libere durante i loro periodi. Offrendo loro un <a href=\"https:\/\/iyni-dispenser.com\/it\/iyni-distributori\/\">Distributore di assorbenti<\/a>\u00a0, mostri loro che consideri le regole come un normale ciclo di vita e sblocchi il soggetto.<\/span><\/p>\n<\/div><\/div><\/div><\/div><\/div><div class=\"fusion-fullwidth fullwidth-box fusion-builder-row-3 fusion-flex-container fusion-parallax-none nonhundred-percent-fullwidth non-hundred-percent-height-scrolling\" style=\"--awb-border-radius-top-left:0px;--awb-border-radius-top-right:0px;--awb-border-radius-bottom-right:0px;--awb-border-radius-bottom-left:0px;--awb-padding-top:4em;--awb-padding-bottom:2em;--awb-background-image:url(&quot;https:\/\/iyni-dispenser.com\/wp-content\/uploads\/2022\/07\/background-who-are-we-2.jpg&quot;);--awb-background-size:cover;--awb-flex-wrap:wrap;\" ><div class=\"fusion-builder-row fusion-row fusion-flex-align-items-flex-start fusion-flex-content-wrap\" style=\"max-width:1289.6px;margin-left: calc(-4% \/ 2 );margin-right: calc(-4% \/ 2 );\"><div class=\"fusion-layout-column fusion_builder_column fusion-builder-column-5 fusion_builder_column_1_2 1_2 fusion-flex-column\" style=\"--awb-bg-size:cover;--awb-width-large:50%;--awb-margin-top-large:0px;--awb-spacing-right-large:3.84%;--awb-margin-bottom-large:20px;--awb-spacing-left-large:3.84%;--awb-width-medium:50%;--awb-order-medium:0;--awb-spacing-right-medium:3.84%;--awb-spacing-left-medium:3.84%;--awb-width-small:100%;--awb-order-small:0;--awb-spacing-right-small:1.92%;--awb-spacing-left-small:1.92%;\"><div class=\"fusion-column-wrapper fusion-column-has-shadow fusion-flex-justify-content-flex-start fusion-content-layout-column\"><div class=\"fusion-title title fusion-title-3 fusion-sep-none fusion-title-text fusion-title-size-div\"><div class=\"fusion-title-heading title-heading-left title-heading-tag fusion-responsive-typography-calculated\" style=\"margin:0;--fontSize:16;--minFontSize:16;line-height:1.69;\"><h2 style=\"text-align: center;\"><b>Fabbricazione<\/b><\/h2><\/div><\/div><div class=\"fusion-text fusion-text-2\"><p><span style=\"font-weight: 400;\">IYNI ti offre <\/span><b>dispenser di protezioni igieniche<\/b><span style=\"font-weight: 400;\"> made in Switzerland nei nostri laboratori con materiali di qualit\u00e0 per garantirne la longevit\u00e0. Infatti, i nostri <\/span><b>erogatori di protezione periodica<\/b><span style=\"font-weight: 400;\"> sono realizzati in acciaio inossidabile, che garantisce loro resistenza e design. Sono stati progettati per adattarsi sobriamente ai tuoi uffici o servizi igienici, con i loro colori bianco e acciaio inossidabile, si fondono bene nel paesaggio.\u00a0\u00a0<\/span><\/p>\n<p><span style=\"font-weight: 400;\">Inoltre, non offriamo semplici scatole in cui posizionare protezioni igieniche ma dispenser che sono stati pensati per offrire un utilizzo semplificato. I nostri <\/span><b>distributori di protezioni periodiche<\/b><span style=\"font-weight: 400;\"> con design brevettato sono stati progettati in modo che il caricamento delle protezioni igieniche avvenga in modo semplice ma anche in modo che gli asciugamani e i tamponi non possano essere maneggiati da altri e rimessi nel dispenser (tranne la persona che si occupa del riempimento delle protezioni periodiche) al fine di garantire igiene e sicurezza\u00a0 \u00a0 . Inoltre, le protezioni non sono semplicemente sciolte nel dispenser ma ordinate, in modo che non rimangano bloccate nel <\/span><b>dispenser di protezione mestruale<\/b><span style=\"font-weight: 400;\"> e quest&#8217;ultimo sia inutilizzabile. <\/span><\/p>\n<\/div><\/div><\/div><div class=\"fusion-layout-column fusion_builder_column fusion-builder-column-6 fusion_builder_column_1_2 1_2 fusion-flex-column\" style=\"--awb-bg-size:cover;--awb-width-large:50%;--awb-margin-top-large:0px;--awb-spacing-right-large:3.84%;--awb-margin-bottom-large:20px;--awb-spacing-left-large:3.84%;--awb-width-medium:50%;--awb-order-medium:0;--awb-spacing-right-medium:3.84%;--awb-spacing-left-medium:3.84%;--awb-width-small:100%;--awb-order-small:0;--awb-spacing-right-small:1.92%;--awb-spacing-left-small:1.92%;\"><div class=\"fusion-column-wrapper fusion-column-has-shadow fusion-flex-justify-content-flex-start fusion-content-layout-column\"><div class=\"fusion-image-element \" style=\"--awb-caption-title-font-family:var(--h2_typography-font-family);--awb-caption-title-font-weight:var(--h2_typography-font-weight);--awb-caption-title-font-style:var(--h2_typography-font-style);--awb-caption-title-size:var(--h2_typography-font-size);--awb-caption-title-transform:var(--h2_typography-text-transform);--awb-caption-title-line-height:var(--h2_typography-line-height);--awb-caption-title-letter-spacing:var(--h2_typography-letter-spacing);\"><span class=\" fusion-imageframe imageframe-none imageframe-2 hover-type-none\"><img decoding=\"async\" width=\"1262\" height=\"947\" title=\"fabbricazione-dispenser-di-tamponi\" src=\"https:\/\/iyni-dispenser.com\/wp-content\/uploads\/2022\/07\/atelier-1.jpg\" alt class=\"img-responsive wp-image-1464\" srcset=\"https:\/\/iyni-dispenser.com\/wp-content\/uploads\/2022\/07\/atelier-1-200x150.jpg 200w, https:\/\/iyni-dispenser.com\/wp-content\/uploads\/2022\/07\/atelier-1-400x300.jpg 400w, https:\/\/iyni-dispenser.com\/wp-content\/uploads\/2022\/07\/atelier-1-600x450.jpg 600w, https:\/\/iyni-dispenser.com\/wp-content\/uploads\/2022\/07\/atelier-1-800x600.jpg 800w, https:\/\/iyni-dispenser.com\/wp-content\/uploads\/2022\/07\/atelier-1-1200x900.jpg 1200w, https:\/\/iyni-dispenser.com\/wp-content\/uploads\/2022\/07\/atelier-1.jpg 1262w\" sizes=\"(max-width: 640px) 100vw, 600px\" \/><\/span><\/div><\/div><\/div><\/div><\/div><div class=\"fusion-fullwidth fullwidth-box fusion-builder-row-4 fusion-flex-container nonhundred-percent-fullwidth non-hundred-percent-height-scrolling\" style=\"--awb-border-radius-top-left:0px;--awb-border-radius-top-right:0px;--awb-border-radius-bottom-right:0px;--awb-border-radius-bottom-left:0px;--awb-padding-top:4em;--awb-padding-bottom:2em;--awb-flex-wrap:wrap;\" ><div class=\"fusion-builder-row fusion-row fusion-flex-align-items-flex-start fusion-flex-content-wrap\" style=\"max-width:1289.6px;margin-left: calc(-4% \/ 2 );margin-right: calc(-4% \/ 2 );\"><div class=\"fusion-layout-column fusion_builder_column fusion-builder-column-7 fusion_builder_column_1_3 1_3 fusion-flex-column\" style=\"--awb-bg-size:cover;--awb-width-large:33.333333333333%;--awb-margin-top-large:0px;--awb-spacing-right-large:5.76%;--awb-margin-bottom-large:20px;--awb-spacing-left-large:5.76%;--awb-width-medium:33.333333333333%;--awb-order-medium:0;--awb-spacing-right-medium:5.76%;--awb-spacing-left-medium:5.76%;--awb-width-small:100%;--awb-order-small:0;--awb-spacing-right-small:1.92%;--awb-spacing-left-small:1.92%;\"><div class=\"fusion-column-wrapper fusion-column-has-shadow fusion-flex-justify-content-flex-start fusion-content-layout-column\"><div class=\"fusion-image-element \" style=\"--awb-aspect-ratio:1 \/ 1;--awb-caption-title-font-family:var(--h2_typography-font-family);--awb-caption-title-font-weight:var(--h2_typography-font-weight);--awb-caption-title-font-style:var(--h2_typography-font-style);--awb-caption-title-size:var(--h2_typography-font-size);--awb-caption-title-transform:var(--h2_typography-text-transform);--awb-caption-title-line-height:var(--h2_typography-line-height);--awb-caption-title-letter-spacing:var(--h2_typography-letter-spacing);\"><span class=\" fusion-imageframe imageframe-none imageframe-3 hover-type-none has-aspect-ratio\"><img decoding=\"async\" width=\"943\" height=\"941\" title=\"fabbricazione-dispenser-di-tamponi\" src=\"https:\/\/iyni-dispenser.com\/wp-content\/uploads\/2022\/07\/atelier-3.jpg\" class=\"img-responsive wp-image-1468 img-with-aspect-ratio\" data-parent-fit=\"cover\" data-parent-container=\".fusion-image-element\" alt srcset=\"https:\/\/iyni-dispenser.com\/wp-content\/uploads\/2022\/07\/atelier-3-200x200.jpg 200w, https:\/\/iyni-dispenser.com\/wp-content\/uploads\/2022\/07\/atelier-3-400x399.jpg 400w, https:\/\/iyni-dispenser.com\/wp-content\/uploads\/2022\/07\/atelier-3-600x599.jpg 600w, https:\/\/iyni-dispenser.com\/wp-content\/uploads\/2022\/07\/atelier-3-800x798.jpg 800w, https:\/\/iyni-dispenser.com\/wp-content\/uploads\/2022\/07\/atelier-3.jpg 943w\" sizes=\"(max-width: 640px) 100vw, 400px\" \/><\/span><\/div><\/div><\/div><div class=\"fusion-layout-column fusion_builder_column fusion-builder-column-8 fusion_builder_column_1_3 1_3 fusion-flex-column\" style=\"--awb-bg-size:cover;--awb-width-large:33.333333333333%;--awb-margin-top-large:0px;--awb-spacing-right-large:5.76%;--awb-margin-bottom-large:20px;--awb-spacing-left-large:5.76%;--awb-width-medium:33.333333333333%;--awb-order-medium:0;--awb-spacing-right-medium:5.76%;--awb-spacing-left-medium:5.76%;--awb-width-small:100%;--awb-order-small:0;--awb-spacing-right-small:1.92%;--awb-spacing-left-small:1.92%;\"><div class=\"fusion-column-wrapper fusion-column-has-shadow fusion-flex-justify-content-flex-start fusion-content-layout-column\"><div class=\"fusion-image-element \" style=\"--awb-aspect-ratio:1 \/ 1;--awb-caption-title-font-family:var(--h2_typography-font-family);--awb-caption-title-font-weight:var(--h2_typography-font-weight);--awb-caption-title-font-style:var(--h2_typography-font-style);--awb-caption-title-size:var(--h2_typography-font-size);--awb-caption-title-transform:var(--h2_typography-text-transform);--awb-caption-title-line-height:var(--h2_typography-line-height);--awb-caption-title-letter-spacing:var(--h2_typography-letter-spacing);\"><span class=\" fusion-imageframe imageframe-none imageframe-4 hover-type-none has-aspect-ratio\"><img decoding=\"async\" width=\"1258\" height=\"944\" alt=\"Convenient sanitary product dispenser\" title=\"fabbricazione-distributore-di-assorbenti\" src=\"https:\/\/iyni-dispenser.com\/wp-content\/uploads\/2022\/07\/atelier-2.jpg\" class=\"img-responsive wp-image-1472 img-with-aspect-ratio\" data-parent-fit=\"cover\" data-parent-container=\".fusion-image-element\" srcset=\"https:\/\/iyni-dispenser.com\/wp-content\/uploads\/2022\/07\/atelier-2-200x150.jpg 200w, https:\/\/iyni-dispenser.com\/wp-content\/uploads\/2022\/07\/atelier-2-400x300.jpg 400w, https:\/\/iyni-dispenser.com\/wp-content\/uploads\/2022\/07\/atelier-2-600x450.jpg 600w, https:\/\/iyni-dispenser.com\/wp-content\/uploads\/2022\/07\/atelier-2-800x600.jpg 800w, https:\/\/iyni-dispenser.com\/wp-content\/uploads\/2022\/07\/atelier-2-1200x900.jpg 1200w, https:\/\/iyni-dispenser.com\/wp-content\/uploads\/2022\/07\/atelier-2.jpg 1258w\" sizes=\"(max-width: 640px) 100vw, 400px\" \/><\/span><\/div><\/div><\/div><div class=\"fusion-layout-column fusion_builder_column fusion-builder-column-9 fusion_builder_column_1_3 1_3 fusion-flex-column\" style=\"--awb-bg-size:cover;--awb-width-large:33.333333333333%;--awb-margin-top-large:0px;--awb-spacing-right-large:5.76%;--awb-margin-bottom-large:20px;--awb-spacing-left-large:5.76%;--awb-width-medium:33.333333333333%;--awb-order-medium:0;--awb-spacing-right-medium:5.76%;--awb-spacing-left-medium:5.76%;--awb-width-small:100%;--awb-order-small:0;--awb-spacing-right-small:1.92%;--awb-spacing-left-small:1.92%;\"><div class=\"fusion-column-wrapper fusion-column-has-shadow fusion-flex-justify-content-flex-start fusion-content-layout-column\"><div class=\"fusion-image-element \" style=\"--awb-aspect-ratio:1 \/ 1;--awb-caption-title-font-family:var(--h2_typography-font-family);--awb-caption-title-font-weight:var(--h2_typography-font-weight);--awb-caption-title-font-style:var(--h2_typography-font-style);--awb-caption-title-size:var(--h2_typography-font-size);--awb-caption-title-transform:var(--h2_typography-text-transform);--awb-caption-title-line-height:var(--h2_typography-line-height);--awb-caption-title-letter-spacing:var(--h2_typography-letter-spacing);\"><span class=\" fusion-imageframe imageframe-none imageframe-5 hover-type-none has-aspect-ratio\"><img decoding=\"async\" width=\"705\" height=\"936\" title=\"fabbricazione-dispenser-di-assorbenti\" src=\"https:\/\/iyni-dispenser.com\/wp-content\/uploads\/2022\/07\/atelier-4.jpg\" class=\"img-responsive wp-image-1476 img-with-aspect-ratio\" data-parent-fit=\"cover\" data-parent-container=\".fusion-image-element\" alt srcset=\"https:\/\/iyni-dispenser.com\/wp-content\/uploads\/2022\/07\/atelier-4-200x266.jpg 200w, https:\/\/iyni-dispenser.com\/wp-content\/uploads\/2022\/07\/atelier-4-400x531.jpg 400w, https:\/\/iyni-dispenser.com\/wp-content\/uploads\/2022\/07\/atelier-4-600x797.jpg 600w, https:\/\/iyni-dispenser.com\/wp-content\/uploads\/2022\/07\/atelier-4.jpg 705w\" sizes=\"(max-width: 640px) 100vw, 400px\" \/><\/span><\/div><\/div><\/div><\/div><\/div><\/p>\n","protected":false},"excerpt":{"rendered":"","protected":false},"author":1,"featured_media":0,"parent":0,"menu_order":0,"comment_status":"closed","ping_status":"closed","template":"100-width.php","meta":{"inline_featured_image":false,"footnotes":""},"class_list":["post-1307","page","type-page","status-publish","hentry"],"_links":{"self":[{"href":"https:\/\/iyni-dispenser.com\/it\/wp-json\/wp\/v2\/pages\/1307","targetHints":{"allow":["GET"]}}],"collection":[{"href":"https:\/\/iyni-dispenser.com\/it\/wp-json\/wp\/v2\/pages"}],"about":[{"href":"https:\/\/iyni-dispenser.com\/it\/wp-json\/wp\/v2\/types\/page"}],"author":[{"embeddable":true,"href":"https:\/\/iyni-dispenser.com\/it\/wp-json\/wp\/v2\/users\/1"}],"replies":[{"embeddable":true,"href":"https:\/\/iyni-dispenser.com\/it\/wp-json\/wp\/v2\/comments?post=1307"}],"version-history":[{"count":7,"href":"https:\/\/iyni-dispenser.com\/it\/wp-json\/wp\/v2\/pages\/1307\/revisions"}],"predecessor-version":[{"id":5755,"href":"https:\/\/iyni-dispenser.com\/it\/wp-json\/wp\/v2\/pages\/1307\/revisions\/5755"}],"wp:attachment":[{"href":"https:\/\/iyni-dispenser.com\/it\/wp-json\/wp\/v2\/media?parent=1307"}],"curies":[{"name":"wp","href":"https:\/\/api.w.org\/{rel}","templated":true}]}}