{"id":1305,"date":"2022-07-12T22:04:52","date_gmt":"2022-07-12T20:04:52","guid":{"rendered":"https:\/\/iyni-dispenser.com\/toxic-shock-syndrome\/"},"modified":"2022-11-08T18:25:57","modified_gmt":"2022-11-08T17:25:57","slug":"shock-tossico","status":"publish","type":"page","link":"https:\/\/iyni-dispenser.com\/it\/shock-tossico\/","title":{"rendered":"SHOCK TOSSICO"},"content":{"rendered":"<p><div class=\"fusion-fullwidth fullwidth-box fusion-builder-row-1 fusion-flex-container nonhundred-percent-fullwidth non-hundred-percent-height-scrolling\" style=\"--awb-border-radius-top-left:0px;--awb-border-radius-top-right:0px;--awb-border-radius-bottom-right:0px;--awb-border-radius-bottom-left:0px;--awb-padding-top:2em;--awb-padding-bottom:2em;--awb-background-color:#ce0931;--awb-flex-wrap:wrap;\" ><div class=\"fusion-builder-row fusion-row fusion-flex-align-items-center fusion-flex-content-wrap\" style=\"max-width:1289.6px;margin-left: calc(-4% \/ 2 );margin-right: calc(-4% \/ 2 );\"><div class=\"fusion-layout-column fusion_builder_column fusion-builder-column-0 fusion_builder_column_1_4 1_4 fusion-flex-column\" style=\"--awb-bg-size:cover;--awb-width-large:25%;--awb-margin-top-large:0px;--awb-spacing-right-large:7.68%;--awb-margin-bottom-large:20px;--awb-spacing-left-large:7.68%;--awb-width-medium:33.333333333333%;--awb-order-medium:0;--awb-spacing-right-medium:5.76%;--awb-spacing-left-medium:5.76%;--awb-width-small:100%;--awb-order-small:0;--awb-spacing-right-small:1.92%;--awb-spacing-left-small:1.92%;\"><div class=\"fusion-column-wrapper fusion-column-has-shadow fusion-flex-justify-content-flex-start fusion-content-layout-column\"><\/div><\/div><div class=\"fusion-layout-column fusion_builder_column fusion-builder-column-1 fusion_builder_column_1_2 1_2 fusion-flex-column\" style=\"--awb-bg-size:cover;--awb-width-large:50%;--awb-margin-top-large:0px;--awb-spacing-right-large:3.84%;--awb-margin-bottom-large:20px;--awb-spacing-left-large:3.84%;--awb-width-medium:66.666666666667%;--awb-order-medium:0;--awb-spacing-right-medium:2.88%;--awb-spacing-left-medium:2.88%;--awb-width-small:100%;--awb-order-small:0;--awb-spacing-right-small:1.92%;--awb-spacing-left-small:1.92%;\"><div class=\"fusion-column-wrapper fusion-column-has-shadow fusion-flex-justify-content-flex-start fusion-content-layout-column\"><div class=\"fusion-title title fusion-title-1 fusion-sep-none fusion-title-text fusion-title-size-div\" style=\"--awb-text-color:var(--awb-custom_color_1);\"><div class=\"fusion-title-heading title-heading-left title-heading-tag fusion-responsive-typography-calculated\" style=\"margin:0;--fontSize:16;--minFontSize:16;line-height:1.69;\"><h1 style=\"text-align: center;\"><b>Shock tossico<\/b><\/h1><\/div><\/div><\/div><\/div><div class=\"fusion-layout-column fusion_builder_column fusion-builder-column-2 fusion_builder_column_1_4 1_4 fusion-flex-column\" style=\"--awb-bg-size:cover;--awb-width-large:25%;--awb-margin-top-large:0px;--awb-spacing-right-large:7.68%;--awb-margin-bottom-large:20px;--awb-spacing-left-large:7.68%;--awb-width-medium:33.333333333333%;--awb-order-medium:0;--awb-spacing-right-medium:5.76%;--awb-spacing-left-medium:5.76%;--awb-width-small:100%;--awb-order-small:0;--awb-spacing-right-small:1.92%;--awb-spacing-left-small:1.92%;\"><div class=\"fusion-column-wrapper fusion-column-has-shadow fusion-flex-justify-content-flex-start fusion-content-layout-column\"><\/div><\/div><\/div><\/div><div class=\"fusion-fullwidth fullwidth-box fusion-builder-row-2 fusion-flex-container nonhundred-percent-fullwidth non-hundred-percent-height-scrolling\" style=\"--awb-border-radius-top-left:0px;--awb-border-radius-top-right:0px;--awb-border-radius-bottom-right:0px;--awb-border-radius-bottom-left:0px;--awb-padding-top:2em;--awb-padding-bottom:0px;--awb-background-color:var(--awb-custom_color_2);--awb-flex-wrap:wrap;\" ><div class=\"fusion-builder-row fusion-row fusion-flex-align-items-center fusion-flex-content-wrap\" style=\"max-width:1289.6px;margin-left: calc(-4% \/ 2 );margin-right: calc(-4% \/ 2 );\"><div class=\"fusion-layout-column fusion_builder_column fusion-builder-column-3 fusion_builder_column_1_5 1_5 fusion-flex-column fusion-flex-align-self-center\" style=\"--awb-bg-size:cover;--awb-width-large:20%;--awb-margin-top-large:0px;--awb-spacing-right-large:9.6%;--awb-margin-bottom-large:0px;--awb-spacing-left-large:9.6%;--awb-width-medium:20%;--awb-order-medium:0;--awb-spacing-right-medium:9.6%;--awb-spacing-left-medium:9.6%;--awb-width-small:100%;--awb-order-small:0;--awb-spacing-right-small:1.92%;--awb-spacing-left-small:1.92%;\"><div class=\"fusion-column-wrapper fusion-column-has-shadow fusion-flex-justify-content-flex-start fusion-content-layout-column\"><div class=\"fusion-image-element \" style=\"--awb-margin-bottom:0px;--awb-caption-title-font-family:var(--h2_typography-font-family);--awb-caption-title-font-weight:var(--h2_typography-font-weight);--awb-caption-title-font-style:var(--h2_typography-font-style);--awb-caption-title-size:var(--h2_typography-font-size);--awb-caption-title-transform:var(--h2_typography-text-transform);--awb-caption-title-line-height:var(--h2_typography-line-height);--awb-caption-title-letter-spacing:var(--h2_typography-letter-spacing);\"><span class=\" fusion-imageframe imageframe-none imageframe-1 hover-type-none\"><img decoding=\"async\" width=\"620\" height=\"413\" alt=\"Automatic dispenser for cotton pads\" title=\"Automatic Cotton Pad Dispenser\" src=\"https:\/\/iyni-dispenser.com\/wp-content\/uploads\/2022\/07\/pads-tampons.png\" class=\"img-responsive wp-image-814\" srcset=\"https:\/\/iyni-dispenser.com\/wp-content\/uploads\/2022\/07\/pads-tampons-200x133.png 200w, https:\/\/iyni-dispenser.com\/wp-content\/uploads\/2022\/07\/pads-tampons-400x266.png 400w, https:\/\/iyni-dispenser.com\/wp-content\/uploads\/2022\/07\/pads-tampons-600x400.png 600w, https:\/\/iyni-dispenser.com\/wp-content\/uploads\/2022\/07\/pads-tampons.png 620w\" sizes=\"(max-width: 640px) 100vw, 400px\" \/><\/span><\/div><\/div><\/div><div class=\"fusion-layout-column fusion_builder_column fusion-builder-column-4 fusion_builder_column_4_5 4_5 fusion-flex-column\" style=\"--awb-padding-right:15%;--awb-bg-size:cover;--awb-width-large:80%;--awb-margin-top-large:0px;--awb-spacing-right-large:2.4%;--awb-margin-bottom-large:20px;--awb-spacing-left-large:2.4%;--awb-width-medium:80%;--awb-order-medium:0;--awb-spacing-right-medium:2.4%;--awb-spacing-left-medium:2.4%;--awb-width-small:100%;--awb-order-small:0;--awb-spacing-right-small:1.92%;--awb-spacing-left-small:1.92%;\"><div class=\"fusion-column-wrapper fusion-column-has-shadow fusion-flex-justify-content-flex-start fusion-content-layout-column\"><div class=\"fusion-text fusion-text-1\"><p><span style=\"font-weight: 400;\">Se usi regolarmente tamponi, dovresti prestare attenzione alla tua igiene prima di indossare o rimuovere il tampone, ma anche alla durata dell&#8217;uso del tampone. In effetti, se si indossa il tampone\u00a0 per troppo tempo, si potrebbe sviluppare la sindrome da shock tossico. La sindrome da shock <\/span><span style=\"font-weight: 400;\">\u00a0tossico <\/span><span style=\"font-weight: 400;\">(TSS) chiamata anche sindrome da shock tossico da stafilococco pu\u00f2 essere causata dall&#8217;uso di un tampone<\/span><span style=\"font-weight: 400;\"> o <\/span><span style=\"font-weight: 400;\">di una coppetta mestruale\u00a0 per troppo tempo (pi\u00f9 di 4-6 ore). In effetti, alcune donne sono portatrici del batterio S. aureus produttore di TSST-1 a livello vaginale e indossare <\/span><span style=\"font-weight: 400;\">\u00a0un <\/span><span style=\"font-weight: 400;\">tampone pu\u00f2 bloccare i batteri nella vagina (non tutte le donne con <\/span><span style=\"font-weight: 400;\">Staphylococcus aureus<\/span><span style=\"font-weight: 400;\"> sviluppano shock tossico). Il batterio quindi si moltiplica e rilascia tossine pericolose per il corpo e la salute. Queste tossine passano nel sangue e possono causare danni a determinati organi: cuore, fegato, polmoni&#8230; Se lo shock \u00e8 troppo grande, pu\u00f2 portare all&#8217;amputazione di alcuni arti e persino portare alla morte.<\/span><\/p>\n<p><span style=\"font-weight: 400;\">I sintomi dello shock tossico sono simili a quelli di un&#8217;influenza: mal di testa, vomito, diarrea, febbre alta, mal di gola, eruzione cutanea o arrossamento. Lo shock<\/span><span style=\"font-weight: 400;\"> tossico <\/span><span style=\"font-weight: 400;\">\u00a0pu\u00f2 anche portare alla perdita di coscienza. Se soffri di questi sintomi e hai indossato un tampone, vai direttamente al pronto soccorso per ricevere una diagnosi e antibiotici.<\/span><\/p>\n<p><span style=\"font-weight: 400;\">Anche se ci sono rischi quando si indossa il tampone, non dovrebbe essere evitato a tutti i costi a meno che non si sia gi\u00e0 avuto uno shock tossico prima. Seguendo le precauzioni, si riduce il rischio di shock tossico. Ad esempio, \u00e8 necessario cambiare il tampone (o la coppetta mestruale) ogni 4-6 ore, quindi non \u00e8 consigliabile indossare questo tipo di protezione di notte (indossare <\/span><span style=\"font-weight: 400;\">\u00a0invece <\/span><span style=\"font-weight: 400;\">assorbenti igienici o mutandine mestruali). Inoltre, assicurati di lavarti accuratamente le mani prima e dopo l&#8217;inserimento o la rimozione di ogni tampone. Infine, non indossare mai un tampone al di fuori del periodo mestruale. <\/span><\/p>\n<\/div><\/div><\/div><\/div><\/div><\/p>\n","protected":false},"excerpt":{"rendered":"","protected":false},"author":1,"featured_media":0,"parent":0,"menu_order":0,"comment_status":"closed","ping_status":"closed","template":"100-width.php","meta":{"inline_featured_image":false,"footnotes":""},"class_list":["post-1305","page","type-page","status-publish","hentry"],"_links":{"self":[{"href":"https:\/\/iyni-dispenser.com\/it\/wp-json\/wp\/v2\/pages\/1305","targetHints":{"allow":["GET"]}}],"collection":[{"href":"https:\/\/iyni-dispenser.com\/it\/wp-json\/wp\/v2\/pages"}],"about":[{"href":"https:\/\/iyni-dispenser.com\/it\/wp-json\/wp\/v2\/types\/page"}],"author":[{"embeddable":true,"href":"https:\/\/iyni-dispenser.com\/it\/wp-json\/wp\/v2\/users\/1"}],"replies":[{"embeddable":true,"href":"https:\/\/iyni-dispenser.com\/it\/wp-json\/wp\/v2\/comments?post=1305"}],"version-history":[{"count":4,"href":"https:\/\/iyni-dispenser.com\/it\/wp-json\/wp\/v2\/pages\/1305\/revisions"}],"predecessor-version":[{"id":2339,"href":"https:\/\/iyni-dispenser.com\/it\/wp-json\/wp\/v2\/pages\/1305\/revisions\/2339"}],"wp:attachment":[{"href":"https:\/\/iyni-dispenser.com\/it\/wp-json\/wp\/v2\/media?parent=1305"}],"curies":[{"name":"wp","href":"https:\/\/api.w.org\/{rel}","templated":true}]}}