{"id":4496,"date":"2024-02-01T14:17:31","date_gmt":"2024-02-01T13:17:31","guid":{"rendered":"https:\/\/iyni-dispenser.com\/?post_type=product&#038;p=4496"},"modified":"2025-02-19T13:54:07","modified_gmt":"2025-02-19T12:54:07","slug":"compresas-sanitarias-naturales-1344-unidades-copy","status":"publish","type":"product","link":"https:\/\/iyni-dispenser.com\/es\/product\/compresas-sanitarias-naturales-1344-unidades-copy\/","title":{"rendered":"Compresas sanitarias naturales &#8211; 224 unidades"},"content":{"rendered":"<p><span style=\"color: #ce0931;\"><b>Descripci\u00f3n :<\/b><\/span><\/p>\n<ul>\n<li style=\"font-weight: 400;\" aria-level=\"1\"><span style=\"font-weight: 400;\">80% de origen natural (velo natural y barreras en contacto con la piel)\u00a0<\/span><\/li>\n<li style=\"font-weight: 400;\" aria-level=\"1\"><span style=\"font-weight: 400;\">Sin cloro, sin perfume, sin colorantes, sin al\u00e9rgenos (de la lista de 26 al\u00e9rgenos), sin parafina,\u00a0 sin loci\u00f3n.\u00a0<\/span><\/li>\n<li style=\"font-weight: 400;\" aria-level=\"1\"><span style=\"font-weight: 400;\">Hipoalerg\u00e9nico, probado bajo control dermatol\u00f3gico y ginecol\u00f3gico.\u00a0<\/span><\/li>\n<li style=\"font-weight: 400;\" aria-level=\"1\"><span style=\"font-weight: 400;\">Extrafino y ultraabsorbente gracias a la almohadilla absorbente de celulosa (de origen\u00a0 natural) y a las microperlas absorbentes de origen natural.\u00a0<\/span><\/li>\n<li style=\"font-weight: 400;\" aria-level=\"1\"><span style=\"font-weight: 400;\">Flujo regular\u00a0<\/span><\/li>\n<li style=\"font-weight: 400;\" aria-level=\"1\"><span style=\"font-weight: 400;\">Fabricado en Europa: dise\u00f1ado en Francia y fabricado en Italia en f\u00e1bricas libres de emisiones\u00a0 de carbono\u00a0<\/span><\/li>\n<li aria-level=\"1\">224 unidades<\/li>\n<\/ul>\n<p>&nbsp;<\/p>\n<p><span style=\"color: #ce0931;\"><b>Detalles t\u00e9cnicos :\u00a0<\/b><\/span><\/p>\n<ul>\n<li style=\"font-weight: 400;\" aria-level=\"1\"><span style=\"font-weight: 400;\">Velo superficial: el velo en contacto con la piel es natural: PLA y PE verde (almid\u00f3n de\u00a0 ma\u00edz\/ca\u00f1a de az\u00facar)\u00a0<\/span><\/li>\n<li style=\"font-weight: 400;\" aria-level=\"1\"><span style=\"font-weight: 400;\">Velo que absorbe los l\u00edquidos para que vayan hacia el colch\u00f3n absorbente: 100% celulosa de\u00a0 madera airlaid certificada FSC\u00ae (procedente de bosques bien gestionados y otras fuentes\u00a0 controladas) y TCF (blanqueado sin cloro ni derivados clorados pero con ox\u00edgeno)<\/span><\/li>\n<li style=\"font-weight: 400;\" aria-level=\"1\"><span style=\"font-weight: 400;\">Colch\u00f3n absorbente: Celulosa de madera 100% certificada FSC\u00ae y TCF, microesferas\u00a0 absorbentes de origen natural <\/span><\/li>\n<li style=\"font-weight: 400;\" aria-level=\"1\"><span style=\"font-weight: 400;\">Envoltura exterior: almid\u00f3n vegetal (ca\u00f1a de az\u00facar)\u00a0<\/span><\/li>\n<li style=\"font-weight: 400;\" aria-level=\"1\"><span style=\"font-weight: 400;\">Pesta\u00f1as: Papel siliconado 100% fibra virgen con certificaci\u00f3n FSC\u00ae<\/span><\/li>\n<\/ul>\n","protected":false},"excerpt":{"rendered":"<ul>\n<li style=\"font-weight: 400;\" aria-level=\"1\">80% de origen natural (velo y barreras naturales en contacto con la piel)<\/li>\n<li style=\"font-weight: 400;\" aria-level=\"1\">Sin cloro, sin perfume, sin colorantes, sin al\u00e9rgenos (de la lista de 26 al\u00e9rgenos), sin parafina, sin loci\u00f3n.<\/li>\n<li style=\"font-weight: 400;\" aria-level=\"1\">Hipoalerg\u00e9nico, probado bajo control dermatol\u00f3gico y ginecol\u00f3gico.<\/li>\n<li style=\"font-weight: 400;\" aria-level=\"1\">Extrafino y ultraabsorbente gracias a la almohadilla absorbente de celulosa (de origen natural) y a las microperlas absorbentes de origen natural.<\/li>\n<li style=\"font-weight: 400;\" aria-level=\"1\">Flujo regular<\/li>\n<li style=\"font-weight: 400;\" aria-level=\"1\">Made in Europe: dise\u00f1ado en Francia y fabricado en Italia en f\u00e1bricas neutras en carbono<\/li>\n<\/ul>\n","protected":false},"featured_media":2403,"template":"","meta":{"inline_featured_image":false},"product_brand":[],"product_cat":[57],"product_tag":[],"class_list":{"0":"post-4496","1":"product","2":"type-product","3":"status-publish","4":"has-post-thumbnail","6":"product_cat-pads-es","8":"first","9":"instock","10":"taxable","11":"shipping-taxable","12":"purchasable","13":"product-type-simple"},"_links":{"self":[{"href":"https:\/\/iyni-dispenser.com\/es\/wp-json\/wp\/v2\/product\/4496","targetHints":{"allow":["GET"]}}],"collection":[{"href":"https:\/\/iyni-dispenser.com\/es\/wp-json\/wp\/v2\/product"}],"about":[{"href":"https:\/\/iyni-dispenser.com\/es\/wp-json\/wp\/v2\/types\/product"}],"wp:featuredmedia":[{"embeddable":true,"href":"https:\/\/iyni-dispenser.com\/es\/wp-json\/wp\/v2\/media\/2403"}],"wp:attachment":[{"href":"https:\/\/iyni-dispenser.com\/es\/wp-json\/wp\/v2\/media?parent=4496"}],"wp:term":[{"taxonomy":"product_brand","embeddable":true,"href":"https:\/\/iyni-dispenser.com\/es\/wp-json\/wp\/v2\/product_brand?post=4496"},{"taxonomy":"product_cat","embeddable":true,"href":"https:\/\/iyni-dispenser.com\/es\/wp-json\/wp\/v2\/product_cat?post=4496"},{"taxonomy":"product_tag","embeddable":true,"href":"https:\/\/iyni-dispenser.com\/es\/wp-json\/wp\/v2\/product_tag?post=4496"}],"curies":[{"name":"wp","href":"https:\/\/api.w.org\/{rel}","templated":true}]}}