{"id":4488,"date":"2024-02-01T14:12:01","date_gmt":"2024-02-01T13:12:01","guid":{"rendered":"https:\/\/iyni-dispenser.com\/?post_type=product&#038;p=4488"},"modified":"2025-02-19T13:59:03","modified_gmt":"2025-02-19T12:59:03","slug":"tampones-biologicos-con-aplicador-1920-unidades-copy","status":"publish","type":"product","link":"https:\/\/iyni-dispenser.com\/es\/product\/tampones-biologicos-con-aplicador-1920-unidades-copy\/","title":{"rendered":"Tampones biol\u00f3gicos con aplicador &#8211; 192 unidades"},"content":{"rendered":"<p><span style=\"color: #ce0931;\"><b>Descripci\u00f3n:<\/b><\/span><\/p>\n<p><strong>Carboard Applikator-Tampons, 100% Bio-Baumwolle<\/strong><\/p>\n<ul>\n<li>N\u00facleo absorbente de Puro Algod\u00f3n Ecol\u00f3gico Certificado, cultivado sin utilizar pesticidas, herbicidas ni fertilizantes qu\u00edmicos.<\/li>\n<li>Tienen un Velo de Seguridad especial, que envuelve el n\u00facleo absorbente y reduce el riesgo de que las fibras queden atrapadas en la pared vaginal, facilitando su extracci\u00f3n.<\/li>\n<li>No contienen celulosa, perfumes ni pol\u00edmeros superabsorbentes.<\/li>\n<li>Algod\u00f3n purificado sin cloro.<\/li>\n<li>Producto certificado ecol\u00f3gico por ICEA seg\u00fan la norma GOTS.<\/li>\n<li>Producto vegano, no testado en animales y no se han utilizado ingredientes de origen animal.<\/li>\n<li>Regular (6-9 g)<\/li>\n<\/ul>\n","protected":false},"excerpt":{"rendered":"<ul>\n<li style=\"font-weight: 400;\" aria-level=\"1\">100% puro algod\u00f3n natural o ecol\u00f3gico certificado<\/li>\n<li style=\"font-weight: 400;\" aria-level=\"1\">Velo de seguridad que impide que las fibras se adhieran a las paredes vaginales de la mujer (extracci\u00f3n m\u00e1s suave del tamp\u00f3n)<\/li>\n<li style=\"font-weight: 400;\" aria-level=\"1\">Hipoalerg\u00e9nico<\/li>\n<li style=\"font-weight: 400;\" aria-level=\"1\">Sin perfume, sin superabsorbente, sin cloro, sin dioxinas<\/li>\n<li style=\"font-weight: 400;\" aria-level=\"1\">Aplicador de cart\u00f3n<\/li>\n<li style=\"font-weight: 400;\" aria-level=\"1\">Flujo medio<\/li>\n<li style=\"font-weight: 400;\" aria-level=\"1\">192 unidades<\/li>\n<\/ul>\n","protected":false},"featured_media":2418,"template":"","meta":{"inline_featured_image":false},"product_brand":[],"product_cat":[59],"product_tag":[],"class_list":{"0":"post-4488","1":"product","2":"type-product","3":"status-publish","4":"has-post-thumbnail","6":"product_cat-tampons-es","8":"first","9":"instock","10":"taxable","11":"shipping-taxable","12":"purchasable","13":"product-type-simple"},"_links":{"self":[{"href":"https:\/\/iyni-dispenser.com\/es\/wp-json\/wp\/v2\/product\/4488","targetHints":{"allow":["GET"]}}],"collection":[{"href":"https:\/\/iyni-dispenser.com\/es\/wp-json\/wp\/v2\/product"}],"about":[{"href":"https:\/\/iyni-dispenser.com\/es\/wp-json\/wp\/v2\/types\/product"}],"wp:featuredmedia":[{"embeddable":true,"href":"https:\/\/iyni-dispenser.com\/es\/wp-json\/wp\/v2\/media\/2418"}],"wp:attachment":[{"href":"https:\/\/iyni-dispenser.com\/es\/wp-json\/wp\/v2\/media?parent=4488"}],"wp:term":[{"taxonomy":"product_brand","embeddable":true,"href":"https:\/\/iyni-dispenser.com\/es\/wp-json\/wp\/v2\/product_brand?post=4488"},{"taxonomy":"product_cat","embeddable":true,"href":"https:\/\/iyni-dispenser.com\/es\/wp-json\/wp\/v2\/product_cat?post=4488"},{"taxonomy":"product_tag","embeddable":true,"href":"https:\/\/iyni-dispenser.com\/es\/wp-json\/wp\/v2\/product_tag?post=4488"}],"curies":[{"name":"wp","href":"https:\/\/api.w.org\/{rel}","templated":true}]}}