{"id":2116,"date":"2022-10-04T15:20:28","date_gmt":"2022-10-04T13:20:28","guid":{"rendered":"https:\/\/iyni-dispenser.com\/produit\/organic-pads-224\/"},"modified":"2025-02-19T14:09:10","modified_gmt":"2025-02-19T13:09:10","slug":"almohadillas-organicas-224","status":"publish","type":"product","link":"https:\/\/iyni-dispenser.com\/es\/product\/almohadillas-organicas-224\/","title":{"rendered":"Compresas sanitarias biol\u00f3gicas &#8211; 500 unidades"},"content":{"rendered":"<p><span style=\"color: #ce0931;\"><b>Descripci\u00f3n:<\/b><\/span><\/p>\n<p><strong>Compresas de flujo moderado 100% algod\u00f3n org\u00e1nico, con alas<\/strong><\/p>\n<p>Cl\u00ednicamente probadas y adecuadas para pieles sensibles. Hechas de algod\u00f3n 100% org\u00e1nico, con una capa superior de algod\u00f3n org\u00e1nico y un n\u00facleo absorbente. Muy absorbentes. Hipoalerg\u00e9nicas y transpirables. Dise\u00f1o anat\u00f3mico. Alas protectoras. Plegados y envueltos individualmente en una bolsa Mater-bi con el n\u00famero de lote en cada compresa para su trazabilidad.<\/p>\n<p><span style=\"color: #ce0931;\"><b>Detalles t\u00e9cnicos: <\/b><\/span><\/p>\n<ul>\n<li style=\"font-weight: 400;\" aria-level=\"1\">Flujo moderado<\/li>\n<li style=\"font-weight: 400;\" aria-level=\"1\">Protecci\u00f3n cl\u00ednicamente probada para ti y tu piel sensible\u2122 -100% algod\u00f3n org\u00e1nico certificado junto a tu piel y en el interior para absorber<\/li>\n<li style=\"font-weight: 400;\" aria-level=\"1\">Absorci\u00f3n insuperable &#8211; Detiene las fugas<\/li>\n<li style=\"font-weight: 400;\" aria-level=\"1\">Alas que permanecen en su sitio &#8211; Para una mejor protecci\u00f3n y ajuste<\/li>\n<li style=\"font-weight: 400;\" aria-level=\"1\">Sin basura &#8211; Sin cloro, l\u00e1tex, parabenos, perfumes, SAP, pl\u00e1sticos ni materiales artificiales<\/li>\n<li style=\"font-weight: 400;\" aria-level=\"1\">Hipoalerg\u00e9nico y transpirable &#8211; Se mantiene seguro y fresco<\/li>\n<li style=\"font-weight: 400;\" aria-level=\"1\">100% Biodegradable &#8211; Tanto el producto como el envase<\/li>\n<li style=\"font-weight: 400;\" aria-level=\"1\">Certificado GOTS Org\u00e1nico<\/li>\n<li style=\"font-weight: 400;\" aria-level=\"1\">Con n\u00famero de lote en cada compresa<\/li>\n<li style=\"font-weight: 400;\" aria-level=\"1\">Caja de 500 compresas<\/li>\n<\/ul>\n","protected":false},"excerpt":{"rendered":"<ul>\n<li style=\"font-weight: 400;\" aria-level=\"1\">100% algod\u00f3n org\u00e1nico<\/li>\n<li style=\"font-weight: 400;\" aria-level=\"1\">Sin producto sint\u00e9tico, sin SAP, sin pulpa de madera, sin cloro<\/li>\n<li style=\"font-weight: 400;\" aria-level=\"1\">Ultra absorbente gracias a un n\u00facleo de algod\u00f3n org\u00e1nico suave y absorbente<\/li>\n<li style=\"font-weight: 400;\" aria-level=\"1\">Flujo regular<\/li>\n<li style=\"font-weight: 400;\" aria-level=\"1\">Hipoalerg\u00e9nico<\/li>\n<li style=\"font-weight: 400;\" aria-level=\"1\">Transpirable<\/li>\n<\/ul>\n","protected":false},"featured_media":2403,"template":"","meta":{"inline_featured_image":false},"product_brand":[],"product_cat":[57],"product_tag":[],"class_list":{"0":"post-2116","1":"product","2":"type-product","3":"status-publish","4":"has-post-thumbnail","6":"product_cat-pads-es","8":"first","9":"instock","10":"taxable","11":"shipping-taxable","12":"purchasable","13":"product-type-simple"},"_links":{"self":[{"href":"https:\/\/iyni-dispenser.com\/es\/wp-json\/wp\/v2\/product\/2116","targetHints":{"allow":["GET"]}}],"collection":[{"href":"https:\/\/iyni-dispenser.com\/es\/wp-json\/wp\/v2\/product"}],"about":[{"href":"https:\/\/iyni-dispenser.com\/es\/wp-json\/wp\/v2\/types\/product"}],"wp:featuredmedia":[{"embeddable":true,"href":"https:\/\/iyni-dispenser.com\/es\/wp-json\/wp\/v2\/media\/2403"}],"wp:attachment":[{"href":"https:\/\/iyni-dispenser.com\/es\/wp-json\/wp\/v2\/media?parent=2116"}],"wp:term":[{"taxonomy":"product_brand","embeddable":true,"href":"https:\/\/iyni-dispenser.com\/es\/wp-json\/wp\/v2\/product_brand?post=2116"},{"taxonomy":"product_cat","embeddable":true,"href":"https:\/\/iyni-dispenser.com\/es\/wp-json\/wp\/v2\/product_cat?post=2116"},{"taxonomy":"product_tag","embeddable":true,"href":"https:\/\/iyni-dispenser.com\/es\/wp-json\/wp\/v2\/product_tag?post=2116"}],"curies":[{"name":"wp","href":"https:\/\/api.w.org\/{rel}","templated":true}]}}