{"id":1749,"date":"2022-07-12T09:35:32","date_gmt":"2022-07-12T07:35:32","guid":{"rendered":"https:\/\/iyni-dispenser.com\/who-we-are\/"},"modified":"2024-11-13T07:54:16","modified_gmt":"2024-11-13T06:54:16","slug":"quienes-somos-dispensador-de-productos-menstruales","status":"publish","type":"page","link":"https:\/\/iyni-dispenser.com\/es\/quienes-somos-dispensador-de-productos-menstruales\/","title":{"rendered":"\u00bfQUI\u00c9NES SOMOS?"},"content":{"rendered":"<p><div class=\"fusion-fullwidth fullwidth-box fusion-builder-row-1 fusion-flex-container nonhundred-percent-fullwidth non-hundred-percent-height-scrolling\" style=\"--awb-border-radius-top-left:0px;--awb-border-radius-top-right:0px;--awb-border-radius-bottom-right:0px;--awb-border-radius-bottom-left:0px;--awb-padding-top:2em;--awb-padding-bottom:2em;--awb-background-color:#ce0931;--awb-flex-wrap:wrap;\" ><div class=\"fusion-builder-row fusion-row fusion-flex-align-items-center fusion-flex-content-wrap\" style=\"max-width:1289.6px;margin-left: calc(-4% \/ 2 );margin-right: calc(-4% \/ 2 );\"><div class=\"fusion-layout-column fusion_builder_column fusion-builder-column-0 fusion_builder_column_1_4 1_4 fusion-flex-column\" style=\"--awb-bg-size:cover;--awb-width-large:25%;--awb-margin-top-large:0px;--awb-spacing-right-large:7.68%;--awb-margin-bottom-large:20px;--awb-spacing-left-large:7.68%;--awb-width-medium:33.333333333333%;--awb-order-medium:0;--awb-spacing-right-medium:5.76%;--awb-spacing-left-medium:5.76%;--awb-width-small:100%;--awb-order-small:0;--awb-spacing-right-small:1.92%;--awb-spacing-left-small:1.92%;\"><div class=\"fusion-column-wrapper fusion-column-has-shadow fusion-flex-justify-content-flex-start fusion-content-layout-column\"><\/div><\/div><div class=\"fusion-layout-column fusion_builder_column fusion-builder-column-1 fusion_builder_column_1_2 1_2 fusion-flex-column\" style=\"--awb-bg-size:cover;--awb-width-large:50%;--awb-margin-top-large:0px;--awb-spacing-right-large:3.84%;--awb-margin-bottom-large:20px;--awb-spacing-left-large:3.84%;--awb-width-medium:66.666666666667%;--awb-order-medium:0;--awb-spacing-right-medium:2.88%;--awb-spacing-left-medium:2.88%;--awb-width-small:100%;--awb-order-small:0;--awb-spacing-right-small:1.92%;--awb-spacing-left-small:1.92%;\"><div class=\"fusion-column-wrapper fusion-column-has-shadow fusion-flex-justify-content-flex-start fusion-content-layout-column\"><div class=\"fusion-title title fusion-title-1 fusion-sep-none fusion-title-text fusion-title-size-div\" style=\"--awb-text-color:var(--awb-custom_color_1);\"><div class=\"fusion-title-heading title-heading-left title-heading-tag fusion-responsive-typography-calculated\" style=\"margin:0;--fontSize:16;--minFontSize:16;line-height:1.69;\"><h1 style=\"text-align: center;\">\u00bfQui\u00e9nes somos?<\/h1>\n<h2 style=\"text-align: center;\">Descubre nuestro dispensador de productos menstruales<\/h2><\/div><\/div><\/div><\/div><div class=\"fusion-layout-column fusion_builder_column fusion-builder-column-2 fusion_builder_column_1_4 1_4 fusion-flex-column\" style=\"--awb-bg-size:cover;--awb-width-large:25%;--awb-margin-top-large:0px;--awb-spacing-right-large:7.68%;--awb-margin-bottom-large:20px;--awb-spacing-left-large:7.68%;--awb-width-medium:33.333333333333%;--awb-order-medium:0;--awb-spacing-right-medium:5.76%;--awb-spacing-left-medium:5.76%;--awb-width-small:100%;--awb-order-small:0;--awb-spacing-right-small:1.92%;--awb-spacing-left-small:1.92%;\"><div class=\"fusion-column-wrapper fusion-column-has-shadow fusion-flex-justify-content-flex-start fusion-content-layout-column\"><\/div><\/div><\/div><\/div><div class=\"fusion-fullwidth fullwidth-box fusion-builder-row-2 fusion-flex-container fusion-parallax-none nonhundred-percent-fullwidth non-hundred-percent-height-scrolling\" style=\"--awb-border-radius-top-left:0px;--awb-border-radius-top-right:0px;--awb-border-radius-bottom-right:0px;--awb-border-radius-bottom-left:0px;--awb-background-image:url(&quot;https:\/\/iyni-dispenser.com\/wp-content\/uploads\/2022\/07\/background-who-are-we.jpg&quot;);--awb-background-size:cover;--awb-flex-wrap:wrap;\" ><div class=\"fusion-builder-row fusion-row fusion-flex-align-items-center fusion-flex-content-wrap\" style=\"max-width:1289.6px;margin-left: calc(-4% \/ 2 );margin-right: calc(-4% \/ 2 );\"><div class=\"fusion-layout-column fusion_builder_column fusion-builder-column-3 fusion_builder_column_1_2 1_2 fusion-flex-column fusion-flex-align-self-stretch\" style=\"--awb-bg-size:cover;--awb-width-large:50%;--awb-margin-top-large:0px;--awb-spacing-right-large:3.84%;--awb-margin-bottom-large:20px;--awb-spacing-left-large:3.84%;--awb-width-medium:33.333333333333%;--awb-order-medium:0;--awb-spacing-right-medium:5.76%;--awb-spacing-left-medium:5.76%;--awb-width-small:100%;--awb-order-small:0;--awb-spacing-right-small:1.92%;--awb-spacing-left-small:1.92%;\"><div class=\"fusion-column-wrapper fusion-column-has-shadow fusion-flex-justify-content-flex-start fusion-content-layout-column\"><div class=\"fusion-image-element \" style=\"text-align:center;--awb-caption-title-font-family:var(--h2_typography-font-family);--awb-caption-title-font-weight:var(--h2_typography-font-weight);--awb-caption-title-font-style:var(--h2_typography-font-style);--awb-caption-title-size:var(--h2_typography-font-size);--awb-caption-title-transform:var(--h2_typography-text-transform);--awb-caption-title-line-height:var(--h2_typography-line-height);--awb-caption-title-letter-spacing:var(--h2_typography-letter-spacing);\"><span class=\" fusion-imageframe imageframe-none imageframe-1 hover-type-none\"><img decoding=\"async\" width=\"516\" height=\"1069\" title=\"trombinoscope\" src=\"https:\/\/iyni-dispenser.com\/wp-content\/uploads\/2022\/07\/trombinoscope.jpg\" alt class=\"img-responsive wp-image-692\" srcset=\"https:\/\/iyni-dispenser.com\/wp-content\/uploads\/2022\/07\/trombinoscope-200x414.jpg 200w, https:\/\/iyni-dispenser.com\/wp-content\/uploads\/2022\/07\/trombinoscope-400x829.jpg 400w, https:\/\/iyni-dispenser.com\/wp-content\/uploads\/2022\/07\/trombinoscope.jpg 516w\" sizes=\"(max-width: 640px) 100vw, 516px\" \/><\/span><\/div><\/div><\/div><div class=\"fusion-layout-column fusion_builder_column fusion-builder-column-4 fusion_builder_column_1_2 1_2 fusion-flex-column fusion-flex-align-self-center\" style=\"--awb-padding-top:2em;--awb-padding-bottom:2em;--awb-bg-size:cover;--awb-width-large:50%;--awb-margin-top-large:0px;--awb-spacing-right-large:3.84%;--awb-margin-bottom-large:20px;--awb-spacing-left-large:3.84%;--awb-width-medium:66.666666666667%;--awb-order-medium:0;--awb-spacing-right-medium:2.88%;--awb-spacing-left-medium:2.88%;--awb-width-small:100%;--awb-order-small:0;--awb-spacing-right-small:1.92%;--awb-spacing-left-small:1.92%;\"><div class=\"fusion-column-wrapper fusion-column-has-shadow fusion-flex-justify-content-flex-start fusion-content-layout-column\"><div class=\"fusion-title title fusion-title-2 fusion-sep-none fusion-title-text fusion-title-size-div\"><div class=\"fusion-title-heading title-heading-left title-heading-tag fusion-responsive-typography-calculated\" style=\"margin:0;--fontSize:16;--minFontSize:16;line-height:1.69;\"><h2 style=\"text-align: center;\">Misi\u00f3n<\/h2><\/div><\/div><div class=\"fusion-text fusion-text-1\"><p style=\"text-align: center;\"><i><span style=\"font-weight: 400;\">En IYNI queremos que la protecci\u00f3n menstrual est\u00e9 al alcance de todo el mundo y sea gratuita en todas partes<\/span><\/i><\/p>\n<p>La mujer media tiene la regla durante 38 a\u00f1os. 38 a\u00f1os durante los cuales tiene que comprar protecci\u00f3n sanitaria. En los \u00faltimos a\u00f1os, muchos pa\u00edses han comprendido que la protecci\u00f3n menstrual es una necesidad b\u00e1sica, al igual que otros productos de higiene, y est\u00e1n<br \/>\nreduciendo gradualmente los impuestos sobre las compresas y los tampones.<\/p>\n<p>A menor escala, ciudades y universidades organizan distribuciones de productos menstruales desechables o reutilizables para ofrecer protecci\u00f3n menstrual gratuita y sensibilizar y educar sobre el tema. Pero sigue siendo muy frecuente que las mujeres se encuentren sin protecci\u00f3n para el periodo. Las primeras reglas, reglas inesperadas, protecci\u00f3n olvidada, falta de medios&#8230; y, por desgracia, sin tamp\u00f3n o compresa consigo, no siempre hay una soluci\u00f3n r\u00e1pida para remediar a la situaci\u00f3n.<\/p>\n<p>En IYNI, creemos que la protecci\u00f3n sanitaria debe ser accesible para todos, con toda sencillez, porque todas las mujeres la necesitan. En los aseos de las empresas o de las escuelas hay papel higi\u00e9nico, jab\u00f3n y papel para secarse las manos, pero no compresas ni tampones. Sin\u00a0embargo, la menstruaci\u00f3n forma parte de la vida de una mujer y la protecci\u00f3n menstrual debe ser f\u00e1cilmente accesible.<\/p>\n<p>Por eso decidimos crear dispensadores de protecci\u00f3n sanitaria (<a href=\"https:\/\/iyni-dispenser.com\/es\/nuestros-dispensadores\/\">dispensadores de compresas<\/a>, dispensadores de tampones) que proporcionan compresas sanitarias y tampones gratuitos en empresas, colegios,\u00a0universidades, pero tambi\u00e9n en restaurantes y ciudades.<\/p>\n<p>De este modo, las mujeres que no pueden permitirse compresas sanitarias y tampones o que no llevan ninguna protecci\u00f3n peri\u00f3dica podr\u00e1n beneficiarse de compresas sanitarias o tampones gratuitos. Nuestra misi\u00f3n es hacer que esta categor\u00eda de productos sea f\u00e1cilmente accesible en la mayor\u00eda de los lugares posible.<\/p>\n<p style=\"text-align: center;\"><span style=\"color: #ff7676;\"><b>\u00abSi lo necesitas\u00bb,<\/b><span style=\"font-weight: 400;\">\u00a0<\/span><\/span><\/p>\n<p>tenemos los productos que necesitas. Atendemos las necesidades de todas las mujeres. Nuestros dispensadores de protecci\u00f3n menstrual permiten ofrecer una protecci\u00f3n menstrual gratuita y garantizar as\u00ed una mejor accesibilidad a este tipo de productos, pero tambi\u00e9n permiten a las mujeres sentirse m\u00e1s libres durante su periodo. Al ofrecerles un dispensador de protecci\u00f3n menstrual, les demuestra que considera la menstruaci\u00f3n como un ciclo vital normal y relaja el tema.<\/p>\n<\/div><\/div><\/div><\/div><\/div><div class=\"fusion-fullwidth fullwidth-box fusion-builder-row-3 fusion-flex-container fusion-parallax-none nonhundred-percent-fullwidth non-hundred-percent-height-scrolling\" style=\"--awb-border-radius-top-left:0px;--awb-border-radius-top-right:0px;--awb-border-radius-bottom-right:0px;--awb-border-radius-bottom-left:0px;--awb-padding-top:4em;--awb-padding-bottom:2em;--awb-background-image:url(&quot;https:\/\/iyni-dispenser.com\/wp-content\/uploads\/2022\/07\/background-who-are-we-2.jpg&quot;);--awb-background-size:cover;--awb-flex-wrap:wrap;\" ><div class=\"fusion-builder-row fusion-row fusion-flex-align-items-flex-start fusion-flex-content-wrap\" style=\"max-width:1289.6px;margin-left: calc(-4% \/ 2 );margin-right: calc(-4% \/ 2 );\"><div class=\"fusion-layout-column fusion_builder_column fusion-builder-column-5 fusion_builder_column_1_2 1_2 fusion-flex-column\" style=\"--awb-bg-size:cover;--awb-width-large:50%;--awb-margin-top-large:0px;--awb-spacing-right-large:3.84%;--awb-margin-bottom-large:20px;--awb-spacing-left-large:3.84%;--awb-width-medium:50%;--awb-order-medium:0;--awb-spacing-right-medium:3.84%;--awb-spacing-left-medium:3.84%;--awb-width-small:100%;--awb-order-small:0;--awb-spacing-right-small:1.92%;--awb-spacing-left-small:1.92%;\"><div class=\"fusion-column-wrapper fusion-column-has-shadow fusion-flex-justify-content-flex-start fusion-content-layout-column\"><div class=\"fusion-title title fusion-title-3 fusion-sep-none fusion-title-text fusion-title-size-div\"><div class=\"fusion-title-heading title-heading-left title-heading-tag fusion-responsive-typography-calculated\" style=\"margin:0;--fontSize:16;--minFontSize:16;line-height:1.69;\"><h2 style=\"text-align: center;\">Fabricaci\u00f3n<\/h2><\/div><\/div><div class=\"fusion-text fusion-text-2\"><p>IYNI le ofrece dispensadores de protecci\u00f3n sanitaria dise\u00f1ados en Suiza y producidos en Europa en nuestros talleres con materiales de calidad para garantizar su longevidad.<\/p>\n<p>En efecto, nuestros dispensadores de protecci\u00f3n menstrual est\u00e1n fabricados en acero con recubrimiento de polvo, lo que garantiza su resistencia y dise\u00f1o. Han sido concebidos para integrarse sobriamente en sus oficinas o cuartos de ba\u00f1o, con sus colores blanco y gris, se integran bien en el paisaje. Adem\u00e1s, no ofrecemos solo cajas en las que colocar la protecci\u00f3n menstrual, sino dispensadores que han sido dise\u00f1ados para ser f\u00e1ciles de usar.<\/p>\n<p>El dise\u00f1o patentado de nuestros dispensadores de protecci\u00f3n menstrual garantiza que las compresas y los tampones no puedan ser manipulados por otras personas y devueltos al dispensador (excepto por la persona que rellena las compresas), lo que garantiza la higiene y la seguridad. Adem\u00e1s, las compresas no quedan sueltas en el dispensador, sino que se guardan de forma ordenada, de modo que no se atascan en el dispensador de protecci\u00f3n menstrual y \u00e9ste queda inutilizable.<\/p>\n<\/div><\/div><\/div><div class=\"fusion-layout-column fusion_builder_column fusion-builder-column-6 fusion_builder_column_1_2 1_2 fusion-flex-column\" style=\"--awb-bg-size:cover;--awb-width-large:50%;--awb-margin-top-large:0px;--awb-spacing-right-large:3.84%;--awb-margin-bottom-large:20px;--awb-spacing-left-large:3.84%;--awb-width-medium:50%;--awb-order-medium:0;--awb-spacing-right-medium:3.84%;--awb-spacing-left-medium:3.84%;--awb-width-small:100%;--awb-order-small:0;--awb-spacing-right-small:1.92%;--awb-spacing-left-small:1.92%;\"><div class=\"fusion-column-wrapper fusion-column-has-shadow fusion-flex-justify-content-flex-start fusion-content-layout-column\"><div class=\"fusion-image-element \" style=\"--awb-caption-title-font-family:var(--h2_typography-font-family);--awb-caption-title-font-weight:var(--h2_typography-font-weight);--awb-caption-title-font-style:var(--h2_typography-font-style);--awb-caption-title-size:var(--h2_typography-font-size);--awb-caption-title-transform:var(--h2_typography-text-transform);--awb-caption-title-line-height:var(--h2_typography-line-height);--awb-caption-title-letter-spacing:var(--h2_typography-letter-spacing);\"><span class=\" fusion-imageframe imageframe-none imageframe-2 hover-type-none\"><img decoding=\"async\" width=\"1262\" height=\"947\" title=\"atelier-1\" src=\"https:\/\/iyni-dispenser.com\/wp-content\/uploads\/2022\/07\/atelier-1.jpg\" alt class=\"img-responsive wp-image-1465\" srcset=\"https:\/\/iyni-dispenser.com\/wp-content\/uploads\/2022\/07\/atelier-1-200x150.jpg 200w, https:\/\/iyni-dispenser.com\/wp-content\/uploads\/2022\/07\/atelier-1-400x300.jpg 400w, https:\/\/iyni-dispenser.com\/wp-content\/uploads\/2022\/07\/atelier-1-600x450.jpg 600w, https:\/\/iyni-dispenser.com\/wp-content\/uploads\/2022\/07\/atelier-1-800x600.jpg 800w, https:\/\/iyni-dispenser.com\/wp-content\/uploads\/2022\/07\/atelier-1-1200x900.jpg 1200w, https:\/\/iyni-dispenser.com\/wp-content\/uploads\/2022\/07\/atelier-1.jpg 1262w\" sizes=\"(max-width: 640px) 100vw, 600px\" \/><\/span><\/div><\/div><\/div><\/div><\/div><div class=\"fusion-fullwidth fullwidth-box fusion-builder-row-4 fusion-flex-container nonhundred-percent-fullwidth non-hundred-percent-height-scrolling\" style=\"--awb-border-radius-top-left:0px;--awb-border-radius-top-right:0px;--awb-border-radius-bottom-right:0px;--awb-border-radius-bottom-left:0px;--awb-padding-top:4em;--awb-padding-bottom:2em;--awb-flex-wrap:wrap;\" ><div class=\"fusion-builder-row fusion-row fusion-flex-align-items-flex-start fusion-flex-content-wrap\" style=\"max-width:1289.6px;margin-left: calc(-4% \/ 2 );margin-right: calc(-4% \/ 2 );\"><div class=\"fusion-layout-column fusion_builder_column fusion-builder-column-7 fusion_builder_column_1_3 1_3 fusion-flex-column\" style=\"--awb-bg-size:cover;--awb-width-large:33.333333333333%;--awb-margin-top-large:0px;--awb-spacing-right-large:5.76%;--awb-margin-bottom-large:20px;--awb-spacing-left-large:5.76%;--awb-width-medium:33.333333333333%;--awb-order-medium:0;--awb-spacing-right-medium:5.76%;--awb-spacing-left-medium:5.76%;--awb-width-small:100%;--awb-order-small:0;--awb-spacing-right-small:1.92%;--awb-spacing-left-small:1.92%;\"><div class=\"fusion-column-wrapper fusion-column-has-shadow fusion-flex-justify-content-flex-start fusion-content-layout-column\"><div class=\"fusion-image-element \" style=\"--awb-aspect-ratio:1 \/ 1;--awb-caption-title-font-family:var(--h2_typography-font-family);--awb-caption-title-font-weight:var(--h2_typography-font-weight);--awb-caption-title-font-style:var(--h2_typography-font-style);--awb-caption-title-size:var(--h2_typography-font-size);--awb-caption-title-transform:var(--h2_typography-text-transform);--awb-caption-title-line-height:var(--h2_typography-line-height);--awb-caption-title-letter-spacing:var(--h2_typography-letter-spacing);\"><span class=\" fusion-imageframe imageframe-none imageframe-3 hover-type-none has-aspect-ratio\"><img decoding=\"async\" width=\"943\" height=\"941\" title=\"atelier-3\" src=\"https:\/\/iyni-dispenser.com\/wp-content\/uploads\/2022\/07\/atelier-3.jpg\" class=\"img-responsive wp-image-1469 img-with-aspect-ratio\" data-parent-fit=\"cover\" data-parent-container=\".fusion-image-element\" alt srcset=\"https:\/\/iyni-dispenser.com\/wp-content\/uploads\/2022\/07\/atelier-3-200x200.jpg 200w, https:\/\/iyni-dispenser.com\/wp-content\/uploads\/2022\/07\/atelier-3-400x399.jpg 400w, https:\/\/iyni-dispenser.com\/wp-content\/uploads\/2022\/07\/atelier-3-600x599.jpg 600w, https:\/\/iyni-dispenser.com\/wp-content\/uploads\/2022\/07\/atelier-3-800x798.jpg 800w, https:\/\/iyni-dispenser.com\/wp-content\/uploads\/2022\/07\/atelier-3.jpg 943w\" sizes=\"(max-width: 640px) 100vw, 400px\" \/><\/span><\/div><\/div><\/div><div class=\"fusion-layout-column fusion_builder_column fusion-builder-column-8 fusion_builder_column_1_3 1_3 fusion-flex-column\" style=\"--awb-bg-size:cover;--awb-width-large:33.333333333333%;--awb-margin-top-large:0px;--awb-spacing-right-large:5.76%;--awb-margin-bottom-large:20px;--awb-spacing-left-large:5.76%;--awb-width-medium:33.333333333333%;--awb-order-medium:0;--awb-spacing-right-medium:5.76%;--awb-spacing-left-medium:5.76%;--awb-width-small:100%;--awb-order-small:0;--awb-spacing-right-small:1.92%;--awb-spacing-left-small:1.92%;\"><div class=\"fusion-column-wrapper fusion-column-has-shadow fusion-flex-justify-content-flex-start fusion-content-layout-column\"><div class=\"fusion-image-element \" style=\"--awb-aspect-ratio:1 \/ 1;--awb-caption-title-font-family:var(--h2_typography-font-family);--awb-caption-title-font-weight:var(--h2_typography-font-weight);--awb-caption-title-font-style:var(--h2_typography-font-style);--awb-caption-title-size:var(--h2_typography-font-size);--awb-caption-title-transform:var(--h2_typography-text-transform);--awb-caption-title-line-height:var(--h2_typography-line-height);--awb-caption-title-letter-spacing:var(--h2_typography-letter-spacing);\"><span class=\" fusion-imageframe imageframe-none imageframe-4 hover-type-none has-aspect-ratio\"><img decoding=\"async\" width=\"1258\" height=\"944\" alt=\"Convenient sanitary product dispenser\" title=\"atelier-2\" src=\"https:\/\/iyni-dispenser.com\/wp-content\/uploads\/2022\/07\/atelier-2.jpg\" class=\"img-responsive wp-image-1473 img-with-aspect-ratio\" data-parent-fit=\"cover\" data-parent-container=\".fusion-image-element\" srcset=\"https:\/\/iyni-dispenser.com\/wp-content\/uploads\/2022\/07\/atelier-2-200x150.jpg 200w, https:\/\/iyni-dispenser.com\/wp-content\/uploads\/2022\/07\/atelier-2-400x300.jpg 400w, https:\/\/iyni-dispenser.com\/wp-content\/uploads\/2022\/07\/atelier-2-600x450.jpg 600w, https:\/\/iyni-dispenser.com\/wp-content\/uploads\/2022\/07\/atelier-2-800x600.jpg 800w, https:\/\/iyni-dispenser.com\/wp-content\/uploads\/2022\/07\/atelier-2-1200x900.jpg 1200w, https:\/\/iyni-dispenser.com\/wp-content\/uploads\/2022\/07\/atelier-2.jpg 1258w\" sizes=\"(max-width: 640px) 100vw, 400px\" \/><\/span><\/div><\/div><\/div><div class=\"fusion-layout-column fusion_builder_column fusion-builder-column-9 fusion_builder_column_1_3 1_3 fusion-flex-column\" style=\"--awb-bg-size:cover;--awb-width-large:33.333333333333%;--awb-margin-top-large:0px;--awb-spacing-right-large:5.76%;--awb-margin-bottom-large:20px;--awb-spacing-left-large:5.76%;--awb-width-medium:33.333333333333%;--awb-order-medium:0;--awb-spacing-right-medium:5.76%;--awb-spacing-left-medium:5.76%;--awb-width-small:100%;--awb-order-small:0;--awb-spacing-right-small:1.92%;--awb-spacing-left-small:1.92%;\"><div class=\"fusion-column-wrapper fusion-column-has-shadow fusion-flex-justify-content-flex-start fusion-content-layout-column\"><div class=\"fusion-image-element \" style=\"--awb-aspect-ratio:1 \/ 1;--awb-caption-title-font-family:var(--h2_typography-font-family);--awb-caption-title-font-weight:var(--h2_typography-font-weight);--awb-caption-title-font-style:var(--h2_typography-font-style);--awb-caption-title-size:var(--h2_typography-font-size);--awb-caption-title-transform:var(--h2_typography-text-transform);--awb-caption-title-line-height:var(--h2_typography-line-height);--awb-caption-title-letter-spacing:var(--h2_typography-letter-spacing);\"><span class=\" fusion-imageframe imageframe-none imageframe-5 hover-type-none has-aspect-ratio\"><img decoding=\"async\" width=\"705\" height=\"936\" title=\"atelier-4\" src=\"https:\/\/iyni-dispenser.com\/wp-content\/uploads\/2022\/07\/atelier-4.jpg\" class=\"img-responsive wp-image-1477 img-with-aspect-ratio\" data-parent-fit=\"cover\" data-parent-container=\".fusion-image-element\" alt srcset=\"https:\/\/iyni-dispenser.com\/wp-content\/uploads\/2022\/07\/atelier-4-200x266.jpg 200w, https:\/\/iyni-dispenser.com\/wp-content\/uploads\/2022\/07\/atelier-4-400x531.jpg 400w, https:\/\/iyni-dispenser.com\/wp-content\/uploads\/2022\/07\/atelier-4-600x797.jpg 600w, https:\/\/iyni-dispenser.com\/wp-content\/uploads\/2022\/07\/atelier-4.jpg 705w\" sizes=\"(max-width: 640px) 100vw, 400px\" \/><\/span><\/div><\/div><\/div><\/div><\/div><div class=\"fusion-fullwidth fullwidth-box fusion-builder-row-5 fusion-flex-container nonhundred-percent-fullwidth non-hundred-percent-height-scrolling\" style=\"--awb-border-radius-top-left:0px;--awb-border-radius-top-right:0px;--awb-border-radius-bottom-right:0px;--awb-border-radius-bottom-left:0px;--awb-padding-top:50px;--awb-padding-bottom:50px;--awb-flex-wrap:wrap;\" ><div class=\"fusion-builder-row fusion-row fusion-flex-align-items-flex-start fusion-flex-content-wrap\" style=\"max-width:1289.6px;margin-left: calc(-4% \/ 2 );margin-right: calc(-4% \/ 2 );\"><div class=\"fusion-layout-column fusion_builder_column fusion-builder-column-10 fusion_builder_column_1_1 1_1 fusion-flex-column\" style=\"--awb-bg-size:cover;--awb-width-large:100%;--awb-margin-top-large:0px;--awb-spacing-right-large:1.92%;--awb-margin-bottom-large:20px;--awb-spacing-left-large:1.92%;--awb-width-medium:100%;--awb-order-medium:0;--awb-spacing-right-medium:1.92%;--awb-spacing-left-medium:1.92%;--awb-width-small:100%;--awb-order-small:0;--awb-spacing-right-small:1.92%;--awb-spacing-left-small:1.92%;\"><div class=\"fusion-column-wrapper fusion-column-has-shadow fusion-flex-justify-content-flex-start fusion-content-layout-column\"><div class=\"fusion-text fusion-text-3\"><p><strong>Para obtener informaci\u00f3n completa sobre la salud menstrual, explora los siguientes recursos de confianza:<\/strong><\/p>\n<p>Para obtener m\u00e1s informaci\u00f3n sobre la salud y la higiene de las mujeres en Espa\u00f1a, el sitio del Instituto de las Mujeres (<em>Instituto de las Mujeres<\/em>) es una fuente confiable y completa. Aqu\u00ed puedes encontrar recursos y datos sobre temas como la salud reproductiva, los derechos de las mujeres, y la prevenci\u00f3n de la precariedad menstrual. Visita su p\u00e1gina web para explorar todos estos temas y mucho m\u00e1s:\u00a0<a href=\"https:\/\/www.inmujeres.gob.es\/\" target=\"_new\" rel=\"noopener\">inmujeres.gob.es<\/a>.<\/p>\n<\/div><\/div><\/div><\/div><\/div><\/p>\n","protected":false},"excerpt":{"rendered":"","protected":false},"author":1,"featured_media":0,"parent":0,"menu_order":0,"comment_status":"closed","ping_status":"closed","template":"100-width.php","meta":{"inline_featured_image":false,"footnotes":""},"class_list":["post-1749","page","type-page","status-publish","hentry"],"_links":{"self":[{"href":"https:\/\/iyni-dispenser.com\/es\/wp-json\/wp\/v2\/pages\/1749","targetHints":{"allow":["GET"]}}],"collection":[{"href":"https:\/\/iyni-dispenser.com\/es\/wp-json\/wp\/v2\/pages"}],"about":[{"href":"https:\/\/iyni-dispenser.com\/es\/wp-json\/wp\/v2\/types\/page"}],"author":[{"embeddable":true,"href":"https:\/\/iyni-dispenser.com\/es\/wp-json\/wp\/v2\/users\/1"}],"replies":[{"embeddable":true,"href":"https:\/\/iyni-dispenser.com\/es\/wp-json\/wp\/v2\/comments?post=1749"}],"version-history":[{"count":13,"href":"https:\/\/iyni-dispenser.com\/es\/wp-json\/wp\/v2\/pages\/1749\/revisions"}],"predecessor-version":[{"id":5779,"href":"https:\/\/iyni-dispenser.com\/es\/wp-json\/wp\/v2\/pages\/1749\/revisions\/5779"}],"wp:attachment":[{"href":"https:\/\/iyni-dispenser.com\/es\/wp-json\/wp\/v2\/media?parent=1749"}],"curies":[{"name":"wp","href":"https:\/\/api.w.org\/{rel}","templated":true}]}}