{"id":1745,"date":"2022-07-12T22:04:52","date_gmt":"2022-07-12T20:04:52","guid":{"rendered":"https:\/\/iyni-dispenser.com\/toxic-shock-syndrome\/"},"modified":"2022-11-08T18:26:20","modified_gmt":"2022-11-08T17:26:20","slug":"shock-toxico","status":"publish","type":"page","link":"https:\/\/iyni-dispenser.com\/es\/shock-toxico\/","title":{"rendered":"S\u00edndrome de shock t\u00f3xico"},"content":{"rendered":"<p><div class=\"fusion-fullwidth fullwidth-box fusion-builder-row-1 fusion-flex-container nonhundred-percent-fullwidth non-hundred-percent-height-scrolling\" style=\"--awb-border-radius-top-left:0px;--awb-border-radius-top-right:0px;--awb-border-radius-bottom-right:0px;--awb-border-radius-bottom-left:0px;--awb-padding-top:2em;--awb-padding-bottom:2em;--awb-background-color:#ce0931;--awb-flex-wrap:wrap;\" ><div class=\"fusion-builder-row fusion-row fusion-flex-align-items-center fusion-flex-content-wrap\" style=\"max-width:1289.6px;margin-left: calc(-4% \/ 2 );margin-right: calc(-4% \/ 2 );\"><div class=\"fusion-layout-column fusion_builder_column fusion-builder-column-0 fusion_builder_column_1_4 1_4 fusion-flex-column\" style=\"--awb-bg-size:cover;--awb-width-large:25%;--awb-margin-top-large:0px;--awb-spacing-right-large:7.68%;--awb-margin-bottom-large:20px;--awb-spacing-left-large:7.68%;--awb-width-medium:33.333333333333%;--awb-order-medium:0;--awb-spacing-right-medium:5.76%;--awb-spacing-left-medium:5.76%;--awb-width-small:100%;--awb-order-small:0;--awb-spacing-right-small:1.92%;--awb-spacing-left-small:1.92%;\"><div class=\"fusion-column-wrapper fusion-column-has-shadow fusion-flex-justify-content-flex-start fusion-content-layout-column\"><\/div><\/div><div class=\"fusion-layout-column fusion_builder_column fusion-builder-column-1 fusion_builder_column_1_2 1_2 fusion-flex-column\" style=\"--awb-bg-size:cover;--awb-width-large:50%;--awb-margin-top-large:0px;--awb-spacing-right-large:3.84%;--awb-margin-bottom-large:20px;--awb-spacing-left-large:3.84%;--awb-width-medium:66.666666666667%;--awb-order-medium:0;--awb-spacing-right-medium:2.88%;--awb-spacing-left-medium:2.88%;--awb-width-small:100%;--awb-order-small:0;--awb-spacing-right-small:1.92%;--awb-spacing-left-small:1.92%;\"><div class=\"fusion-column-wrapper fusion-column-has-shadow fusion-flex-justify-content-flex-start fusion-content-layout-column\"><div class=\"fusion-title title fusion-title-1 fusion-sep-none fusion-title-text fusion-title-size-div\" style=\"--awb-text-color:var(--awb-custom_color_1);\"><div class=\"fusion-title-heading title-heading-left title-heading-tag fusion-responsive-typography-calculated\" style=\"margin:0;--fontSize:16;--minFontSize:16;line-height:1.69;\"><h1 style=\"text-align: center;\">S\u00edndrome de shock t\u00f3xico<\/h1><\/div><\/div><\/div><\/div><div class=\"fusion-layout-column fusion_builder_column fusion-builder-column-2 fusion_builder_column_1_4 1_4 fusion-flex-column\" style=\"--awb-bg-size:cover;--awb-width-large:25%;--awb-margin-top-large:0px;--awb-spacing-right-large:7.68%;--awb-margin-bottom-large:20px;--awb-spacing-left-large:7.68%;--awb-width-medium:33.333333333333%;--awb-order-medium:0;--awb-spacing-right-medium:5.76%;--awb-spacing-left-medium:5.76%;--awb-width-small:100%;--awb-order-small:0;--awb-spacing-right-small:1.92%;--awb-spacing-left-small:1.92%;\"><div class=\"fusion-column-wrapper fusion-column-has-shadow fusion-flex-justify-content-flex-start fusion-content-layout-column\"><\/div><\/div><\/div><\/div><div class=\"fusion-fullwidth fullwidth-box fusion-builder-row-2 fusion-flex-container nonhundred-percent-fullwidth non-hundred-percent-height-scrolling\" style=\"--awb-border-radius-top-left:0px;--awb-border-radius-top-right:0px;--awb-border-radius-bottom-right:0px;--awb-border-radius-bottom-left:0px;--awb-padding-top:2em;--awb-padding-bottom:0px;--awb-background-color:var(--awb-custom_color_2);--awb-flex-wrap:wrap;\" ><div class=\"fusion-builder-row fusion-row fusion-flex-align-items-center fusion-flex-content-wrap\" style=\"max-width:1289.6px;margin-left: calc(-4% \/ 2 );margin-right: calc(-4% \/ 2 );\"><div class=\"fusion-layout-column fusion_builder_column fusion-builder-column-3 fusion_builder_column_1_5 1_5 fusion-flex-column fusion-flex-align-self-center\" style=\"--awb-bg-size:cover;--awb-width-large:20%;--awb-margin-top-large:0px;--awb-spacing-right-large:9.6%;--awb-margin-bottom-large:0px;--awb-spacing-left-large:9.6%;--awb-width-medium:20%;--awb-order-medium:0;--awb-spacing-right-medium:9.6%;--awb-spacing-left-medium:9.6%;--awb-width-small:100%;--awb-order-small:0;--awb-spacing-right-small:1.92%;--awb-spacing-left-small:1.92%;\"><div class=\"fusion-column-wrapper fusion-column-has-shadow fusion-flex-justify-content-flex-start fusion-content-layout-column\"><div class=\"fusion-image-element \" style=\"--awb-margin-bottom:0px;--awb-caption-title-font-family:var(--h2_typography-font-family);--awb-caption-title-font-weight:var(--h2_typography-font-weight);--awb-caption-title-font-style:var(--h2_typography-font-style);--awb-caption-title-size:var(--h2_typography-font-size);--awb-caption-title-transform:var(--h2_typography-text-transform);--awb-caption-title-line-height:var(--h2_typography-line-height);--awb-caption-title-letter-spacing:var(--h2_typography-letter-spacing);\"><span class=\" fusion-imageframe imageframe-none imageframe-1 hover-type-none\"><img decoding=\"async\" width=\"620\" height=\"413\" alt=\"Automatic dispenser for cotton pads\" title=\"pads-tampons\" src=\"https:\/\/iyni-dispenser.com\/wp-content\/uploads\/2022\/07\/pads-tampons.png\" class=\"img-responsive wp-image-815\" srcset=\"https:\/\/iyni-dispenser.com\/wp-content\/uploads\/2022\/07\/pads-tampons-200x133.png 200w, https:\/\/iyni-dispenser.com\/wp-content\/uploads\/2022\/07\/pads-tampons-400x266.png 400w, https:\/\/iyni-dispenser.com\/wp-content\/uploads\/2022\/07\/pads-tampons-600x400.png 600w, https:\/\/iyni-dispenser.com\/wp-content\/uploads\/2022\/07\/pads-tampons.png 620w\" sizes=\"(max-width: 640px) 100vw, 400px\" \/><\/span><\/div><\/div><\/div><div class=\"fusion-layout-column fusion_builder_column fusion-builder-column-4 fusion_builder_column_4_5 4_5 fusion-flex-column\" style=\"--awb-padding-right:15%;--awb-bg-size:cover;--awb-width-large:80%;--awb-margin-top-large:0px;--awb-spacing-right-large:2.4%;--awb-margin-bottom-large:20px;--awb-spacing-left-large:2.4%;--awb-width-medium:80%;--awb-order-medium:0;--awb-spacing-right-medium:2.4%;--awb-spacing-left-medium:2.4%;--awb-width-small:100%;--awb-order-small:0;--awb-spacing-right-small:1.92%;--awb-spacing-left-small:1.92%;\"><div class=\"fusion-column-wrapper fusion-column-has-shadow fusion-flex-justify-content-flex-start fusion-content-layout-column\"><div class=\"fusion-text fusion-text-1\"><p>Si usas habitualmente tampones, debes tener cuidado con tu higiene antes de ponerte o quitarte el tamp\u00f3n, pero tambi\u00e9n presta atenci\u00f3n a la duraci\u00f3n del uso del tamp\u00f3n. De hecho, si mantienes el tamp\u00f3n durante mucho tiempo, podr\u00edas desarrollar un s\u00edndrome de shock t\u00f3xico. El s\u00edndrome de shock t\u00f3xico (SST) puede ser causado por llevar un tamp\u00f3n o una copa menstrual durante demasiado tiempo (m\u00e1s de 4 a 6 horas). De hecho, algunas mujeres son portadoras de la bacteria Staphylococcus aureus, productora de TSST-1, en la vagina y el uso de un tamp\u00f3n puede bloquear las bacterias en la vagina (no todas las mujeres con Staphylococcus aureus desarrollan el s\u00edndrome de shock t\u00f3xico). La bacteria se multiplica en el cuerpo y crea toxinas peligrosas que pueden da\u00f1ar el cuerpo y ser peligrosas para la salud. De hecho, estas toxinas pasan a la sangre y pueden da\u00f1ar algunos \u00f3rganos: coraz\u00f3n, h\u00edgado, pulmones&#8230; Si el shock es demasiado importante, puede llevar a la amputaci\u00f3n de algunas partes del cuerpo o incluso a la muerte. Los s\u00edntomas del s\u00edndrome de shock t\u00f3xico son similares a los de la gripe: dolores de cabeza, v\u00f3mitos, diarrea, fiebre alta, dolor de garganta o sarpullidos. El s\u00edndrome de shock t\u00f3xico puede incluso llevar a la p\u00e9rdida de conciencia.<br \/>\nSi sufres estos s\u00edntomas y te has puesto un tamp\u00f3n, acude directamente a un servicio de urgencias para recibir un diagn\u00f3stico y antibi\u00f3ticos. Aunque existen algunos riesgos si llevas un tamp\u00f3n demasiado tiempo, no tienes que evitar este producto sanitario excepto si ya has tenido el s\u00edndrome del shock t\u00f3xico. Si sigues algunas instrucciones, reduces el riesgo de padecer el s\u00edndrome de shock t\u00f3xico. Por ejemplo,<br \/>\ntienes que cambiarte el tamp\u00f3n (o la copa menstrual) cada 4 o 6 horas, no se recomienda llevar un tamp\u00f3n durante la noche (prefiere las compresas o las bragas menstruales). Adem\u00e1s, tienes que lavarte las manos antes y despu\u00e9s de ponerte o quitarte el tamp\u00f3n. Por \u00faltimo, no lleves un tamp\u00f3n si no tienes la menstruaci\u00f3n.<\/p>\n<\/div><\/div><\/div><\/div><\/div><\/p>\n","protected":false},"excerpt":{"rendered":"","protected":false},"author":1,"featured_media":0,"parent":0,"menu_order":0,"comment_status":"closed","ping_status":"closed","template":"100-width.php","meta":{"inline_featured_image":false,"footnotes":""},"class_list":["post-1745","page","type-page","status-publish","hentry"],"_links":{"self":[{"href":"https:\/\/iyni-dispenser.com\/es\/wp-json\/wp\/v2\/pages\/1745","targetHints":{"allow":["GET"]}}],"collection":[{"href":"https:\/\/iyni-dispenser.com\/es\/wp-json\/wp\/v2\/pages"}],"about":[{"href":"https:\/\/iyni-dispenser.com\/es\/wp-json\/wp\/v2\/types\/page"}],"author":[{"embeddable":true,"href":"https:\/\/iyni-dispenser.com\/es\/wp-json\/wp\/v2\/users\/1"}],"replies":[{"embeddable":true,"href":"https:\/\/iyni-dispenser.com\/es\/wp-json\/wp\/v2\/comments?post=1745"}],"version-history":[{"count":4,"href":"https:\/\/iyni-dispenser.com\/es\/wp-json\/wp\/v2\/pages\/1745\/revisions"}],"predecessor-version":[{"id":2340,"href":"https:\/\/iyni-dispenser.com\/es\/wp-json\/wp\/v2\/pages\/1745\/revisions\/2340"}],"wp:attachment":[{"href":"https:\/\/iyni-dispenser.com\/es\/wp-json\/wp\/v2\/media?parent=1745"}],"curies":[{"name":"wp","href":"https:\/\/api.w.org\/{rel}","templated":true}]}}