{"id":6800,"date":"2025-02-18T16:32:15","date_gmt":"2025-02-18T15:32:15","guid":{"rendered":"https:\/\/iyni-dispenser.com\/?post_type=product&#038;p=6800"},"modified":"2025-02-19T12:02:31","modified_gmt":"2025-02-19T11:02:31","slug":"4-spalten-spender-copy","status":"publish","type":"product","link":"https:\/\/iyni-dispenser.com\/de\/product\/4-spalten-spender-copy\/","title":{"rendered":"2 Spalten Spender, f\u00fcr damenbinden und tampons"},"content":{"rendered":"<h2><span style=\"color: #ce0931;\"><b>Spender f\u00fcr Tampons und Binden <\/b><\/span><\/h2>\n<p>Dieser Tampon- und Bindenspender kann bis zu 50 Damenbinden, mehr als 100 digitale Tampons und 75 Tampons mit Applikator aufnehmen. Der Spender ist aus pulverbeschichtetem, verzinktem Stahl gefertigt, um St\u00e4rke und Haltbarkeit zu gew\u00e4hrleisten. Er l\u00e4sst sich mit einem Schl\u00fcssel \u00f6ffnen und ist leicht aufzuladen. Er wird mit 4 Schrauben an der Wand befestigt. Im Lieferumfang sind zwei Schl\u00fcssel, Schrauben, eine Montageanleitung und ein Benutzerhandbuch enthalten.<\/p>\n<p>&nbsp;<\/p>\n<p><b>Technische Informationen<\/b><\/p>\n<p><strong>Material:<\/strong> 1mm verzinkter Stahl<br \/>\n<strong>Standardausf\u00fchrungen:<\/strong> Lackiert RAL 9003\/RAL 7016<br \/>\n<strong>Fassungsverm\u00f6gen:<\/strong> 50 Binden, mehr als 75 Tampons mit Applikator<br \/>\noder 100 Tampons ohne Applikator<br \/>\n<strong>Abmessungen:<\/strong> 285x400x98mm (Breite x H\u00f6he x Tiefe)<br \/>\n<strong>Gewicht:<\/strong> 3,5 kg<br \/>\nWandmontage<br \/>\nBef\u00fcllung der Vorderseite<br \/>\nTastensperre<\/p>\n<p>&nbsp;<\/p>\n<div class=\"fusion-column-wrapper fusion-flex-justify-content-flex-start fusion-content-layout-column\">\n<div class=\"fusion-text fusion-text-27\">\n<p>F\u00fcr mehr Informationen \u00fcber die Qualit\u00e4t unseres Bindenspenders und die Vorteile unserer Produkte, besuchen Sie bitte <a href=\"https:\/\/iyni-dispenser.com\/de\/unsere-spender-fur-damenbinden\/\" rel=\"noopener\">diese Seite<\/a> auf unserer Website<\/p>\n<div class=\"fusion-column-wrapper fusion-flex-justify-content-flex-start fusion-content-layout-column\">\n<div class=\"fusion-text fusion-text-27\"><strong>F\u00fcr mehr wertvolle Informationen zur Menstruationsgesundheit<\/strong> in Deutschland und um mehr \u00fcber die Bedeutung von Hygieneprodukten wie unseren Dispensern zu erfahren, finden Sie ausf\u00fchrliche Informationen auf <a href=\"https:\/\/www.kkh.de\/\" target=\"_blank\" rel=\"noopener\">KKH.de<\/a>. Dort erhalten Sie wichtige Einblicke und praktische Tipps f\u00fcr Ihre Gesundheit und Wohlbefinden.<\/div>\n<\/div>\n<\/div>\n<\/div>\n","protected":false},"excerpt":{"rendered":"<p>Dieser Tampon- und Bindenspender kann bis zu 50 Damenbinden, mehr als 100 digitale Tampons und 75 Tampons mit Applikator aufnehmen. Der Spender ist aus pulverbeschichtetem, verzinktem Stahl gefertigt, um St\u00e4rke und Haltbarkeit zu gew\u00e4hrleisten. Er l\u00e4sst sich mit einem Schl\u00fcssel \u00f6ffnen und ist leicht aufzuladen. Er wird mit 4 Schrauben an der Wand befestigt. Im Lieferumfang sind zwei Schl\u00fcssel, Schrauben, eine Montageanleitung und ein Benutzerhandbuch enthalten.<\/p>\n","protected":false},"featured_media":7104,"template":"","meta":{"inline_featured_image":false},"product_brand":[],"product_cat":[63],"product_tag":[],"class_list":{"0":"post-6800","1":"product","2":"type-product","3":"status-publish","4":"has-post-thumbnail","6":"product_cat-dispensers-de","8":"first","9":"instock","10":"taxable","11":"shipping-taxable","12":"purchasable","13":"product-type-simple"},"_links":{"self":[{"href":"https:\/\/iyni-dispenser.com\/de\/wp-json\/wp\/v2\/product\/6800","targetHints":{"allow":["GET"]}}],"collection":[{"href":"https:\/\/iyni-dispenser.com\/de\/wp-json\/wp\/v2\/product"}],"about":[{"href":"https:\/\/iyni-dispenser.com\/de\/wp-json\/wp\/v2\/types\/product"}],"wp:featuredmedia":[{"embeddable":true,"href":"https:\/\/iyni-dispenser.com\/de\/wp-json\/wp\/v2\/media\/7104"}],"wp:attachment":[{"href":"https:\/\/iyni-dispenser.com\/de\/wp-json\/wp\/v2\/media?parent=6800"}],"wp:term":[{"taxonomy":"product_brand","embeddable":true,"href":"https:\/\/iyni-dispenser.com\/de\/wp-json\/wp\/v2\/product_brand?post=6800"},{"taxonomy":"product_cat","embeddable":true,"href":"https:\/\/iyni-dispenser.com\/de\/wp-json\/wp\/v2\/product_cat?post=6800"},{"taxonomy":"product_tag","embeddable":true,"href":"https:\/\/iyni-dispenser.com\/de\/wp-json\/wp\/v2\/product_tag?post=6800"}],"curies":[{"name":"wp","href":"https:\/\/api.w.org\/{rel}","templated":true}]}}