{"id":4495,"date":"2024-02-01T14:17:31","date_gmt":"2024-02-01T13:17:31","guid":{"rendered":"https:\/\/iyni-dispenser.com\/?post_type=product&#038;p=4495"},"modified":"2025-02-19T13:05:18","modified_gmt":"2025-02-19T12:05:18","slug":"naturliche-damenbinden-1344-einheiten-copy","status":"publish","type":"product","link":"https:\/\/iyni-dispenser.com\/de\/product\/naturliche-damenbinden-1344-einheiten-copy\/","title":{"rendered":"Nat\u00fcrliche Damenbinden &#8211; 224 Einheiten"},"content":{"rendered":"<p><span style=\"color: #ce0931;\"><b>Beschreibung :<\/b><\/span><\/p>\n<ul>\n<li style=\"font-weight: 400;\" aria-level=\"1\"><span style=\"font-weight: 400;\">80 % nat\u00fcrlichen Ursprungs (nat\u00fcrlicher Schleier und Barrieren in Kontakt mit der Haut)<\/span><\/li>\n<li style=\"font-weight: 400;\" aria-level=\"1\"><span style=\"font-weight: 400;\">Chlorfrei, parf\u00fcmfrei, farbstofffrei, allergenfrei (aus der Liste der 26 Allergene), paraffinfrei, lotionsfrei.<\/span><\/li>\n<li style=\"font-weight: 400;\" aria-level=\"1\"><span style=\"font-weight: 400;\">Hypoallergen, unter dermatologischer und gyn\u00e4kologischer Kontrolle getestet.<\/span><\/li>\n<li style=\"font-weight: 400;\" aria-level=\"1\"><span style=\"font-weight: 400;\">Extra fein und ultrasaugf\u00e4hig dank Saugeinlage aus Zellulose (nat\u00fcrlichen Ursprungs) und saugf\u00e4higen Mikrok\u00fcgelchen nat\u00fcrlichen Ursprungs.<\/span><\/li>\n<li style=\"font-weight: 400;\" aria-level=\"1\"><span style=\"font-weight: 400;\">Regelm\u00e4\u00dfiger Ablauf<\/span><\/li>\n<li style=\"font-weight: 400;\" aria-level=\"1\"><span style=\"font-weight: 400;\">Made in Europe: In Frankreich entworfen und in Italien in CO2-neutralen Fabriken hergestellt<\/span><\/li>\n<li aria-level=\"1\">224 Einheiten<\/li>\n<\/ul>\n<p>&nbsp;<\/p>\n<p><span style=\"color: #ce0931;\"><b>Technische Informationen :\u00a0<\/b><\/span><\/p>\n<ul>\n<li style=\"font-weight: 400;\" aria-level=\"1\"><span style=\"font-weight: 400;\">Oberfl\u00e4chenschleier: Schleier in Kontakt mit nat\u00fcrlicher Haut: PLA und Green PE (Maisst\u00e4rke\/Zuckerrohr)<\/span><\/li>\n<li style=\"font-weight: 400;\" aria-level=\"1\"><span style=\"font-weight: 400;\">Schleier, der Fl\u00fcssigkeiten aufnimmt, sodass sie in Richtung Saugkissen gelangen: 100 % FSC\u00ae-zertifizierte Airlaid-Holzzellulose (aus vorbildlich bewirtschafteten W\u00e4ldern und anderen kontrollierten Quellen) und TCF (gebleicht ohne Chlor oder chlorierte Derivate, aber mit \u201eSauerstoff\u201c)<\/span><\/li>\n<li style=\"font-weight: 400;\" aria-level=\"1\"><span style=\"font-weight: 400;\">Saugf\u00e4hige Matratze: 100 % FSC\u00ae- und TCF-zertifizierte Holzzellulose, saugf\u00e4hige Mikroperlen nat\u00fcrlichen Ursprungs<\/span><\/li>\n<li style=\"font-weight: 400;\" aria-level=\"1\"><span style=\"font-weight: 400;\">Au\u00dfenh\u00fclle: Pflanzenst\u00e4rke (Zuckerrohr)<\/span><\/li>\n<li style=\"font-weight: 400;\" aria-level=\"1\"><span style=\"font-weight: 400;\">Laschen: 100 % Frischfaser FSC\u00ae-zertifiziertes Silikonpapier<\/span><\/li>\n<\/ul>\n","protected":false},"excerpt":{"rendered":"<ul>\n<li style=\"font-weight: 400;\" aria-level=\"1\"><span style=\"font-weight: 400;\">80 % nat\u00fcrlichen Ursprungs (nat\u00fcrlicher Schleier und Barrieren in Kontakt mit der Haut)<\/span><\/li>\n<li style=\"font-weight: 400;\" aria-level=\"1\"><span style=\"font-weight: 400;\">Chlorfrei, parf\u00fcmfrei, farbstofffrei, allergenfrei (aus der Liste der 26 Allergene), paraffinfrei, lotionsfrei.<\/span><\/li>\n<li style=\"font-weight: 400;\" aria-level=\"1\"><span style=\"font-weight: 400;\">Hypoallergen, unter dermatologischer und gyn\u00e4kologischer Kontrolle getestet.<\/span><\/li>\n<li style=\"font-weight: 400;\" aria-level=\"1\"><span style=\"font-weight: 400;\">Extra fein und ultrasaugf\u00e4hig dank Saugeinlage aus Zellulose (nat\u00fcrlichen Ursprungs) und saugf\u00e4higen Mikrok\u00fcgelchen nat\u00fcrlichen Ursprungs.<\/span><\/li>\n<li style=\"font-weight: 400;\" aria-level=\"1\"><span style=\"font-weight: 400;\">Regelm\u00e4\u00dfiger Ablauf<\/span><\/li>\n<li style=\"font-weight: 400;\" aria-level=\"1\"><span style=\"font-weight: 400;\">Made in Europe: In Frankreich entworfen und in Italien in CO2-neutralen Fabriken hergestellt<\/span><\/li>\n<\/ul>\n","protected":false},"featured_media":2400,"template":"","meta":{"inline_featured_image":false},"product_brand":[],"product_cat":[55],"product_tag":[],"class_list":{"0":"post-4495","1":"product","2":"type-product","3":"status-publish","4":"has-post-thumbnail","6":"product_cat-pads-de","8":"first","9":"instock","10":"taxable","11":"shipping-taxable","12":"purchasable","13":"product-type-simple"},"_links":{"self":[{"href":"https:\/\/iyni-dispenser.com\/de\/wp-json\/wp\/v2\/product\/4495","targetHints":{"allow":["GET"]}}],"collection":[{"href":"https:\/\/iyni-dispenser.com\/de\/wp-json\/wp\/v2\/product"}],"about":[{"href":"https:\/\/iyni-dispenser.com\/de\/wp-json\/wp\/v2\/types\/product"}],"wp:featuredmedia":[{"embeddable":true,"href":"https:\/\/iyni-dispenser.com\/de\/wp-json\/wp\/v2\/media\/2400"}],"wp:attachment":[{"href":"https:\/\/iyni-dispenser.com\/de\/wp-json\/wp\/v2\/media?parent=4495"}],"wp:term":[{"taxonomy":"product_brand","embeddable":true,"href":"https:\/\/iyni-dispenser.com\/de\/wp-json\/wp\/v2\/product_brand?post=4495"},{"taxonomy":"product_cat","embeddable":true,"href":"https:\/\/iyni-dispenser.com\/de\/wp-json\/wp\/v2\/product_cat?post=4495"},{"taxonomy":"product_tag","embeddable":true,"href":"https:\/\/iyni-dispenser.com\/de\/wp-json\/wp\/v2\/product_tag?post=4495"}],"curies":[{"name":"wp","href":"https:\/\/api.w.org\/{rel}","templated":true}]}}