{"id":4491,"date":"2024-02-01T14:14:14","date_gmt":"2024-02-01T13:14:14","guid":{"rendered":"https:\/\/iyni-dispenser.com\/?post_type=product&#038;p=4491"},"modified":"2025-02-19T13:10:40","modified_gmt":"2025-02-19T12:10:40","slug":"bio-digitale-tampons-1800-einheiten-copy","status":"publish","type":"product","link":"https:\/\/iyni-dispenser.com\/de\/product\/bio-digitale-tampons-1800-einheiten-copy\/","title":{"rendered":"BIO digitale Tampons &#8211; 200 Einheiten"},"content":{"rendered":"<p><span style=\"color: #ce0931;\"><b>Beschreibung:<\/b><span style=\"font-weight: 400;\">\u00a0<\/span><\/span><\/p>\n<p><strong>Digitale Tampons (ohne Applikator) &#8211; Regular &#8211; 100% Bio-Baumwolle<\/strong><\/p>\n<ul>\n<li>Saugf\u00e4higer Kern aus reiner zertifizierter Bio-Baumwolle, die ohne den Einsatz von Pestiziden, Herbiziden oder chemischen D\u00fcngemitteln angebaut wird.<\/li>\n<li>Sie verf\u00fcgen \u00fcber einen speziellen Sicherheitsschleier, der den saugf\u00e4higen Kern umh\u00fcllt und das Risiko verringert, dass sich die Fasern in der Scheidenwand verfangen, so dass sie leichter zu entfernen sind.<\/li>\n<li>Sie enthalten keine Zellulose, Parf\u00fcmstoffe oder superabsorbierende Polymere.<\/li>\n<li>Chlorfrei gereinigte Baumwolle.<\/li>\n<li>Von der ICEA nach dem GOTS-Standard zertifiziertes Bio-Produkt.<\/li>\n<li>Veganes Produkt, nicht an Tieren getestet und es wurden keine tierischen Bestandteile verwendet.<\/li>\n<li>Einzeln in Papier verpackt mit Chargennummer auf jedem Tampon<\/li>\n<li>Normal (6-9 g)<\/li>\n<\/ul>\n","protected":false},"excerpt":{"rendered":"<ul>\n<li style=\"font-weight: 400;\" aria-level=\"1\">100% reine nat\u00fcrliche oder zertifizierte Bio-Baumwolle<\/li>\n<li style=\"font-weight: 400;\" aria-level=\"1\">Sicherheitsschleier, der verhindert, dass die Fasern in den Scheidenw\u00e4nden der Frauen haften bleiben (leichteres Entfernen des Tampons)<\/li>\n<li style=\"font-weight: 400;\" aria-level=\"1\">Hypoallergen<\/li>\n<li style=\"font-weight: 400;\" aria-level=\"1\">Duftstofffrei, superabsorbierend, chlorfrei, dioxinfrei<\/li>\n<li style=\"font-weight: 400;\" aria-level=\"1\">Mittlerer Durchfluss<\/li>\n<li style=\"font-weight: 400;\" aria-level=\"1\">200 Einheiten<\/li>\n<\/ul>\n","protected":false},"featured_media":2405,"template":"","meta":{"inline_featured_image":false},"product_brand":[],"product_cat":[60],"product_tag":[],"class_list":{"0":"post-4491","1":"product","2":"type-product","3":"status-publish","4":"has-post-thumbnail","6":"product_cat-tampons-de","8":"first","9":"instock","10":"taxable","11":"shipping-taxable","12":"purchasable","13":"product-type-simple"},"_links":{"self":[{"href":"https:\/\/iyni-dispenser.com\/de\/wp-json\/wp\/v2\/product\/4491","targetHints":{"allow":["GET"]}}],"collection":[{"href":"https:\/\/iyni-dispenser.com\/de\/wp-json\/wp\/v2\/product"}],"about":[{"href":"https:\/\/iyni-dispenser.com\/de\/wp-json\/wp\/v2\/types\/product"}],"wp:featuredmedia":[{"embeddable":true,"href":"https:\/\/iyni-dispenser.com\/de\/wp-json\/wp\/v2\/media\/2405"}],"wp:attachment":[{"href":"https:\/\/iyni-dispenser.com\/de\/wp-json\/wp\/v2\/media?parent=4491"}],"wp:term":[{"taxonomy":"product_brand","embeddable":true,"href":"https:\/\/iyni-dispenser.com\/de\/wp-json\/wp\/v2\/product_brand?post=4491"},{"taxonomy":"product_cat","embeddable":true,"href":"https:\/\/iyni-dispenser.com\/de\/wp-json\/wp\/v2\/product_cat?post=4491"},{"taxonomy":"product_tag","embeddable":true,"href":"https:\/\/iyni-dispenser.com\/de\/wp-json\/wp\/v2\/product_tag?post=4491"}],"curies":[{"name":"wp","href":"https:\/\/api.w.org\/{rel}","templated":true}]}}