{"id":2437,"date":"2023-06-16T13:39:39","date_gmt":"2023-06-16T11:39:39","guid":{"rendered":"https:\/\/iyni-dispenser.com\/?post_type=product&#038;p=2437"},"modified":"2025-02-19T13:17:43","modified_gmt":"2025-02-19T12:17:43","slug":"1-spalte-spender-copy","status":"publish","type":"product","link":"https:\/\/iyni-dispenser.com\/de\/product\/1-spalte-spender-copy\/","title":{"rendered":"1 Spalte Spender Edelstahl, f\u00fcr Damenbinden"},"content":{"rendered":"<p><span style=\"color: #ce0931;\"><b>Beschreibung<\/b><\/span><\/p>\n<p>Dieser Damenbindenspender kann bis zu 40 Damenbinden aufnehmen. Der Spender ist aus rostfreiem Stahl mit Anti-Fingerprint-Beschichtung f\u00fcr Haltbarkeit und Langlebigkeit. Er l\u00e4sst sich mit einem Schl\u00fcssel \u00f6ffnen und ist leicht nachzuf\u00fcllen. Er wird mit 2 Schrauben an der Wand befestigt. Geliefert mit zwei Schl\u00fcsseln, Schrauben, Montageanleitung und Benutzerhandbuch.<\/p>\n<p>&nbsp;<\/p>\n<p><b>Technische Informationen<\/b><\/p>\n<p><strong>Material:<\/strong> 1mm Edelstahl<br \/>\n<strong>Standardausf\u00fchrungen:<\/strong> Geb\u00fcrsteter Edelstahl<br \/>\n<strong>Kapazit\u00e4t:<\/strong> 40 Pads<br \/>\n<strong>Abmessungen:<\/strong> 112x350x98mm (Breite x H\u00f6he x Tiefe)<br \/>\n<strong>Gewicht:<\/strong> 1.7kg<br \/>\nWandmontage<br \/>\nBef\u00fcllung der Vorderseite<br \/>\nTastensperre<\/p>\n","protected":false},"excerpt":{"rendered":"<p>Dieser Damenbindenspender kann bis zu 40 Damenbinden aufnehmen. Der Spender ist aus rostfreiem Stahl mit Anti-Fingerprint-Beschichtung f\u00fcr Haltbarkeit und Langlebigkeit. Er l\u00e4sst sich mit einem Schl\u00fcssel \u00f6ffnen und ist leicht nachzuf\u00fcllen. Er wird mit 2 Schrauben an der Wand befestigt. Geliefert mit zwei Schl\u00fcsseln, Schrauben, Montageanleitung und Benutzerhandbuch.<\/p>\n","protected":false},"featured_media":7170,"template":"","meta":{"inline_featured_image":false},"product_brand":[],"product_cat":[63],"product_tag":[],"class_list":{"0":"post-2437","1":"product","2":"type-product","3":"status-publish","4":"has-post-thumbnail","6":"product_cat-dispensers-de","8":"first","9":"instock","10":"taxable","11":"shipping-taxable","12":"purchasable","13":"product-type-simple"},"_links":{"self":[{"href":"https:\/\/iyni-dispenser.com\/de\/wp-json\/wp\/v2\/product\/2437","targetHints":{"allow":["GET"]}}],"collection":[{"href":"https:\/\/iyni-dispenser.com\/de\/wp-json\/wp\/v2\/product"}],"about":[{"href":"https:\/\/iyni-dispenser.com\/de\/wp-json\/wp\/v2\/types\/product"}],"wp:featuredmedia":[{"embeddable":true,"href":"https:\/\/iyni-dispenser.com\/de\/wp-json\/wp\/v2\/media\/7170"}],"wp:attachment":[{"href":"https:\/\/iyni-dispenser.com\/de\/wp-json\/wp\/v2\/media?parent=2437"}],"wp:term":[{"taxonomy":"product_brand","embeddable":true,"href":"https:\/\/iyni-dispenser.com\/de\/wp-json\/wp\/v2\/product_brand?post=2437"},{"taxonomy":"product_cat","embeddable":true,"href":"https:\/\/iyni-dispenser.com\/de\/wp-json\/wp\/v2\/product_cat?post=2437"},{"taxonomy":"product_tag","embeddable":true,"href":"https:\/\/iyni-dispenser.com\/de\/wp-json\/wp\/v2\/product_tag?post=2437"}],"curies":[{"name":"wp","href":"https:\/\/api.w.org\/{rel}","templated":true}]}}