{"id":2422,"date":"2023-06-16T13:30:37","date_gmt":"2023-06-16T11:30:37","guid":{"rendered":"https:\/\/iyni-dispenser.com\/?post_type=product&#038;p=2422"},"modified":"2025-02-19T13:20:39","modified_gmt":"2025-02-19T12:20:39","slug":"2-spalten-spender-copy","status":"publish","type":"product","link":"https:\/\/iyni-dispenser.com\/de\/product\/2-spalten-spender-copy\/","title":{"rendered":"2 Spalten Spender Edelstahl, f\u00fcr damenbinden und tampons"},"content":{"rendered":"<p><span style=\"color: #ce0931;\"><b>Beschreibung<\/b><\/span><\/p>\n<p>Dieser Tampon- und Bindenspender kann bis zu 40 Damenbinden und \u00fcber 100 digitale Tampons aufnehmen. Der Spender ist aus rostfreiem Stahl mit Anti-Fingerprint-Beschichtung gefertigt, um St\u00e4rke und Haltbarkeit zu gew\u00e4hrleisten. Er l\u00e4sst sich mit einem Schl\u00fcssel \u00f6ffnen und ist leicht nachzuf\u00fcllen. Er wird mit 4 Schrauben an der Wand befestigt. Im Lieferumfang sind zwei Schl\u00fcssel, Schrauben, eine Montageanleitung und ein Benutzerhandbuch enthalten.<\/p>\n<p>&nbsp;<\/p>\n<p><b>Technische Informationen<\/b><\/p>\n<p><strong>Material:<\/strong> 1mm Edelstahl<br \/>\n<strong>Standardausf\u00fchrungen:<\/strong> Geb\u00fcrsteter Edelstahl<br \/>\n<strong>Fassungsverm\u00f6gen:<\/strong> 40 Binden und mehr als 100 Tampons ohne Applikator<br \/>\n<strong>Abmessungen:<\/strong> 205x350x98mm (Breite x H\u00f6he x Tiefe)<br \/>\n<strong>Gewicht:<\/strong> 2,6 kg<br \/>\nWandmontage<br \/>\nBef\u00fcllung der Vorderseite<br \/>\nTastensperre<\/p>\n","protected":false},"excerpt":{"rendered":"<p>Dieser Tampon- und Bindenspender kann bis zu 40 Damenbinden und \u00fcber 100 digitale Tampons aufnehmen. Der Spender ist aus rostfreiem Stahl mit Anti-Fingerprint-Beschichtung gefertigt, um St\u00e4rke und Haltbarkeit zu gew\u00e4hrleisten. Er l\u00e4sst sich mit einem Schl\u00fcssel \u00f6ffnen und ist leicht nachzuf\u00fcllen. Er wird mit 4 Schrauben an der Wand befestigt. Im Lieferumfang sind zwei Schl\u00fcssel, Schrauben, eine Montageanleitung und ein Benutzerhandbuch enthalten.<\/p>\n","protected":false},"featured_media":7247,"template":"","meta":{"inline_featured_image":false},"product_brand":[],"product_cat":[63],"product_tag":[],"class_list":{"0":"post-2422","1":"product","2":"type-product","3":"status-publish","4":"has-post-thumbnail","6":"product_cat-dispensers-de","8":"first","9":"instock","10":"taxable","11":"shipping-taxable","12":"purchasable","13":"product-type-simple"},"_links":{"self":[{"href":"https:\/\/iyni-dispenser.com\/de\/wp-json\/wp\/v2\/product\/2422","targetHints":{"allow":["GET"]}}],"collection":[{"href":"https:\/\/iyni-dispenser.com\/de\/wp-json\/wp\/v2\/product"}],"about":[{"href":"https:\/\/iyni-dispenser.com\/de\/wp-json\/wp\/v2\/types\/product"}],"wp:featuredmedia":[{"embeddable":true,"href":"https:\/\/iyni-dispenser.com\/de\/wp-json\/wp\/v2\/media\/7247"}],"wp:attachment":[{"href":"https:\/\/iyni-dispenser.com\/de\/wp-json\/wp\/v2\/media?parent=2422"}],"wp:term":[{"taxonomy":"product_brand","embeddable":true,"href":"https:\/\/iyni-dispenser.com\/de\/wp-json\/wp\/v2\/product_brand?post=2422"},{"taxonomy":"product_cat","embeddable":true,"href":"https:\/\/iyni-dispenser.com\/de\/wp-json\/wp\/v2\/product_cat?post=2422"},{"taxonomy":"product_tag","embeddable":true,"href":"https:\/\/iyni-dispenser.com\/de\/wp-json\/wp\/v2\/product_tag?post=2422"}],"curies":[{"name":"wp","href":"https:\/\/api.w.org\/{rel}","templated":true}]}}