{"id":2203,"date":"2022-07-20T10:31:52","date_gmt":"2022-07-20T08:31:52","guid":{"rendered":"https:\/\/iyni-dispenser.com\/produit\/single-column-dispenser\/"},"modified":"2025-02-19T13:38:50","modified_gmt":"2025-02-19T12:38:50","slug":"single-column-dispenser","status":"publish","type":"product","link":"https:\/\/iyni-dispenser.com\/de\/product\/single-column-dispenser\/","title":{"rendered":"1 Spalte Spender, f\u00fcr damenbinden"},"content":{"rendered":"<h2><span style=\"color: #ce0931;\">Bindenspender 1 Spalte<\/span><\/h2>\n<p>This\u00a0<b>sanitary pad dispenser<\/b>\u00a0can store up to 40 sanitary napkins. The dispenser is made of powder-coated galvanized steel for durability and longevity.\u00a0It opens with a key and is easy to refill.\u00a0It is fixed to the wall with 2 screws. Supplied with two keys, screws, assembly instructions and user manual.<\/p>\n<p><b>Technische Informationen<\/b><\/p>\n<p><strong>Material:<\/strong> 1mm verzinkter Stahl<br \/>\n<strong>Standardausf\u00fchrungen:<\/strong> Lackiert RAL 9003\/RAL 7016<br \/>\n<strong>Kapazit\u00e4t:<\/strong> 40 Pads<br \/>\n<strong>Abmessungen:<\/strong> 112x350x98mm (Breite x H\u00f6he x Tiefe)<br \/>\n<strong>Gewicht:<\/strong> 1.7kg<br \/>\nWandmontage<br \/>\nBef\u00fcllung der Vorderseite<br \/>\nTastensperre<\/p>\n<p>&nbsp;<\/p>\n<p>F\u00fcr mehr Informationen \u00fcber die Qualit\u00e4t unseres Bindenspenders und die Vorteile unserer Produkte, besuchen Sie bitte <a href=\"https:\/\/iyni-dispenser.com\/de\/unsere-spender-fur-damenbinden\/\" rel=\"noopener\">diese Seite<\/a> auf unserer Website<\/p>\n<div class=\"fusion-column-wrapper fusion-flex-justify-content-flex-start fusion-content-layout-column\">\n<div class=\"fusion-text fusion-text-27\"><strong>F\u00fcr mehr wertvolle Informationen zur Menstruationsgesundheit<\/strong> in Deutschland und um mehr \u00fcber die Bedeutung von Hygieneprodukten wie unseren Dispensern zu erfahren, finden Sie ausf\u00fchrliche Informationen auf <a href=\"https:\/\/www.kkh.de\/\" target=\"_blank\" rel=\"noopener\">KKH.de<\/a>. Dort erhalten Sie wichtige Einblicke und praktische Tipps f\u00fcr Ihre Gesundheit und Wohlbefinden.<\/div>\n<\/div>\n","protected":false},"excerpt":{"rendered":"<p>Dieser Damenbindenspender kann bis zu 40 Damenbinden aufnehmen. Der Spender besteht aus pulverbeschichtetem, verzinktem Stahl und ist daher sehr robust und langlebig. Er l\u00e4sst sich mit einem Schl\u00fcssel \u00f6ffnen und ist leicht nachzuf\u00fcllen. Er wird mit 2 Schrauben an der Wand befestigt. Geliefert mit zwei Schl\u00fcsseln, Schrauben, Montageanleitung und Gebrauchsanweisung.<\/p>\n","protected":false},"featured_media":7192,"template":"","meta":{"inline_featured_image":false},"product_brand":[],"product_cat":[63],"product_tag":[],"class_list":{"0":"post-2203","1":"product","2":"type-product","3":"status-publish","4":"has-post-thumbnail","6":"product_cat-dispensers-de","8":"first","9":"instock","10":"taxable","11":"shipping-taxable","12":"purchasable","13":"product-type-simple"},"_links":{"self":[{"href":"https:\/\/iyni-dispenser.com\/de\/wp-json\/wp\/v2\/product\/2203","targetHints":{"allow":["GET"]}}],"collection":[{"href":"https:\/\/iyni-dispenser.com\/de\/wp-json\/wp\/v2\/product"}],"about":[{"href":"https:\/\/iyni-dispenser.com\/de\/wp-json\/wp\/v2\/types\/product"}],"wp:featuredmedia":[{"embeddable":true,"href":"https:\/\/iyni-dispenser.com\/de\/wp-json\/wp\/v2\/media\/7192"}],"wp:attachment":[{"href":"https:\/\/iyni-dispenser.com\/de\/wp-json\/wp\/v2\/media?parent=2203"}],"wp:term":[{"taxonomy":"product_brand","embeddable":true,"href":"https:\/\/iyni-dispenser.com\/de\/wp-json\/wp\/v2\/product_brand?post=2203"},{"taxonomy":"product_cat","embeddable":true,"href":"https:\/\/iyni-dispenser.com\/de\/wp-json\/wp\/v2\/product_cat?post=2203"},{"taxonomy":"product_tag","embeddable":true,"href":"https:\/\/iyni-dispenser.com\/de\/wp-json\/wp\/v2\/product_tag?post=2203"}],"curies":[{"name":"wp","href":"https:\/\/api.w.org\/{rel}","templated":true}]}}