{"id":2176,"date":"2022-07-22T10:22:28","date_gmt":"2022-07-22T08:22:28","guid":{"rendered":"https:\/\/iyni-dispenser.com\/produit\/plastic-single-column-dispenser\/"},"modified":"2025-02-19T13:29:04","modified_gmt":"2025-02-19T12:29:04","slug":"plastic-single-column-dispenser","status":"publish","type":"product","link":"https:\/\/iyni-dispenser.com\/de\/product\/plastic-single-column-dispenser\/","title":{"rendered":"1 Spalte Spender Plastik"},"content":{"rendered":"<h2><span style=\"color: #ce0931;\"><strong>Tampon- und Bindenspender 1 Spalte Plastik<\/strong><\/span><\/h2>\n<p>Dieser Damenbinden Spender kann bis zu 50 Damenbinden in seiner Spalte aufbewahren. Der Spender besteht aus Plastik. Es \u00f6ffnet sich mit einem Schl\u00fcssel und l\u00e4sst sich leicht nachladen. Es h\u00e4ngt mit 4 Schrauben an der Wand. M\u00f6glichkeit, es mit doppeltem Gesicht zu befestigen. Geliefert mit zwei Schl\u00fcsseln, Schrauben, Montageanleitung, Gebrauchsanweisung.<\/p>\n<p>&nbsp;<\/p>\n<p><b>Technische Informationen<\/b><\/p>\n<ul>\n<li style=\"font-weight: 400;\" aria-level=\"1\"><b>Gewicht:<\/b><span style=\"font-weight: 400;\"> 1 kg (leer)<\/span><\/li>\n<li style=\"font-weight: 400;\" aria-level=\"1\"><b>Abmessungen:<\/b><span style=\"font-weight: 400;\"> 160 x 350 x 140 mm<\/span><\/li>\n<li style=\"font-weight: 400;\" aria-level=\"1\"><b>Farben:<\/b><span style=\"font-weight: 400;\"> Wei\u00df\u00a0<\/span><\/li>\n<li style=\"font-weight: 400;\" aria-level=\"1\"><b>Leistung\u00a0:<\/b><span style=\"font-weight: 400;\"> 50 Damenbinden<\/span><\/li>\n<\/ul>\n<p>&nbsp;<\/p>\n<p>F\u00fcr mehr Informationen \u00fcber die Qualit\u00e4t unseres Bindenspenders und die Vorteile unserer Produkte, besuchen Sie bitte <a href=\"https:\/\/iyni-dispenser.com\/de\/unsere-spender-fur-damenbinden\/\" rel=\"noopener\">diese Seite<\/a> auf unserer Website<\/p>\n<div class=\"fusion-column-wrapper fusion-flex-justify-content-flex-start fusion-content-layout-column\">\n<div class=\"fusion-text fusion-text-27\"><strong>F\u00fcr mehr wertvolle Informationen zur Menstruationsgesundheit<\/strong> in Deutschland und um mehr \u00fcber die Bedeutung von Hygieneprodukten wie unseren Dispensern zu erfahren, finden Sie ausf\u00fchrliche Informationen auf <a href=\"https:\/\/www.kkh.de\/\" target=\"_blank\" rel=\"noopener\">KKH.de<\/a>. Dort erhalten Sie wichtige Einblicke und praktische Tipps f\u00fcr Ihre Gesundheit und Wohlbefinden.<\/div>\n<\/div>\n","protected":false},"excerpt":{"rendered":"<p>Dieser Damenbinden Spender kann bis zu 50 Damenbinden in seiner Spalte aufbewahren. Der Spender besteht aus Plastik. Es \u00f6ffnet sich mit einem Schl\u00fcssel und l\u00e4sst sich leicht nachladen. Es h\u00e4ngt mit 4 Schrauben an der Wand. M\u00f6glichkeit, es mit doppeltem Gesicht zu befestigen. Geliefert mit zwei Schl\u00fcsseln, Schrauben, Montageanleitung, Gebrauchsanweisung.<\/p>\n","protected":false},"featured_media":1535,"template":"","meta":{"inline_featured_image":false},"product_brand":[],"product_cat":[63],"product_tag":[],"class_list":{"0":"post-2176","1":"product","2":"type-product","3":"status-publish","4":"has-post-thumbnail","6":"product_cat-dispensers-de","8":"first","9":"instock","10":"taxable","11":"shipping-taxable","12":"purchasable","13":"product-type-simple"},"_links":{"self":[{"href":"https:\/\/iyni-dispenser.com\/de\/wp-json\/wp\/v2\/product\/2176","targetHints":{"allow":["GET"]}}],"collection":[{"href":"https:\/\/iyni-dispenser.com\/de\/wp-json\/wp\/v2\/product"}],"about":[{"href":"https:\/\/iyni-dispenser.com\/de\/wp-json\/wp\/v2\/types\/product"}],"wp:featuredmedia":[{"embeddable":true,"href":"https:\/\/iyni-dispenser.com\/de\/wp-json\/wp\/v2\/media\/1535"}],"wp:attachment":[{"href":"https:\/\/iyni-dispenser.com\/de\/wp-json\/wp\/v2\/media?parent=2176"}],"wp:term":[{"taxonomy":"product_brand","embeddable":true,"href":"https:\/\/iyni-dispenser.com\/de\/wp-json\/wp\/v2\/product_brand?post=2176"},{"taxonomy":"product_cat","embeddable":true,"href":"https:\/\/iyni-dispenser.com\/de\/wp-json\/wp\/v2\/product_cat?post=2176"},{"taxonomy":"product_tag","embeddable":true,"href":"https:\/\/iyni-dispenser.com\/de\/wp-json\/wp\/v2\/product_tag?post=2176"}],"curies":[{"name":"wp","href":"https:\/\/api.w.org\/{rel}","templated":true}]}}