{"id":2114,"date":"2022-10-04T15:20:28","date_gmt":"2022-10-04T13:20:28","guid":{"rendered":"https:\/\/iyni-dispenser.com\/produit\/organic-pads-224\/"},"modified":"2025-02-19T13:25:16","modified_gmt":"2025-02-19T12:25:16","slug":"bio-pads-224","status":"publish","type":"product","link":"https:\/\/iyni-dispenser.com\/de\/product\/bio-pads-224\/","title":{"rendered":"Bio-Damenbinden &#8211; 500 Einheiten"},"content":{"rendered":"<p><span style=\"color: #ce0931;\"><b>Beschreibung:<\/b><\/span><\/p>\n<p><span style=\"color: #333333;\"><strong>Pads mit m\u00e4\u00dfigem Durchfluss 100% Bio-Baumwolle, mit Fl\u00fcgeln<\/strong><\/span><\/p>\n<p>Klinisch erprobt und f\u00fcr empfindliche Haut geeignet. Hergestellt aus 100% Bio-Baumwolle, mit einer Oberschicht aus Bio-Baumwolle und einem saugf\u00e4higen Kern. Hochgradig saugf\u00e4hig. Hypoallergen und atmungsaktiv. Anatomisch geformt. Sch\u00fctzende Fl\u00fcgel. Gefaltet und einzeln verpackt in einem Mater-bi-Beutel mit der Chargennummer auf jeder Einlage zur R\u00fcckverfolgbarkeit<\/p>\n<p>&nbsp;<\/p>\n<p><span style=\"color: #ce0931;\"><b>Technische Einzelheiten: <\/b><\/span><\/p>\n<ul>\n<li style=\"font-weight: 400;\" aria-level=\"1\">M\u00e4\u00dfiger Durchfluss<\/li>\n<li style=\"font-weight: 400;\" aria-level=\"1\">Klinisch erwiesener Schutz f\u00fcr Sie und Ihre empfindliche Haut\u2122 &#8211; 100 % zertifizierte Bio-Baumwolle an der Haut und im Inneren zum Aufsaugen<\/li>\n<li style=\"font-weight: 400;\" aria-level=\"1\">Un\u00fcbertroffene Saugf\u00e4higkeit &#8211; Stoppt Auslaufen<\/li>\n<li style=\"font-weight: 400;\" aria-level=\"1\">Stay-in-place Wings &#8211; F\u00fcr besseren Schutz und Sitz<\/li>\n<li style=\"font-weight: 400;\" aria-level=\"1\">Kein M\u00fcll &#8211; Keine Chlorbleiche, kein Latex, keine Parabene, keine Parf\u00fcme, kein SAP, kein Plastik und keine k\u00fcnstlichen Materialien<\/li>\n<li style=\"font-weight: 400;\" aria-level=\"1\">Hypoallergen und atmungsaktiv &#8211; Bleibt sicher und k\u00fchl<\/li>\n<li style=\"font-weight: 400;\" aria-level=\"1\">100% biologisch abbaubar &#8211; sowohl Produkt als auch Verpackung<\/li>\n<li style=\"font-weight: 400;\" aria-level=\"1\">GOTS-zertifiziert Bio<\/li>\n<li style=\"font-weight: 400;\" aria-level=\"1\">Mit Chargennummer in jeder Binde<\/li>\n<li style=\"font-weight: 400;\" aria-level=\"1\">Schachtel mit 500 Damenbinden<\/li>\n<\/ul>\n","protected":false},"excerpt":{"rendered":"<ul>\n<li style=\"font-weight: 400;\" aria-level=\"1\">100% biologische Baumwolle<\/li>\n<li style=\"font-weight: 400;\" aria-level=\"1\">Ohne synthetische Produkte, ohne SAP, ohne Zellstoff, ohne Chlor<\/li>\n<li style=\"font-weight: 400;\" aria-level=\"1\">Ultra saugf\u00e4hig dank eines weichen und saugf\u00e4higen Kerns aus Bio-Baumwolle<\/li>\n<li style=\"font-weight: 400;\" aria-level=\"1\">Regelm\u00e4\u00dfiger Fluss<\/li>\n<li style=\"font-weight: 400;\" aria-level=\"1\">Hypoallergen<\/li>\n<li style=\"font-weight: 400;\" aria-level=\"1\">Atmungsaktiv<\/li>\n<\/ul>\n","protected":false},"featured_media":2400,"template":"","meta":{"inline_featured_image":false},"product_brand":[],"product_cat":[55],"product_tag":[],"class_list":{"0":"post-2114","1":"product","2":"type-product","3":"status-publish","4":"has-post-thumbnail","6":"product_cat-pads-de","8":"first","9":"instock","10":"taxable","11":"shipping-taxable","12":"purchasable","13":"product-type-simple"},"_links":{"self":[{"href":"https:\/\/iyni-dispenser.com\/de\/wp-json\/wp\/v2\/product\/2114","targetHints":{"allow":["GET"]}}],"collection":[{"href":"https:\/\/iyni-dispenser.com\/de\/wp-json\/wp\/v2\/product"}],"about":[{"href":"https:\/\/iyni-dispenser.com\/de\/wp-json\/wp\/v2\/types\/product"}],"wp:featuredmedia":[{"embeddable":true,"href":"https:\/\/iyni-dispenser.com\/de\/wp-json\/wp\/v2\/media\/2400"}],"wp:attachment":[{"href":"https:\/\/iyni-dispenser.com\/de\/wp-json\/wp\/v2\/media?parent=2114"}],"wp:term":[{"taxonomy":"product_brand","embeddable":true,"href":"https:\/\/iyni-dispenser.com\/de\/wp-json\/wp\/v2\/product_brand?post=2114"},{"taxonomy":"product_cat","embeddable":true,"href":"https:\/\/iyni-dispenser.com\/de\/wp-json\/wp\/v2\/product_cat?post=2114"},{"taxonomy":"product_tag","embeddable":true,"href":"https:\/\/iyni-dispenser.com\/de\/wp-json\/wp\/v2\/product_tag?post=2114"}],"curies":[{"name":"wp","href":"https:\/\/api.w.org\/{rel}","templated":true}]}}