{"id":984,"date":"2022-07-12T22:04:52","date_gmt":"2022-07-12T20:04:52","guid":{"rendered":"https:\/\/iyni-dispenser.com\/toxic-shock-syndrome\/"},"modified":"2022-11-08T18:25:36","modified_gmt":"2022-11-08T17:25:36","slug":"toxic-shock-syndrome","status":"publish","type":"page","link":"https:\/\/iyni-dispenser.com\/de\/toxic-shock-syndrome\/","title":{"rendered":"TOXIC-SCHOCK-SYNDROM"},"content":{"rendered":"<p><div class=\"fusion-fullwidth fullwidth-box fusion-builder-row-1 fusion-flex-container nonhundred-percent-fullwidth non-hundred-percent-height-scrolling\" style=\"--awb-border-radius-top-left:0px;--awb-border-radius-top-right:0px;--awb-border-radius-bottom-right:0px;--awb-border-radius-bottom-left:0px;--awb-padding-top:2em;--awb-padding-bottom:2em;--awb-background-color:#ce0931;--awb-flex-wrap:wrap;\" ><div class=\"fusion-builder-row fusion-row fusion-flex-align-items-center fusion-flex-content-wrap\" style=\"max-width:1289.6px;margin-left: calc(-4% \/ 2 );margin-right: calc(-4% \/ 2 );\"><div class=\"fusion-layout-column fusion_builder_column fusion-builder-column-0 fusion_builder_column_1_4 1_4 fusion-flex-column\" style=\"--awb-bg-size:cover;--awb-width-large:25%;--awb-margin-top-large:0px;--awb-spacing-right-large:7.68%;--awb-margin-bottom-large:20px;--awb-spacing-left-large:7.68%;--awb-width-medium:33.333333333333%;--awb-order-medium:0;--awb-spacing-right-medium:5.76%;--awb-spacing-left-medium:5.76%;--awb-width-small:100%;--awb-order-small:0;--awb-spacing-right-small:1.92%;--awb-spacing-left-small:1.92%;\"><div class=\"fusion-column-wrapper fusion-column-has-shadow fusion-flex-justify-content-flex-start fusion-content-layout-column\"><\/div><\/div><div class=\"fusion-layout-column fusion_builder_column fusion-builder-column-1 fusion_builder_column_1_2 1_2 fusion-flex-column\" style=\"--awb-bg-size:cover;--awb-width-large:50%;--awb-margin-top-large:0px;--awb-spacing-right-large:3.84%;--awb-margin-bottom-large:20px;--awb-spacing-left-large:3.84%;--awb-width-medium:66.666666666667%;--awb-order-medium:0;--awb-spacing-right-medium:2.88%;--awb-spacing-left-medium:2.88%;--awb-width-small:100%;--awb-order-small:0;--awb-spacing-right-small:1.92%;--awb-spacing-left-small:1.92%;\"><div class=\"fusion-column-wrapper fusion-column-has-shadow fusion-flex-justify-content-flex-start fusion-content-layout-column\"><div class=\"fusion-title title fusion-title-1 fusion-sep-none fusion-title-text fusion-title-size-div\" style=\"--awb-text-color:var(--awb-custom_color_1);\"><div class=\"fusion-title-heading title-heading-left title-heading-tag fusion-responsive-typography-calculated\" style=\"margin:0;--fontSize:16;--minFontSize:16;line-height:1.69;\"><h1 style=\"text-align: center;\"><b>Toxic shock syndrome<\/b><\/h1><\/div><\/div><\/div><\/div><div class=\"fusion-layout-column fusion_builder_column fusion-builder-column-2 fusion_builder_column_1_4 1_4 fusion-flex-column\" style=\"--awb-bg-size:cover;--awb-width-large:25%;--awb-margin-top-large:0px;--awb-spacing-right-large:7.68%;--awb-margin-bottom-large:20px;--awb-spacing-left-large:7.68%;--awb-width-medium:33.333333333333%;--awb-order-medium:0;--awb-spacing-right-medium:5.76%;--awb-spacing-left-medium:5.76%;--awb-width-small:100%;--awb-order-small:0;--awb-spacing-right-small:1.92%;--awb-spacing-left-small:1.92%;\"><div class=\"fusion-column-wrapper fusion-column-has-shadow fusion-flex-justify-content-flex-start fusion-content-layout-column\"><\/div><\/div><\/div><\/div><div class=\"fusion-fullwidth fullwidth-box fusion-builder-row-2 fusion-flex-container nonhundred-percent-fullwidth non-hundred-percent-height-scrolling\" style=\"--awb-border-radius-top-left:0px;--awb-border-radius-top-right:0px;--awb-border-radius-bottom-right:0px;--awb-border-radius-bottom-left:0px;--awb-padding-top:2em;--awb-padding-bottom:0px;--awb-background-color:var(--awb-custom_color_2);--awb-flex-wrap:wrap;\" ><div class=\"fusion-builder-row fusion-row fusion-flex-align-items-center fusion-flex-content-wrap\" style=\"max-width:1289.6px;margin-left: calc(-4% \/ 2 );margin-right: calc(-4% \/ 2 );\"><div class=\"fusion-layout-column fusion_builder_column fusion-builder-column-3 fusion_builder_column_1_5 1_5 fusion-flex-column fusion-flex-align-self-center\" style=\"--awb-bg-size:cover;--awb-width-large:20%;--awb-margin-top-large:0px;--awb-spacing-right-large:9.6%;--awb-margin-bottom-large:0px;--awb-spacing-left-large:9.6%;--awb-width-medium:20%;--awb-order-medium:0;--awb-spacing-right-medium:9.6%;--awb-spacing-left-medium:9.6%;--awb-width-small:100%;--awb-order-small:0;--awb-spacing-right-small:1.92%;--awb-spacing-left-small:1.92%;\"><div class=\"fusion-column-wrapper fusion-column-has-shadow fusion-flex-justify-content-flex-start fusion-content-layout-column\"><div class=\"fusion-image-element \" style=\"--awb-margin-bottom:0px;--awb-caption-title-font-family:var(--h2_typography-font-family);--awb-caption-title-font-weight:var(--h2_typography-font-weight);--awb-caption-title-font-style:var(--h2_typography-font-style);--awb-caption-title-size:var(--h2_typography-font-size);--awb-caption-title-transform:var(--h2_typography-text-transform);--awb-caption-title-line-height:var(--h2_typography-line-height);--awb-caption-title-letter-spacing:var(--h2_typography-letter-spacing);\"><span class=\" fusion-imageframe imageframe-none imageframe-1 hover-type-none\"><img decoding=\"async\" width=\"620\" height=\"413\" alt=\"Automatic dispenser for cotton pads\" title=\"binden-oder-tampons\" src=\"https:\/\/iyni-dispenser.com\/wp-content\/uploads\/2022\/07\/pads-tampons.png\" class=\"img-responsive wp-image-813\" srcset=\"https:\/\/iyni-dispenser.com\/wp-content\/uploads\/2022\/07\/pads-tampons-200x133.png 200w, https:\/\/iyni-dispenser.com\/wp-content\/uploads\/2022\/07\/pads-tampons-400x266.png 400w, https:\/\/iyni-dispenser.com\/wp-content\/uploads\/2022\/07\/pads-tampons-600x400.png 600w, https:\/\/iyni-dispenser.com\/wp-content\/uploads\/2022\/07\/pads-tampons.png 620w\" sizes=\"(max-width: 640px) 100vw, 400px\" \/><\/span><\/div><\/div><\/div><div class=\"fusion-layout-column fusion_builder_column fusion-builder-column-4 fusion_builder_column_4_5 4_5 fusion-flex-column\" style=\"--awb-padding-right:15%;--awb-bg-size:cover;--awb-width-large:80%;--awb-margin-top-large:0px;--awb-spacing-right-large:2.4%;--awb-margin-bottom-large:20px;--awb-spacing-left-large:2.4%;--awb-width-medium:80%;--awb-order-medium:0;--awb-spacing-right-medium:2.4%;--awb-spacing-left-medium:2.4%;--awb-width-small:100%;--awb-order-small:0;--awb-spacing-right-small:1.92%;--awb-spacing-left-small:1.92%;\"><div class=\"fusion-column-wrapper fusion-column-has-shadow fusion-flex-justify-content-flex-start fusion-content-layout-column\"><div class=\"fusion-text fusion-text-1\"><p><span style=\"font-weight: 400;\">Wenn Sie regelm\u00e4\u00dfig Tampons verwenden, m\u00fcssen Sie vor dem An- und Ausziehen des Tampons auf Ihre Hygiene achten, aber auch auf die Tragedauer Ihres Tampons. In der Tat, wenn Sie Ihren Tampon zu lange tragen, k\u00f6nnten Sie ein Toxic-Schock-Syndrom entwickeln. Toxic-Schock-Syndrom (TSS), auch toxisches Staphylokokken-Schock Syndrom genannt, kann durch zu langes Tragen eines Tampons oder einer Menstruationstasse (mehr als 4 bis 6 Stunden) verursacht werden. Tats\u00e4chlich sind einige Frauen Tr\u00e4gerinnen der TSST-1-produzierenden S. aureus-Bakterien in der Vagina und das Tragen eines Tampons kann die Bakterien in der Vagina blockieren (nicht alle Frauen mit Staphylococcus aureus entwickeln einen Toxic-Schock. Das Bakterium vermehrt sich dann und setzt Giftstoffe frei, die f\u00fcr K\u00f6rper und Gesundheit gef\u00e4hrlich sind. Diese Toxine gelangen ins Blut und k\u00f6nnen bestimmte Organe sch\u00e4digen: Herz, Leber, Lunge&#8230; Ein zu starker Schock kann zur Amputation bestimmter Gliedma\u00dfen und sogar zum Tod f\u00fchren.<\/span><\/p>\n<p><span style=\"font-weight: 400;\">Die Symptome eines Toxic-Schocks \u00e4hneln denen einer Grippe: Kopfschmerzen, Erbrechen, Durchfall, hohes Fieber, Halsschmerzen, Ausschl\u00e4ge oder Hautausschl\u00e4ge. Der Toxic-Schock-Syndrom kann sogar zur Bewusstlosigkeit f\u00fchren.<\/span><\/p>\n<p><span style=\"font-weight: 400;\">Wenn Sie unter diesen Symptomen leiden und einen Tampon getragen haben, gehen Sie direkt in die Notaufnahme, um eine Diagnose und Antibiotika zu erhalten.<\/span><\/p>\n<p><span style=\"font-weight: 400;\">Auch wenn das Tragen eines Tampons Risiken birgt, sollte es nicht um jeden Preis vermieden werden, es sei denn, Sie hatten bereits zuvor einen Toxic-Schock-Syndrom. Indem Sie die Vorsichtsma\u00dfnahmen befolgen, verringern Sie das Risiko eines Toxic-Schock-Syndrom. Zum Beispiel m\u00fcssen Sie Ihren Tampon (oder Ihre Menstruationstasse) alle 4 bis 6 Stunden wechseln, daher ist es nicht empfehlenswert, diese Art von Schutz nachts zu tragen (tragen Sie stattdessen Binden oder Menstruationsh\u00f6schen). Achten Sie auch darauf, Ihre H\u00e4nde vor und nach jedem Einf\u00fchren oder Entfernen eines Tampons gr\u00fcndlich zu waschen. Schlie\u00dflich solltest du au\u00dferhalb deiner Periode niemals einen Tampon tragen.<\/span><\/p>\n<\/div><\/div><\/div><\/div><\/div><\/p>\n","protected":false},"excerpt":{"rendered":"","protected":false},"author":1,"featured_media":0,"parent":0,"menu_order":0,"comment_status":"closed","ping_status":"closed","template":"100-width.php","meta":{"inline_featured_image":false,"footnotes":""},"class_list":["post-984","page","type-page","status-publish","hentry"],"_links":{"self":[{"href":"https:\/\/iyni-dispenser.com\/de\/wp-json\/wp\/v2\/pages\/984","targetHints":{"allow":["GET"]}}],"collection":[{"href":"https:\/\/iyni-dispenser.com\/de\/wp-json\/wp\/v2\/pages"}],"about":[{"href":"https:\/\/iyni-dispenser.com\/de\/wp-json\/wp\/v2\/types\/page"}],"author":[{"embeddable":true,"href":"https:\/\/iyni-dispenser.com\/de\/wp-json\/wp\/v2\/users\/1"}],"replies":[{"embeddable":true,"href":"https:\/\/iyni-dispenser.com\/de\/wp-json\/wp\/v2\/comments?post=984"}],"version-history":[{"count":4,"href":"https:\/\/iyni-dispenser.com\/de\/wp-json\/wp\/v2\/pages\/984\/revisions"}],"predecessor-version":[{"id":2337,"href":"https:\/\/iyni-dispenser.com\/de\/wp-json\/wp\/v2\/pages\/984\/revisions\/2337"}],"wp:attachment":[{"href":"https:\/\/iyni-dispenser.com\/de\/wp-json\/wp\/v2\/media?parent=984"}],"curies":[{"name":"wp","href":"https:\/\/api.w.org\/{rel}","templated":true}]}}