{"id":974,"date":"2022-07-12T09:35:32","date_gmt":"2022-07-12T07:35:32","guid":{"rendered":"https:\/\/iyni-dispenser.com\/who-we-are\/"},"modified":"2024-11-12T17:40:18","modified_gmt":"2024-11-12T16:40:18","slug":"wer-sind-wir-tampon-bindenspender","status":"publish","type":"page","link":"https:\/\/iyni-dispenser.com\/de\/wer-sind-wir-tampon-bindenspender\/","title":{"rendered":"Wer sind wir"},"content":{"rendered":"<p><div class=\"fusion-fullwidth fullwidth-box fusion-builder-row-1 fusion-flex-container nonhundred-percent-fullwidth non-hundred-percent-height-scrolling\" style=\"--awb-border-radius-top-left:0px;--awb-border-radius-top-right:0px;--awb-border-radius-bottom-right:0px;--awb-border-radius-bottom-left:0px;--awb-padding-top:2em;--awb-padding-bottom:2em;--awb-background-color:#ce0931;--awb-flex-wrap:wrap;\" ><div class=\"fusion-builder-row fusion-row fusion-flex-align-items-center fusion-flex-content-wrap\" style=\"max-width:1289.6px;margin-left: calc(-4% \/ 2 );margin-right: calc(-4% \/ 2 );\"><div class=\"fusion-layout-column fusion_builder_column fusion-builder-column-0 fusion_builder_column_1_4 1_4 fusion-flex-column\" style=\"--awb-bg-size:cover;--awb-width-large:25%;--awb-margin-top-large:0px;--awb-spacing-right-large:7.68%;--awb-margin-bottom-large:20px;--awb-spacing-left-large:7.68%;--awb-width-medium:33.333333333333%;--awb-order-medium:0;--awb-spacing-right-medium:5.76%;--awb-spacing-left-medium:5.76%;--awb-width-small:100%;--awb-order-small:0;--awb-spacing-right-small:1.92%;--awb-spacing-left-small:1.92%;\"><div class=\"fusion-column-wrapper fusion-column-has-shadow fusion-flex-justify-content-flex-start fusion-content-layout-column\"><\/div><\/div><div class=\"fusion-layout-column fusion_builder_column fusion-builder-column-1 fusion_builder_column_1_2 1_2 fusion-flex-column\" style=\"--awb-bg-size:cover;--awb-width-large:50%;--awb-margin-top-large:0px;--awb-spacing-right-large:3.84%;--awb-margin-bottom-large:20px;--awb-spacing-left-large:3.84%;--awb-width-medium:66.666666666667%;--awb-order-medium:0;--awb-spacing-right-medium:2.88%;--awb-spacing-left-medium:2.88%;--awb-width-small:100%;--awb-order-small:0;--awb-spacing-right-small:1.92%;--awb-spacing-left-small:1.92%;\"><div class=\"fusion-column-wrapper fusion-column-has-shadow fusion-flex-justify-content-flex-start fusion-content-layout-column\"><div class=\"fusion-title title fusion-title-1 fusion-sep-none fusion-title-text fusion-title-size-div\" style=\"--awb-text-color:var(--awb-custom_color_1);\"><div class=\"fusion-title-heading title-heading-left title-heading-tag fusion-responsive-typography-calculated\" style=\"margin:0;--fontSize:16;--minFontSize:16;line-height:1.69;\"><h1 style=\"text-align: center;\"><b>Wer sind wir ?<\/b><\/h1>\n<h2 style=\"text-align: center;\">Ihr zuverl\u00e4ssiger Tampon Bindenspender f\u00fcr Komfort und Zug\u00e4nglichkeit<\/h2><\/div><\/div><\/div><\/div><div class=\"fusion-layout-column fusion_builder_column fusion-builder-column-2 fusion_builder_column_1_4 1_4 fusion-flex-column\" style=\"--awb-bg-size:cover;--awb-width-large:25%;--awb-margin-top-large:0px;--awb-spacing-right-large:7.68%;--awb-margin-bottom-large:20px;--awb-spacing-left-large:7.68%;--awb-width-medium:33.333333333333%;--awb-order-medium:0;--awb-spacing-right-medium:5.76%;--awb-spacing-left-medium:5.76%;--awb-width-small:100%;--awb-order-small:0;--awb-spacing-right-small:1.92%;--awb-spacing-left-small:1.92%;\"><div class=\"fusion-column-wrapper fusion-column-has-shadow fusion-flex-justify-content-flex-start fusion-content-layout-column\"><\/div><\/div><\/div><\/div><div class=\"fusion-fullwidth fullwidth-box fusion-builder-row-2 fusion-flex-container fusion-parallax-none nonhundred-percent-fullwidth non-hundred-percent-height-scrolling\" style=\"--awb-border-radius-top-left:0px;--awb-border-radius-top-right:0px;--awb-border-radius-bottom-right:0px;--awb-border-radius-bottom-left:0px;--awb-background-image:url(&quot;https:\/\/iyni-dispenser.com\/wp-content\/uploads\/2022\/07\/background-who-are-we.jpg&quot;);--awb-background-size:cover;--awb-flex-wrap:wrap;\" ><div class=\"fusion-builder-row fusion-row fusion-flex-align-items-center fusion-flex-content-wrap\" style=\"max-width:1289.6px;margin-left: calc(-4% \/ 2 );margin-right: calc(-4% \/ 2 );\"><div class=\"fusion-layout-column fusion_builder_column fusion-builder-column-3 fusion_builder_column_1_2 1_2 fusion-flex-column fusion-flex-align-self-stretch\" style=\"--awb-bg-size:cover;--awb-width-large:50%;--awb-margin-top-large:0px;--awb-spacing-right-large:3.84%;--awb-margin-bottom-large:20px;--awb-spacing-left-large:3.84%;--awb-width-medium:33.333333333333%;--awb-order-medium:0;--awb-spacing-right-medium:5.76%;--awb-spacing-left-medium:5.76%;--awb-width-small:100%;--awb-order-small:0;--awb-spacing-right-small:1.92%;--awb-spacing-left-small:1.92%;\"><div class=\"fusion-column-wrapper fusion-column-has-shadow fusion-flex-justify-content-flex-start fusion-content-layout-column\"><div class=\"fusion-image-element \" style=\"text-align:center;--awb-caption-title-font-family:var(--h2_typography-font-family);--awb-caption-title-font-weight:var(--h2_typography-font-weight);--awb-caption-title-font-style:var(--h2_typography-font-style);--awb-caption-title-size:var(--h2_typography-font-size);--awb-caption-title-transform:var(--h2_typography-text-transform);--awb-caption-title-line-height:var(--h2_typography-line-height);--awb-caption-title-letter-spacing:var(--h2_typography-letter-spacing);\"><span class=\" fusion-imageframe imageframe-none imageframe-1 hover-type-none\"><img decoding=\"async\" width=\"516\" height=\"1069\" title=\"binden-f\u00fcr-alle\" src=\"https:\/\/iyni-dispenser.com\/wp-content\/uploads\/2022\/07\/trombinoscope.jpg\" alt class=\"img-responsive wp-image-690\" srcset=\"https:\/\/iyni-dispenser.com\/wp-content\/uploads\/2022\/07\/trombinoscope-200x414.jpg 200w, https:\/\/iyni-dispenser.com\/wp-content\/uploads\/2022\/07\/trombinoscope-400x829.jpg 400w, https:\/\/iyni-dispenser.com\/wp-content\/uploads\/2022\/07\/trombinoscope.jpg 516w\" sizes=\"(max-width: 640px) 100vw, 516px\" \/><\/span><\/div><\/div><\/div><div class=\"fusion-layout-column fusion_builder_column fusion-builder-column-4 fusion_builder_column_1_2 1_2 fusion-flex-column fusion-flex-align-self-center\" style=\"--awb-padding-top:2em;--awb-padding-bottom:2em;--awb-bg-size:cover;--awb-width-large:50%;--awb-margin-top-large:0px;--awb-spacing-right-large:3.84%;--awb-margin-bottom-large:20px;--awb-spacing-left-large:3.84%;--awb-width-medium:66.666666666667%;--awb-order-medium:0;--awb-spacing-right-medium:2.88%;--awb-spacing-left-medium:2.88%;--awb-width-small:100%;--awb-order-small:0;--awb-spacing-right-small:1.92%;--awb-spacing-left-small:1.92%;\"><div class=\"fusion-column-wrapper fusion-column-has-shadow fusion-flex-justify-content-flex-start fusion-content-layout-column\"><div class=\"fusion-title title fusion-title-2 fusion-sep-none fusion-title-text fusion-title-size-div\"><div class=\"fusion-title-heading title-heading-left title-heading-tag fusion-responsive-typography-calculated\" style=\"margin:0;--fontSize:16;--minFontSize:16;line-height:1.69;\"><h2 style=\"text-align: center;\"><b>Mission<\/b><\/h2><\/div><\/div><div class=\"fusion-text fusion-text-1\"><p style=\"text-align: center;\"><i><span style=\"font-weight: 400;\">Bei IYNI m\u00f6chten wir Binden und Tampons f\u00fcr jedermann kostenlos und an jedem Ort des Tages zug\u00e4nglich machen.<\/span><\/i><\/p>\n<p><span style=\"font-weight: 400;\">Eine Frau hat ihre Periode im Durchschnitt 38 Jahre lang. 38 Jahre, in denen sie Tampons kaufen muss. In den letzten Jahren haben viele L\u00e4nder verstanden, dass Damenbinden und Tampons wie andere Hygieneprodukte Grundbed\u00fcrfnisse sind, und senken schrittweise die Steuern auf Damenbinden und Tampons. In kleinerem Rahmen organisieren St\u00e4dte oder sogar Universit\u00e4ten Verteilungen von Einweg- oder wiederverwendbaren Menstruationsprodukten, um kostenlosen Binden und Tampons anzubieten, aber auch um das Bewusstsein zu sch\u00e4rfen und \u00fcber das Thema aufzukl\u00e4ren. Aber es kommt immer noch sehr oft vor, dass Frauen ohne Monatsbinden sind. Erste Periode, unvorhergesehene Periode, Vergessen des Schutzes, Mangel an Mitteln&#8230; und leider kein Tampon oder Binde dabei, nicht immer gibt es eine schnelle L\u00f6sung, um Abhilfe zu schaffen.<\/span><\/p>\n<p><span style=\"font-weight: 400;\">Wir bei IYNI glauben, dass Binden f\u00fcr alle leicht zug\u00e4nglich sein sollte, weil alle Frauen ihn brauchen. Zwar werden in Betriebs- oder Schultoiletten Toilettenpapier, Seife oder gar Papier zum H\u00e4ndetrocknen angeboten, nicht aber Binden oder Tampons. Die Periode geh\u00f6rt jedoch zum Leben einer Frau und Menstruationsprodukte sollten leicht zug\u00e4nglich sein. Aus diesem Grund haben wir uns entschlossen, <\/span><b>Tamponspender<\/b><span style=\"font-weight: 400;\"> zu gr\u00fcnden, die Binden und Tampons in Unternehmen, Hochschulen, Universit\u00e4ten, aber auch Restaurants und St\u00e4dten kostenlos zur Verf\u00fcgung stellen. Somit k\u00f6nnen Frauen, die sich Damenbinden und Tampons nicht leisten k\u00f6nnen oder keinen periodischen Schutz darauf haben, von Damenbinden oder Tampons kostenlos profitieren. Unsere Mission ist es, an so vielen Orten wie m\u00f6glich einen einfachen Zugang zu dieser Produktkategorie zu erm\u00f6glichen.<\/span><\/p>\n<p style=\"text-align: center;\"><span style=\"color: #ff7676;\"><b>&#8222;If You Need It&#8220;,<\/b> <\/span><\/p>\n<p><span style=\"font-weight: 400;\">wir haben die Produkte, die Sie brauchen. Wir erf\u00fcllen die Bed\u00fcrfnisse aller Frauen. Unsere <\/span><b>Tampon <a href=\"https:\/\/iyni-dispenser.com\/de\/iyni-bindenspender\/\">Bindenspender<\/a><\/b><span style=\"font-weight: 400;\"> erm\u00f6glichen es Ihnen, kostenlosen Binden anzubieten und somit einen besseren Zugang zu diesen Produkten zu gew\u00e4hrleisten, aber auch Frauen zu erm\u00f6glichen, sich w\u00e4hrend ihrer Periode freier zu f\u00fchlen. Indem du ihnen einen <\/span><b>Damenbinden Spender<\/b><span style=\"font-weight: 400;\"> anbietest, zeigst du ihnen, dass du die Periode als einen normalen Lebenszyklus betrachtest und entferne das Tabu das Thema.<\/span><\/p>\n<\/div><\/div><\/div><\/div><\/div><div class=\"fusion-fullwidth fullwidth-box fusion-builder-row-3 fusion-flex-container fusion-parallax-none nonhundred-percent-fullwidth non-hundred-percent-height-scrolling\" style=\"--awb-border-radius-top-left:0px;--awb-border-radius-top-right:0px;--awb-border-radius-bottom-right:0px;--awb-border-radius-bottom-left:0px;--awb-padding-top:4em;--awb-padding-bottom:2em;--awb-background-image:url(&quot;https:\/\/iyni-dispenser.com\/wp-content\/uploads\/2022\/07\/background-who-are-we-2.jpg&quot;);--awb-background-size:cover;--awb-flex-wrap:wrap;\" ><div class=\"fusion-builder-row fusion-row fusion-flex-align-items-flex-start fusion-flex-content-wrap\" style=\"max-width:1289.6px;margin-left: calc(-4% \/ 2 );margin-right: calc(-4% \/ 2 );\"><div class=\"fusion-layout-column fusion_builder_column fusion-builder-column-5 fusion_builder_column_1_2 1_2 fusion-flex-column\" style=\"--awb-bg-size:cover;--awb-width-large:50%;--awb-margin-top-large:0px;--awb-spacing-right-large:3.84%;--awb-margin-bottom-large:20px;--awb-spacing-left-large:3.84%;--awb-width-medium:50%;--awb-order-medium:0;--awb-spacing-right-medium:3.84%;--awb-spacing-left-medium:3.84%;--awb-width-small:100%;--awb-order-small:0;--awb-spacing-right-small:1.92%;--awb-spacing-left-small:1.92%;\"><div class=\"fusion-column-wrapper fusion-column-has-shadow fusion-flex-justify-content-flex-start fusion-content-layout-column\"><div class=\"fusion-title title fusion-title-3 fusion-sep-none fusion-title-text fusion-title-size-div\"><div class=\"fusion-title-heading title-heading-left title-heading-tag fusion-responsive-typography-calculated\" style=\"margin:0;--fontSize:16;--minFontSize:16;line-height:1.69;\"><h2 style=\"text-align: center;\"><b>Erstellung<\/b><\/h2><\/div><\/div><div class=\"fusion-text fusion-text-2\"><p><span style=\"font-weight: 400;\">IYNI bietet Ihnen in unseren Werkst\u00e4tten in der Schweiz hergestellte <\/span><b>Tamponspender<\/b><span style=\"font-weight: 400;\"> mit hochwertigen Materialien, um ihre Langlebigkeit zu garantieren. Tats\u00e4chlich sind unsere <\/span><b>Bindenspender<\/b><span style=\"font-weight: 400;\"> aus Edelstahl gefertigt, was ihnen Widerstandsf\u00e4higkeit und Design garantiert. Sie sind so konzipiert, dass sie sich n\u00fcchtern in Ihre B\u00fcros oder Sanit\u00e4ranlagen einf\u00fcgen, mit ihren Farben Wei\u00df und Edelstahl f\u00fcgen sie sich gut in die Landschaft ein.<\/span><\/p>\n<p><span style=\"font-weight: 400;\">Au\u00dferdem bieten wir Ihnen keine einfachen Boxen, in denen Sie Binden und Tampons deponieren k\u00f6nnen, sondern viele Verteiler, die so durchdacht sind, dass sie eine vereinfachte Verwendung bieten. Unsere <\/span><b>Tampon Bindenspender<\/b><span style=\"font-weight: 400;\"> mit patentiertem Design wurden so konzipiert, dass das Einf\u00fcllen der Hygienecreme einfach erfolgt, aber auch, dass die Binden und Tampons nicht von anderen gehandhabt und wieder in den Spender gelegt werden k\u00f6nnen (au\u00dfer der Person, die sich um die Bef\u00fcllung k\u00fcmmert der regelm\u00e4\u00dfigen Binden), um Hygiene und Sicherheit zu gew\u00e4hrleisten. Au\u00dferdem liegen die Binden nicht nur lose im Spender, sondern ordentlich verstaut, sodass sie nicht im <\/span><b>Bindenspende<\/b><span style=\"font-weight: 400;\">r h\u00e4ngen bleiben und dieser unbrauchbar wird.<\/span><\/p>\n<\/div><\/div><\/div><div class=\"fusion-layout-column fusion_builder_column fusion-builder-column-6 fusion_builder_column_1_2 1_2 fusion-flex-column\" style=\"--awb-bg-size:cover;--awb-width-large:50%;--awb-margin-top-large:0px;--awb-spacing-right-large:3.84%;--awb-margin-bottom-large:20px;--awb-spacing-left-large:3.84%;--awb-width-medium:50%;--awb-order-medium:0;--awb-spacing-right-medium:3.84%;--awb-spacing-left-medium:3.84%;--awb-width-small:100%;--awb-order-small:0;--awb-spacing-right-small:1.92%;--awb-spacing-left-small:1.92%;\"><div class=\"fusion-column-wrapper fusion-column-has-shadow fusion-flex-justify-content-flex-start fusion-content-layout-column\"><div class=\"fusion-image-element \" style=\"--awb-caption-title-font-family:var(--h2_typography-font-family);--awb-caption-title-font-weight:var(--h2_typography-font-weight);--awb-caption-title-font-style:var(--h2_typography-font-style);--awb-caption-title-size:var(--h2_typography-font-size);--awb-caption-title-transform:var(--h2_typography-text-transform);--awb-caption-title-line-height:var(--h2_typography-line-height);--awb-caption-title-letter-spacing:var(--h2_typography-letter-spacing);\"><span class=\" fusion-imageframe imageframe-none imageframe-2 hover-type-none\"><img decoding=\"async\" width=\"1262\" height=\"947\" title=\"erstellung-bindenspender\" src=\"https:\/\/iyni-dispenser.com\/wp-content\/uploads\/2022\/07\/atelier-1.jpg\" alt class=\"img-responsive wp-image-1463\" srcset=\"https:\/\/iyni-dispenser.com\/wp-content\/uploads\/2022\/07\/atelier-1-200x150.jpg 200w, https:\/\/iyni-dispenser.com\/wp-content\/uploads\/2022\/07\/atelier-1-400x300.jpg 400w, https:\/\/iyni-dispenser.com\/wp-content\/uploads\/2022\/07\/atelier-1-600x450.jpg 600w, https:\/\/iyni-dispenser.com\/wp-content\/uploads\/2022\/07\/atelier-1-800x600.jpg 800w, https:\/\/iyni-dispenser.com\/wp-content\/uploads\/2022\/07\/atelier-1-1200x900.jpg 1200w, https:\/\/iyni-dispenser.com\/wp-content\/uploads\/2022\/07\/atelier-1.jpg 1262w\" sizes=\"(max-width: 640px) 100vw, 600px\" \/><\/span><\/div><\/div><\/div><\/div><\/div><div class=\"fusion-fullwidth fullwidth-box fusion-builder-row-4 fusion-flex-container nonhundred-percent-fullwidth non-hundred-percent-height-scrolling\" style=\"--awb-border-radius-top-left:0px;--awb-border-radius-top-right:0px;--awb-border-radius-bottom-right:0px;--awb-border-radius-bottom-left:0px;--awb-padding-top:4em;--awb-padding-bottom:2em;--awb-flex-wrap:wrap;\" ><div class=\"fusion-builder-row fusion-row fusion-flex-align-items-flex-start fusion-flex-content-wrap\" style=\"max-width:1289.6px;margin-left: calc(-4% \/ 2 );margin-right: calc(-4% \/ 2 );\"><div class=\"fusion-layout-column fusion_builder_column fusion-builder-column-7 fusion_builder_column_1_3 1_3 fusion-flex-column\" style=\"--awb-bg-size:cover;--awb-width-large:33.333333333333%;--awb-margin-top-large:0px;--awb-spacing-right-large:5.76%;--awb-margin-bottom-large:20px;--awb-spacing-left-large:5.76%;--awb-width-medium:33.333333333333%;--awb-order-medium:0;--awb-spacing-right-medium:5.76%;--awb-spacing-left-medium:5.76%;--awb-width-small:100%;--awb-order-small:0;--awb-spacing-right-small:1.92%;--awb-spacing-left-small:1.92%;\"><div class=\"fusion-column-wrapper fusion-column-has-shadow fusion-flex-justify-content-flex-start fusion-content-layout-column\"><div class=\"fusion-image-element \" style=\"--awb-aspect-ratio:1 \/ 1;--awb-caption-title-font-family:var(--h2_typography-font-family);--awb-caption-title-font-weight:var(--h2_typography-font-weight);--awb-caption-title-font-style:var(--h2_typography-font-style);--awb-caption-title-size:var(--h2_typography-font-size);--awb-caption-title-transform:var(--h2_typography-text-transform);--awb-caption-title-line-height:var(--h2_typography-line-height);--awb-caption-title-letter-spacing:var(--h2_typography-letter-spacing);\"><span class=\" fusion-imageframe imageframe-none imageframe-3 hover-type-none has-aspect-ratio\"><img decoding=\"async\" width=\"943\" height=\"941\" title=\"erstellung-tamponspender\" src=\"https:\/\/iyni-dispenser.com\/wp-content\/uploads\/2022\/07\/atelier-3.jpg\" class=\"img-responsive wp-image-1467 img-with-aspect-ratio\" data-parent-fit=\"cover\" data-parent-container=\".fusion-image-element\" alt srcset=\"https:\/\/iyni-dispenser.com\/wp-content\/uploads\/2022\/07\/atelier-3-200x200.jpg 200w, https:\/\/iyni-dispenser.com\/wp-content\/uploads\/2022\/07\/atelier-3-400x399.jpg 400w, https:\/\/iyni-dispenser.com\/wp-content\/uploads\/2022\/07\/atelier-3-600x599.jpg 600w, https:\/\/iyni-dispenser.com\/wp-content\/uploads\/2022\/07\/atelier-3-800x798.jpg 800w, https:\/\/iyni-dispenser.com\/wp-content\/uploads\/2022\/07\/atelier-3.jpg 943w\" sizes=\"(max-width: 640px) 100vw, 400px\" \/><\/span><\/div><\/div><\/div><div class=\"fusion-layout-column fusion_builder_column fusion-builder-column-8 fusion_builder_column_1_3 1_3 fusion-flex-column\" style=\"--awb-bg-size:cover;--awb-width-large:33.333333333333%;--awb-margin-top-large:0px;--awb-spacing-right-large:5.76%;--awb-margin-bottom-large:20px;--awb-spacing-left-large:5.76%;--awb-width-medium:33.333333333333%;--awb-order-medium:0;--awb-spacing-right-medium:5.76%;--awb-spacing-left-medium:5.76%;--awb-width-small:100%;--awb-order-small:0;--awb-spacing-right-small:1.92%;--awb-spacing-left-small:1.92%;\"><div class=\"fusion-column-wrapper fusion-column-has-shadow fusion-flex-justify-content-flex-start fusion-content-layout-column\"><div class=\"fusion-image-element \" style=\"--awb-aspect-ratio:1 \/ 1;--awb-caption-title-font-family:var(--h2_typography-font-family);--awb-caption-title-font-weight:var(--h2_typography-font-weight);--awb-caption-title-font-style:var(--h2_typography-font-style);--awb-caption-title-size:var(--h2_typography-font-size);--awb-caption-title-transform:var(--h2_typography-text-transform);--awb-caption-title-line-height:var(--h2_typography-line-height);--awb-caption-title-letter-spacing:var(--h2_typography-letter-spacing);\"><span class=\" fusion-imageframe imageframe-none imageframe-4 hover-type-none has-aspect-ratio\"><img decoding=\"async\" width=\"1258\" height=\"944\" alt=\"Convenient sanitary product dispenser\" title=\"erstellung-tampon-damenbindenspender\" src=\"https:\/\/iyni-dispenser.com\/wp-content\/uploads\/2022\/07\/atelier-2.jpg\" class=\"img-responsive wp-image-1471 img-with-aspect-ratio\" data-parent-fit=\"cover\" data-parent-container=\".fusion-image-element\" srcset=\"https:\/\/iyni-dispenser.com\/wp-content\/uploads\/2022\/07\/atelier-2-200x150.jpg 200w, https:\/\/iyni-dispenser.com\/wp-content\/uploads\/2022\/07\/atelier-2-400x300.jpg 400w, https:\/\/iyni-dispenser.com\/wp-content\/uploads\/2022\/07\/atelier-2-600x450.jpg 600w, https:\/\/iyni-dispenser.com\/wp-content\/uploads\/2022\/07\/atelier-2-800x600.jpg 800w, https:\/\/iyni-dispenser.com\/wp-content\/uploads\/2022\/07\/atelier-2-1200x900.jpg 1200w, https:\/\/iyni-dispenser.com\/wp-content\/uploads\/2022\/07\/atelier-2.jpg 1258w\" sizes=\"(max-width: 640px) 100vw, 400px\" \/><\/span><\/div><\/div><\/div><div class=\"fusion-layout-column fusion_builder_column fusion-builder-column-9 fusion_builder_column_1_3 1_3 fusion-flex-column\" style=\"--awb-bg-size:cover;--awb-width-large:33.333333333333%;--awb-margin-top-large:0px;--awb-spacing-right-large:5.76%;--awb-margin-bottom-large:20px;--awb-spacing-left-large:5.76%;--awb-width-medium:33.333333333333%;--awb-order-medium:0;--awb-spacing-right-medium:5.76%;--awb-spacing-left-medium:5.76%;--awb-width-small:100%;--awb-order-small:0;--awb-spacing-right-small:1.92%;--awb-spacing-left-small:1.92%;\"><div class=\"fusion-column-wrapper fusion-column-has-shadow fusion-flex-justify-content-flex-start fusion-content-layout-column\"><div class=\"fusion-image-element \" style=\"--awb-aspect-ratio:1 \/ 1;--awb-caption-title-font-family:var(--h2_typography-font-family);--awb-caption-title-font-weight:var(--h2_typography-font-weight);--awb-caption-title-font-style:var(--h2_typography-font-style);--awb-caption-title-size:var(--h2_typography-font-size);--awb-caption-title-transform:var(--h2_typography-text-transform);--awb-caption-title-line-height:var(--h2_typography-line-height);--awb-caption-title-letter-spacing:var(--h2_typography-letter-spacing);\"><span class=\" fusion-imageframe imageframe-none imageframe-5 hover-type-none has-aspect-ratio\"><img decoding=\"async\" width=\"705\" height=\"936\" title=\"erstellung-bindenspender\" src=\"https:\/\/iyni-dispenser.com\/wp-content\/uploads\/2022\/07\/atelier-4.jpg\" class=\"img-responsive wp-image-1475 img-with-aspect-ratio\" data-parent-fit=\"cover\" data-parent-container=\".fusion-image-element\" alt srcset=\"https:\/\/iyni-dispenser.com\/wp-content\/uploads\/2022\/07\/atelier-4-200x266.jpg 200w, https:\/\/iyni-dispenser.com\/wp-content\/uploads\/2022\/07\/atelier-4-400x531.jpg 400w, https:\/\/iyni-dispenser.com\/wp-content\/uploads\/2022\/07\/atelier-4-600x797.jpg 600w, https:\/\/iyni-dispenser.com\/wp-content\/uploads\/2022\/07\/atelier-4.jpg 705w\" sizes=\"(max-width: 640px) 100vw, 400px\" \/><\/span><\/div><\/div><\/div><\/div><\/div><div class=\"fusion-fullwidth fullwidth-box fusion-builder-row-5 fusion-flex-container nonhundred-percent-fullwidth non-hundred-percent-height-scrolling\" style=\"--awb-border-radius-top-left:0px;--awb-border-radius-top-right:0px;--awb-border-radius-bottom-right:0px;--awb-border-radius-bottom-left:0px;--awb-padding-top:50px;--awb-padding-bottom:50px;--awb-flex-wrap:wrap;\" ><div class=\"fusion-builder-row fusion-row fusion-flex-align-items-flex-start fusion-flex-content-wrap\" style=\"max-width:1289.6px;margin-left: calc(-4% \/ 2 );margin-right: calc(-4% \/ 2 );\"><div class=\"fusion-layout-column fusion_builder_column fusion-builder-column-10 fusion_builder_column_1_1 1_1 fusion-flex-column\" style=\"--awb-bg-size:cover;--awb-width-large:100%;--awb-margin-top-large:0px;--awb-spacing-right-large:1.92%;--awb-margin-bottom-large:20px;--awb-spacing-left-large:1.92%;--awb-width-medium:100%;--awb-order-medium:0;--awb-spacing-right-medium:1.92%;--awb-spacing-left-medium:1.92%;--awb-width-small:100%;--awb-order-small:0;--awb-spacing-right-small:1.92%;--awb-spacing-left-small:1.92%;\"><div class=\"fusion-column-wrapper fusion-column-has-shadow fusion-flex-justify-content-flex-start fusion-content-layout-column\"><div class=\"fusion-text fusion-text-3\"><div class=\"fusion-column-wrapper fusion-flex-justify-content-flex-start fusion-content-layout-column\">\n<div class=\"fusion-text fusion-text-27\">\n<div class=\"fusion-column-wrapper fusion-flex-justify-content-flex-start fusion-content-layout-column\">\n<div class=\"fusion-text fusion-text-27\"><strong>F\u00fcr mehr wertvolle Informationen zur Menstruationsgesundheit<\/strong> in Deutschland und um mehr \u00fcber die Bedeutung von Hygieneprodukten wie unseren Dispensern zu erfahren, finden Sie ausf\u00fchrliche Informationen auf <a href=\"https:\/\/www.kkh.de\/\" target=\"_blank\" rel=\"noopener\">KKH.de<\/a>. Dort erhalten Sie wichtige Einblicke und praktische Tipps f\u00fcr Ihre Gesundheit und Wohlbefinden.<\/div>\n<\/div>\n<\/div>\n<\/div>\n<\/div><\/div><\/div><\/div><\/div><\/p>\n","protected":false},"excerpt":{"rendered":"","protected":false},"author":1,"featured_media":0,"parent":0,"menu_order":0,"comment_status":"closed","ping_status":"closed","template":"100-width.php","meta":{"inline_featured_image":false,"footnotes":""},"class_list":["post-974","page","type-page","status-publish","hentry"],"_links":{"self":[{"href":"https:\/\/iyni-dispenser.com\/de\/wp-json\/wp\/v2\/pages\/974","targetHints":{"allow":["GET"]}}],"collection":[{"href":"https:\/\/iyni-dispenser.com\/de\/wp-json\/wp\/v2\/pages"}],"about":[{"href":"https:\/\/iyni-dispenser.com\/de\/wp-json\/wp\/v2\/types\/page"}],"author":[{"embeddable":true,"href":"https:\/\/iyni-dispenser.com\/de\/wp-json\/wp\/v2\/users\/1"}],"replies":[{"embeddable":true,"href":"https:\/\/iyni-dispenser.com\/de\/wp-json\/wp\/v2\/comments?post=974"}],"version-history":[{"count":12,"href":"https:\/\/iyni-dispenser.com\/de\/wp-json\/wp\/v2\/pages\/974\/revisions"}],"predecessor-version":[{"id":5777,"href":"https:\/\/iyni-dispenser.com\/de\/wp-json\/wp\/v2\/pages\/974\/revisions\/5777"}],"wp:attachment":[{"href":"https:\/\/iyni-dispenser.com\/de\/wp-json\/wp\/v2\/media?parent=974"}],"curies":[{"name":"wp","href":"https:\/\/api.w.org\/{rel}","templated":true}]}}