{"id":1085,"date":"2022-06-30T13:32:42","date_gmt":"2022-06-30T11:32:42","guid":{"rendered":"https:\/\/iyni-dispenser.com\/shop\/"},"modified":"2025-06-12T11:39:36","modified_gmt":"2025-06-12T09:39:36","slug":"shop-tampon-und-bindenspender","status":"publish","type":"page","link":"https:\/\/iyni-dispenser.com\/de\/shop-tampon-und-bindenspender\/","title":{"rendered":"Shop"},"content":{"rendered":"<div class=\"fusion-fullwidth fullwidth-box fusion-builder-row-1 fusion-flex-container nonhundred-percent-fullwidth non-hundred-percent-height-scrolling\" style=\"--awb-border-radius-top-left:0px;--awb-border-radius-top-right:0px;--awb-border-radius-bottom-right:0px;--awb-border-radius-bottom-left:0px;--awb-flex-wrap:wrap;\" ><div class=\"fusion-builder-row fusion-row fusion-flex-align-items-flex-start fusion-flex-content-wrap\" style=\"max-width:1289.6px;margin-left: calc(-4% \/ 2 );margin-right: calc(-4% \/ 2 );\"><div class=\"fusion-layout-column fusion_builder_column fusion-builder-column-0 fusion_builder_column_1_1 1_1 fusion-flex-column\" style=\"--awb-bg-size:cover;--awb-width-large:100%;--awb-margin-top-large:0px;--awb-spacing-right-large:1.92%;--awb-margin-bottom-large:20px;--awb-spacing-left-large:1.92%;--awb-width-medium:100%;--awb-order-medium:0;--awb-spacing-right-medium:1.92%;--awb-spacing-left-medium:1.92%;--awb-width-small:100%;--awb-order-small:0;--awb-spacing-right-small:1.92%;--awb-spacing-left-small:1.92%;\"><div class=\"fusion-column-wrapper fusion-column-has-shadow fusion-flex-justify-content-flex-start fusion-content-layout-column\"><div class=\"fusion-text fusion-text-1\"><style type=\"text\/css\" id=\"wpfCustomCss-1_706683\">#wpfMainWrapper-1_706683{position:relative;width:100%;}#wpfMainWrapper-1_706683 .wpfFilterWrapper {visibility:hidden;width:100%;}#wpfBlock_1 .wpfFilterVerScroll {max-height:200px;}#wpfMainWrapper-1_706683 .wpfLoaderLayout {position:absolute;top:0;bottom:0;left:0;right:0;background-color: rgba(255, 255, 255, 0.9);z-index: 999;}#wpfMainWrapper-1_706683 .wpfLoaderLayout i {position:absolute;z-index:9;top:50%;left:50%;margin-top:-30px;margin-left:-30px;color:rgba(0,0,0,.9);}<\/style><div class=\"wpfMainWrapper\" id=\"wpfMainWrapper-1_706683\" data-viewid=\"1_706683\" data-filter=\"1\" data-settings=\"{&quot;posts_per_page&quot;:&quot;12&quot;,&quot;posts_per_row&quot;:&quot;&quot;,&quot;paged&quot;:1,&quot;base&quot;:&quot;\\\/de\\\/wp-json\\\/wp\\\/v2\\\/pages\\\/1085?product-page=%#%&quot;,&quot;format &quot;:&quot;?product-page=%#%&quot;,&quot;page_id&quot;:1085,&quot;paginate_base&quot;:&quot;page&quot;,&quot;paginate_type&quot;:&quot;url&quot;}\" data-default-query=\"\" data-filter-settings=\"{&quot;settings&quot;:{&quot;display_on_page&quot;:&quot;both&quot;,&quot;display_on_page_shortcode&quot;:&quot;0&quot;,&quot;display_for&quot;:&quot;both&quot;,&quot;force_show_current&quot;:&quot;0&quot;,&quot;desctop_mobile_breakpoint_switcher&quot;:&quot;0&quot;,&quot;desctop_mobile_breakpoint_width&quot;:&quot;&quot;,&quot;hide_without_products&quot;:&quot;0&quot;,&quot;count_product_shop&quot;:&quot;&quot;,&quot;columns_product_shop&quot;:&quot;&quot;,&quot;enable_ajax&quot;:&quot;1&quot;,&quot;remove_actions&quot;:&quot;0&quot;,&quot;display_status_private&quot;:&quot;0&quot;,&quot;product_list_selector&quot;:&quot;&quot;,&quot;product_container_selector&quot;:&quot;&quot;,&quot;force_theme_templates&quot;:&quot;0&quot;,&quot;recalculate_filters&quot;:&quot;0&quot;,&quot;no_redirect_by_no_products&quot;:&quot;0&quot;,&quot;do_not_use_shortcut&quot;:&quot;0&quot;,&quot;show_filtering_button&quot;:&quot;1&quot;,&quot;filtering_button_word&quot;:&quot;Filter&quot;,&quot;auto_update_filter&quot;:&quot;0&quot;,&quot;show_clean_button&quot;:&quot;0&quot;,&quot;show_clean_button_word&quot;:&quot;Clear&quot;,&quot;reset_all_filters&quot;:&quot;0&quot;,&quot;main_buttons_position&quot;:&quot;bottom&quot;,&quot;main_buttons_order&quot;:&quot;left&quot;,&quot;all_products_filtering&quot;:&quot;0&quot;,&quot;form_filter_by_all_products&quot;:&quot;0&quot;,&quot;show_clean_block&quot;:&quot;0&quot;,&quot;show_clean_block_word&quot;:&quot;Clear&quot;,&quot;filter_recount&quot;:&quot;0&quot;,&quot;filter_recount_price&quot;:&quot;0&quot;,&quot;filter_null_disabled&quot;:&quot;0&quot;,&quot;sort_by_title&quot;:&quot;0&quot;,&quot;checked_items_top&quot;:&quot;0&quot;,&quot;checked_items_bold&quot;:&quot;0&quot;,&quot;text_no_products&quot;:&quot;No products found&quot;,&quot;filtering_by_variations&quot;:&quot;1&quot;,&quot;form_filter_by_variations&quot;:&quot;0&quot;,&quot;exclude_backorder_variations&quot;:&quot;0&quot;,&quot;hide_filter_icon&quot;:&quot;1&quot;,&quot;use_title_as_slug&quot;:&quot;0&quot;,&quot;use_category_filtration&quot;:&quot;1&quot;,&quot;display_only_children_category&quot;:&quot;0&quot;,&quot;check_get_names&quot;:&quot;0&quot;,&quot;f_multi_logic&quot;:&quot;and&quot;,&quot;third_party_prefilter&quot;:&quot;0&quot;,&quot;filter_loader_icon_onload_enable&quot;:&quot;1&quot;,&quot;filter_loader_icon_color&quot;:&quot;#000000&quot;,&quot;filter_loader_icon_name&quot;:&quot;default&quot;,&quot;filter_loader_icon_number&quot;:&quot;0&quot;,&quot;enable_overlay&quot;:&quot;0&quot;,&quot;overlay_background&quot;:&quot;&quot;,&quot;enable_overlay_icon&quot;:&quot;0&quot;,&quot;enable_overlay_word&quot;:&quot;0&quot;,&quot;overlay_word&quot;:&quot;WooBeWoo&quot;,&quot;filter_width&quot;:&quot;100&quot;,&quot;filter_width_in&quot;:&quot;%&quot;,&quot;filter_width_mobile&quot;:&quot;100&quot;,&quot;filter_width_in_mobile&quot;:&quot;%&quot;,&quot;filter_block_width&quot;:&quot;100&quot;,&quot;filter_block_width_in&quot;:&quot;%&quot;,&quot;filter_block_width_mobile&quot;:&quot;100&quot;,&quot;filter_block_width_in_mobile&quot;:&quot;%&quot;,&quot;filter_block_height&quot;:&quot;&quot;,&quot;padding_child_list&quot;:&quot;&quot;,&quot;css_editor&quot;:&quot;&quot;,&quot;js_editor&quot;:&quot;&quot;,&quot;disable_fontawesome_loading&quot;:&quot;0&quot;,&quot;disable_plugin_styles&quot;:&quot;0&quot;,&quot;filters&quot;:{&quot;order&quot;:&quot;[{\\&quot;id\\&quot;:\\&quot;wpfCategory\\&quot;,\\&quot;uniqId\\&quot;:\\&quot;wpf_65b11dc332d68\\&quot;,\\&quot;name\\&quot;:\\&quot;wpf_filter_cat\\&quot;,\\&quot;settings\\&quot;:{\\&quot;f_enable\\&quot;:true,\\&quot;f_title\\&quot;:\\&quot;Product categories\\&quot;,\\&quot;f_name\\&quot;:\\&quot;Product categories\\&quot;,\\&quot;f_enable_title\\&quot;:\\&quot;no\\&quot;,\\&quot;f_enable_title_mobile\\&quot;:\\&quot;no\\&quot;,\\&quot;f_frontend_type\\&quot;:\\&quot;list\\&quot;,\\&quot;f_show_hierarchical\\&quot;:false,\\&quot;f_hide_parent\\&quot;:false,\\&quot;f_multi_logic_hierarchical\\&quot;:\\&quot;any\\&quot;,\\&quot;f_extend_parent_filtering\\&quot;:true,\\&quot;f_custom_tags\\&quot;:false,\\&quot;f_custom_tags_settings[header]\\&quot;:\\&quot;0\\&quot;,\\&quot;f_custom_tags_settings[title_1]\\&quot;:\\&quot;0\\&quot;,\\&quot;f_custom_tags_settings[title_2]\\&quot;:\\&quot;0\\&quot;,\\&quot;f_custom_tags_settings[title_3]\\&quot;:\\&quot;0\\&quot;,\\&quot;f_sort_by\\&quot;:\\&quot;asc\\&quot;,\\&quot;f_order_custom\\&quot;:false,\\&quot;f_show_count\\&quot;:false,\\&quot;f_show_count_parent_with_children\\&quot;:false,\\&quot;f_hide_empty\\&quot;:false,\\&quot;f_hide_empty_active\\&quot;:false,\\&quot;f_mlist[]\\&quot;:\\&quot;\\&quot;,\\&quot;f_mlist_with_children\\&quot;:false,\\&quot;f_hidden_categories\\&quot;:false,\\&quot;f_filtered_by_selected\\&quot;:false,\\&quot;f_show_search_input\\&quot;:false,\\&quot;f_unfolding_by_search\\&quot;:false,\\&quot;f_hide_taxonomy\\&quot;:false,\\&quot;f_show_all_categories\\&quot;:false,\\&quot;f_layout\\&quot;:\\&quot;ver\\&quot;,\\&quot;f_ver_columns\\&quot;:\\&quot;1\\&quot;,\\&quot;f_max_height\\&quot;:\\&quot;200\\&quot;}}]&quot;,&quot;preselect&quot;:&quot;&quot;}}}\" data-nowoo=\"true\"><div class=\"wpfFilterWrapper wpfNotActive\" id=\"wpfBlock_1\" data-order-key=\"0\"  data-filter-type=\"wpfCategory\" data-get-attribute=\"wpf_filter_cat_0\" data-display-type=\"list\" data-content-type=\"taxonomy\" data-slug=\"Kategorie\" data-uniq-id=\"wpf_65b11dc332d68\" data-radio=\"1\" data-query-logic=\"or\" data-logic-hierarchical=\"any\" data-query-children=\"1\" data-show-hierarchical=\"false\" data-taxonomy=\"product_cat\" data-hide-active=\"0\" data-show-all=\"0\" data-use-slugs=\"0\"><div class=\"wpfFilterContent\"><div class=\"wpfCheckboxHier\"><ul class=\"wpfFilterVerScroll\"><li data-term-id=\"63\" data-parent=\"0\" data-term-slug=\"dispensers-de\"><label class=\"wpfLiLabel\"><span class=\"wpfCheckbox\"><input type=\"checkbox\" id=\"wpfTaxonomyInputCheckbox631404\" ><label aria-label=\"dispensers\" for=\"wpfTaxonomyInputCheckbox631404\"><\/label><\/span><span class=\"wpfDisplay\"><span class=\"wpfValue\"><span class=\"wpfFilterTaxNameWrapper\">dispensers<\/span><\/span><\/span><\/label><\/li><li data-term-id=\"55\" data-parent=\"0\" data-term-slug=\"pads-de\"><label class=\"wpfLiLabel\"><span class=\"wpfCheckbox\"><input type=\"checkbox\" id=\"wpfTaxonomyInputCheckbox5573235\" ><label aria-label=\"pads\" for=\"wpfTaxonomyInputCheckbox5573235\"><\/label><\/span><span class=\"wpfDisplay\"><span class=\"wpfValue\"><span class=\"wpfFilterTaxNameWrapper\">pads<\/span><\/span><\/span><\/label><\/li><li data-term-id=\"60\" data-parent=\"0\" data-term-slug=\"tampons-de\"><label class=\"wpfLiLabel\"><span class=\"wpfCheckbox\"><input type=\"checkbox\" id=\"wpfTaxonomyInputCheckbox6028892\" ><label aria-label=\"tampons\" for=\"wpfTaxonomyInputCheckbox6028892\"><\/label><\/span><span class=\"wpfDisplay\"><span class=\"wpfValue\"><span class=\"wpfFilterTaxNameWrapper\">tampons<\/span><\/span><\/span><\/label><\/li><\/ul><\/div><\/div><\/div><div class=\"wpfFilterButtons wpfFilterButtonsBottom\"><button class=\"wpfFilterButton wpfButton\">Filter<\/button><\/div><div class=\"wpfLoaderLayout\"><i class=\"fa fa-spinner fa-pulse fa-3x fa-fw\"><\/i><\/div><div class=\"wpfPreview wpfPreviewLoader wpfHidden\"><div class=\"woobewoo-filter-loader spinner\" ><\/div><\/div><\/div>\n<\/div><div class=\"fusion-text fusion-text-2\"><h2>Willkommen in unserem Shop f\u00fcr Tampon- und Bindenspender<\/h2>\n<p>Entdecken Sie bei IYNI eine Vielzahl von Tampon- und Bindenspendern, die den Zugang zu Menstruationsprodukten in verschiedenen \u00f6ffentlichen Einrichtungen wie Schulen, Unternehmen und Gesundheitszentren erleichtern. Unsere Spender bieten eine einfache, hygienische L\u00f6sung und sorgen daf\u00fcr, dass Menstruationsprodukte jederzeit zug\u00e4nglich sind. Mit umweltfreundlichen Optionen und nachhaltigen Materialien bieten wir Produkte, die sowohl praktisch als auch ressourcenschonend sind.<\/p>\n<\/div><\/div><\/div><\/div><\/div>\n","protected":false},"excerpt":{"rendered":"","protected":false},"author":1,"featured_media":0,"parent":0,"menu_order":0,"comment_status":"closed","ping_status":"closed","template":"","meta":{"inline_featured_image":false,"footnotes":""},"class_list":["post-1085","page","type-page","status-publish","hentry"],"_links":{"self":[{"href":"https:\/\/iyni-dispenser.com\/de\/wp-json\/wp\/v2\/pages\/1085","targetHints":{"allow":["GET"]}}],"collection":[{"href":"https:\/\/iyni-dispenser.com\/de\/wp-json\/wp\/v2\/pages"}],"about":[{"href":"https:\/\/iyni-dispenser.com\/de\/wp-json\/wp\/v2\/types\/page"}],"author":[{"embeddable":true,"href":"https:\/\/iyni-dispenser.com\/de\/wp-json\/wp\/v2\/users\/1"}],"replies":[{"embeddable":true,"href":"https:\/\/iyni-dispenser.com\/de\/wp-json\/wp\/v2\/comments?post=1085"}],"version-history":[{"count":3,"href":"https:\/\/iyni-dispenser.com\/de\/wp-json\/wp\/v2\/pages\/1085\/revisions"}],"predecessor-version":[{"id":5680,"href":"https:\/\/iyni-dispenser.com\/de\/wp-json\/wp\/v2\/pages\/1085\/revisions\/5680"}],"wp:attachment":[{"href":"https:\/\/iyni-dispenser.com\/de\/wp-json\/wp\/v2\/media?parent=1085"}],"curies":[{"name":"wp","href":"https:\/\/api.w.org\/{rel}","templated":true}]}}